{"id":25110,"date":"2024-11-06T12:28:54","date_gmt":"2024-11-06T11:28:54","guid":{"rendered":"https:\/\/elvacenter.com\/subscribe-newsletter\/"},"modified":"2024-11-13T19:09:36","modified_gmt":"2024-11-13T18:09:36","slug":"abonner-bulletin","status":"publish","type":"page","link":"https:\/\/elvacenter.com\/fr\/abonner-bulletin\/","title":{"rendered":"S&#8217;abonner \u00e0 la bulletin"},"content":{"rendered":"<div class=\"wpb-content-wrapper\"><p>[vc_row full_width=&#8221;stretch_row&#8221; el_class=&#8221;headerrijhome&#8221;][vc_column][vc_empty_space height=&#8221;100px&#8221;][vc_row_inner el_class=&#8221;blokheaderdonker&#8221;][vc_column_inner width=&#8221;1\/6&#8243;][\/vc_column_inner][vc_column_inner width=&#8221;2\/3&#8243; offset=&#8221;vc_col-sm-offset-0&#8243;][vc_column_text css_animation=&#8221;fadeInUp&#8221; css=&#8221;&#8221;]<\/p>\n<h1 style=\"text-align: center;\">Bulletin<\/h1>\n<h2 style=\"text-align: center;\">ABONNEZ-VOUS ET RESTEZ INFORM\u00c9<\/h2>\n<p style=\"text-align: center;\">Abonnez-vous \u00e0 notre newsletter et restez inform\u00e9 de toutes les nouveaut\u00e9s Elvacenter (produits).<\/p>\n<p>[\/vc_column_text][vc_empty_space height=&#8221;20px&#8221;][\/vc_column_inner][vc_column_inner width=&#8221;1\/6&#8243;][\/vc_column_inner][\/vc_row_inner][vc_row_inner][vc_column_inner width=&#8221;1\/6&#8243; offset=&#8221;vc_hidden-xs&#8221;][\/vc_column_inner][vc_column_inner el_class=&#8221;nieuwbriefblok&#8221; width=&#8221;2\/3&#8243;][vc_raw_html css=&#8221;&#8221;]JTNDZGl2JTIwaWQlM0QlMjJtY19lbWJlZF9zaGVsbCUyMiUzRSUwQSUyMCUyMCUyMCUyMCUyMCUyMCUzQ2xpbmslMjBocmVmJTNEJTIyJTJGJTJGY2RuLWltYWdlcy5tYWlsY2hpbXAuY29tJTJGZW1iZWRjb2RlJTJGY2xhc3NpYy0wNjE1MjMuY3NzJTIyJTIwcmVsJTNEJTIyc3R5bGVzaGVldCUyMiUyMHR5cGUlM0QlMjJ0ZXh0JTJGY3NzJTIyJTNFJTBBJTIwJTIwJTNDc3R5bGUlMjB0eXBlJTNEJTIydGV4dCUyRmNzcyUyMiUzRSUwQSUyMCUyMCUyMCUyMCUyMCUyMCUyMCUyMCUyM21jX2VtYmVkX3NpZ251cCU3QmJhY2tncm91bmQlM0ElMjNmZmYlM0IlMjBmYWxzZSUzQmNsZWFyJTNBbGVmdCUzQiUyMGZvbnQlM0ExNHB4JTIwSGVsdmV0aWNhJTJDQXJpYWwlMkNzYW5zLXNlcmlmJTNCJTIwd2lkdGglM0ElMjBweCUzQiU3RCUwQSUyMCUyMCUyMCUyMCUyMCUyMCUyMCUyMCUyRiUyQSUyMEFkZCUyMHlvdXIlMjBvd24lMjBNYWlsY2hpbXAlMjBmb3JtJTIwc3R5bGUlMjBvdmVycmlkZXMlMjBpbiUyMHlvdXIlMjBzaXRlJTIwc3R5bGVzaGVldCUyMG9yJTIwaW4lMjB0aGlzJTIwc3R5bGUlMjBibG9jay4lMEElMjAlMjAlMjAlMjAlMjAlMjAlMjAlMjAlMjAlMjAlMjBXZSUyMHJlY29tbWVuZCUyMG1vdmluZyUyMHRoaXMlMjBibG9jayUyMGFuZCUyMHRoZSUyMHByZWNlZGluZyUyMENTUyUyMGxpbmslMjB0byUyMHRoZSUyMEhFQUQlMjBvZiUyMHlvdXIlMjBIVE1MJTIwZmlsZS4lMjAlMkElMkYlMEElM0MlMkZzdHlsZSUzRSUwQSUzQ2RpdiUyMGlkJTNEJTIybWNfZW1iZWRfc2lnbnVwJTIyJTNFJTBBJTIwJTIwJTIwJTIwJTNDZm9ybSUyMGFjdGlvbiUzRCUyMmh0dHBzJTNBJTJGJTJGZWx2YWNlbnRlci51czIwLmxpc3QtbWFuYWdlLmNvbSUyRnN1YnNjcmliZSUyRnBvc3QlM0Z1JTNEYjAzMDA4YjI2OTliMWVmMDZlYTA3ZmU1YiUyNmFtcCUzQmlkJTNEZDUxMWI4NTk3YyUyNmFtcCUzQmZfaWQlM0QwMDI2NWJlZWYwJTIyJTIwbWV0aG9kJTNEJTIycG9zdCUyMiUyMGlkJTNEJTIybWMtZW1iZWRkZWQtc3Vic2NyaWJlLWZvcm0lMjIlMjBuYW1lJTNEJTIybWMtZW1iZWRkZWQtc3Vic2NyaWJlLWZvcm0lMjIlMjBjbGFzcyUzRCUyMnZhbGlkYXRlJTIyJTIwdGFyZ2V0JTNEJTIyX2JsYW5rJTIyJTNFJTBBJTIwJTIwJTIwJTIwJTIwJTIwJTIwJTIwJTNDZGl2JTIwaWQlM0QlMjJtY19lbWJlZF9zaWdudXBfc2Nyb2xsJTIyJTNFJTBBJTIwJTIwJTIwJTIwJTIwJTIwJTIwJTIwJTIwJTIwJTIwJTIwJTNDZGl2JTIwY2xhc3MlM0QlMjJpbmRpY2F0ZXMtcmVxdWlyZWQlMjIlM0UlM0NzcGFuJTIwY2xhc3MlM0QlMjJhc3RlcmlzayUyMiUzRSUyQSUzQyUyRnNwYW4lM0UlMjBpbmRpcXVlJTIwcmVxdWlzJTNDJTJGZGl2JTNFJTBBJTIwJTIwJTIwJTIwJTIwJTIwJTIwJTIwJTIwJTIwJTIwJTIwJTNDZGl2JTIwY2xhc3MlM0QlMjJtYy1maWVsZC1ncm91cCUyMiUzRSUzQ2xhYmVsJTIwZm9yJTNEJTIybWNlLUVNQUlMJTIyJTNFQWRyZXNzZSUyMGVtYWlsJTIwJTNDc3BhbiUyMGNsYXNzJTNEJTIyYXN0ZXJpc2slMjIlM0UlMkElM0MlMkZzcGFuJTNFJTNDJTJGbGFiZWwlM0UlM0NpbnB1dCUyMHR5cGUlM0QlMjJlbWFpbCUyMiUyMG5hbWUlM0QlMjJFTUFJTCUyMiUyMGNsYXNzJTNEJTIycmVxdWlyZWQlMjBlbWFpbCUyMiUyMGlkJTNEJTIybWNlLUVNQUlMJTIyJTIwcmVxdWlyZWQlM0QlMjIlMjIlMjB2YWx1ZSUzRCUyMiUyMiUzRSUzQyUyRmRpdiUzRSUzQ2RpdiUyMGNsYXNzJTNEJTIybWMtZmllbGQtZ3JvdXAlMjIlM0UlM0NsYWJlbCUyMGZvciUzRCUyMm1jZS1GTkFNRSUyMiUzRVByJUMzJUE5bm9tJTIwJTNDJTJGbGFiZWwlM0UlM0NpbnB1dCUyMHR5cGUlM0QlMjJ0ZXh0JTIyJTIwbmFtZSUzRCUyMkZOQU1FJTIyJTIwY2xhc3MlM0QlMjIlMjB0ZXh0JTIyJTIwaWQlM0QlMjJtY2UtRk5BTUUlMjIlMjB2YWx1ZSUzRCUyMiUyMiUzRSUzQyUyRmRpdiUzRSUzQ2RpdiUyMGNsYXNzJTNEJTIybWMtZmllbGQtZ3JvdXAlMjIlM0UlM0NsYWJlbCUyMGZvciUzRCUyMm1jZS1MTkFNRSUyMiUzRU5vbSUyMGRlJTIwZmFtaWxsZSUyMCUzQyUyRmxhYmVsJTNFJTNDaW5wdXQlMjB0eXBlJTNEJTIydGV4dCUyMiUyMG5hbWUlM0QlMjJMTkFNRSUyMiUyMGNsYXNzJTNEJTIyJTIwdGV4dCUyMiUyMGlkJTNEJTIybWNlLUxOQU1FJTIyJTIwdmFsdWUlM0QlMjIlMjIlM0UlM0MlMkZkaXYlM0UlM0NkaXYlMjBjbGFzcyUzRCUyMm1jLWZpZWxkLWdyb3VwJTIyJTNFJTNDbGFiZWwlMjBmb3IlM0QlMjJtY2UtTU1FUkdFNiUyMiUzRU5vbSUyMGRlJTIwbCUyN2VudHJlcHJpc2UlMjAlM0MlMkZsYWJlbCUzRSUzQ2lucHV0JTIwdHlwZSUzRCUyMnRleHQlMjIlMjBuYW1lJTNEJTIyTU1FUkdFNiUyMiUyMGNsYXNzJTNEJTIyJTIwdGV4dCUyMiUyMGlkJTNEJTIybWNlLU1NRVJHRTYlMjIlMjB2YWx1ZSUzRCUyMiUyMiUzRSUzQyUyRmRpdiUzRSUzQ2RpdiUyMGNsYXNzJTNEJTIybWMtZmllbGQtZ3JvdXAlMjIlM0UlM0NsYWJlbCUyMGZvciUzRCUyMm1jZS1NTUVSR0U4JTIyJTNFTGFuZ3VlJTIwcHIlQzMlQTlmJUMzJUE5ciVDMyVBOWUlMjAlM0MlMkZsYWJlbCUzRSUzQ3NlbGVjdCUyMG5hbWUlM0QlMjJNTUVSR0U4JTIyJTIwY2xhc3MlM0QlMjIlMjIlMjBpZCUzRCUyMm1jZS1NTUVSR0U4JTIyJTNFJTNDb3B0aW9uJTIwdmFsdWUlM0QlMjIlMjIlM0UlM0MlMkZvcHRpb24lM0UlM0NvcHRpb24lMjB2YWx1ZSUzRCUyMkVuZ2xpc2glMjIlM0VBbmdsYWlzJTNDJTJGb3B0aW9uJTNFJTNDb3B0aW9uJTIwdmFsdWUlM0QlMjJEdXRjaCUyMiUzRU4lQzMlQTllcmxhbmRhaXMlM0MlMkZvcHRpb24lM0UlM0NvcHRpb24lMjB2YWx1ZSUzRCUyMkZyZW5jaCUyMiUzRUZyYW4lQzMlQTdhaXMlM0MlMkZvcHRpb24lM0UlM0NvcHRpb24lMjB2YWx1ZSUzRCUyMkdlcm1hbiUyMiUzRUFsbGVtYW5kJTNDJTJGb3B0aW9uJTNFJTNDJTJGc2VsZWN0JTNFJTNDJTJGZGl2JTNFJTBBJTNDZGl2JTIwaGlkZGVuJTNEJTIyJTIyJTNFJTNDaW5wdXQlMjB0eXBlJTNEJTIyaGlkZGVuJTIyJTIwbmFtZSUzRCUyMnRhZ3MlMjIlMjB2YWx1ZSUzRCUyMjQyMzM4NzElMjIlM0UlM0MlMkZkaXYlM0UlMEElMjAlMjAlMjAlMjAlMjAlMjAlMjAlMjAlM0NkaXYlMjBpZCUzRCUyMm1jZS1yZXNwb25zZXMlMjIlMjBjbGFzcyUzRCUyMmNsZWFyJTIyJTNFJTBBJTIwJTIwJTIwJTIwJTIwJTIwJTIwJTIwJTIwJTIwJTIwJTIwJTNDZGl2JTIwY2xhc3MlM0QlMjJyZXNwb25zZSUyMiUyMGlkJTNEJTIybWNlLWVycm9yLXJlc3BvbnNlJTIyJTIwc3R5bGUlM0QlMjJkaXNwbGF5JTNBJTIwbm9uZSUzQiUyMiUzRSUzQyUyRmRpdiUzRSUwQSUyMCUyMCUyMCUyMCUyMCUyMCUyMCUyMCUyMCUyMCUyMCUyMCUzQ2RpdiUyMGNsYXNzJTNEJTIycmVzcG9uc2UlMjIlMjBpZCUzRCUyMm1jZS1zdWNjZXNzLXJlc3BvbnNlJTIyJTIwc3R5bGUlM0QlMjJkaXNwbGF5JTNBJTIwbm9uZSUzQiUyMiUzRSUzQyUyRmRpdiUzRSUwQSUyMCUyMCUyMCUyMCUyMCUyMCUyMCUyMCUzQyUyRmRpdiUzRSUwQSUwQSUzQ3AlMjBzdHlsZSUzRCUyMmZvbnQtc2l6ZSUzQSUyMDE1cHglMjAlMjFpbXBvcnRhbnQlM0IlMjIlM0VFbiUyMGNsaXF1YW50JTIwc3VyJTIwUyUyN2Fib25uZXIlMkMlMjB2b3VzJTIwYWNjZXB0ZXolMjBub3RyZSUyMCUzQ2ElMjBocmVmJTNEJTIyaHR0cHMlM0ElMkYlMkZlbHZhY2VudGVyLmNvbSUyRnRlcm1zLWFuZC1jb25kaXRpb25zJTJGJTIzcHJpdmFjeXN0YXRlbWVudCUyMiUyMHRhcmdldCUzRCUyMl9ibGFuayUyMiUzRUQlQzMlQTljbGFyYXRpb24lMjBkZSUyMGNvbmZpZGVudGlhbGl0JUMzJUE5JTNDJTJGYSUzRS4lM0MlMkZwJTNFJTBBJTBBJTBBJTNDZGl2JTIwYXJpYS1oaWRkZW4lM0QlMjJ0cnVlJTIyJTIwc3R5bGUlM0QlMjJwb3NpdGlvbiUzQSUyMGFic29sdXRlJTNCJTIwbGVmdCUzQSUyMC01MDAwcHglM0IlMjIlM0UlM0NpbnB1dCUyMHR5cGUlM0QlMjJ0ZXh0JTIyJTIwbmFtZSUzRCUyMmJfYjAzMDA4YjI2OTliMWVmMDZlYTA3ZmU1Yl9kNTExYjg1OTdjJTIyJTIwdGFiaW5kZXglM0QlMjItMSUyMiUyMHZhbHVlJTNEJTIyJTIyJTNFJTNDJTJGZGl2JTNFJTNDZGl2JTIwY2xhc3MlM0QlMjJjbGVhciUyMiUzRSUzQ2lucHV0JTIwdHlwZSUzRCUyMnN1Ym1pdCUyMiUyMG5hbWUlM0QlMjJzdWJzY3JpYmUlMjIlMjBpZCUzRCUyMm1jLWVtYmVkZGVkLXN1YnNjcmliZSUyMiUyMGNsYXNzJTNEJTIyYnV0dG9uJTIyJTIwdmFsdWUlM0QlMjJTJTI3YWJvbm5lciUyMiUzRSUzQyUyRmRpdiUzRSUwQSUyMCUyMCUyMCUyMCUzQyUyRmRpdiUzRSUwQSUzQyUyRmZvcm0lM0UlMEElM0MlMkZkaXYlM0UlMEElM0NzY3JpcHQlMjB0eXBlJTNEJTIydGV4dCUyRmphdmFzY3JpcHQlMjIlMjBzcmMlM0QlMjIlMkYlMkZzMy5hbWF6b25hd3MuY29tJTJGZG93bmxvYWRzLm1haWxjaGltcC5jb20lMkZqcyUyRm1jLXZhbGlkYXRlLmpzJTIyJTNFJTNDJTJGc2NyaXB0JTNFJTNDc2NyaXB0JTIwdHlwZSUzRCUyMnRleHQlMkZqYXZhc2NyaXB0JTIyJTNFJTI4ZnVuY3Rpb24lMjglMjQlMjklMjAlN0J3aW5kb3cuZm5hbWVzJTIwJTNEJTIwbmV3JTIwQXJyYXklMjglMjklM0IlMjB3aW5kb3cuZnR5cGVzJTIwJTNEJTIwbmV3JTIwQXJyYXklMjglMjklM0JmbmFtZXMlNUIwJTVEJTNEJTI3RU1BSUwlMjclM0JmdHlwZXMlNUIwJTVEJTNEJTI3ZW1haWwlMjclM0JmbmFtZXMlNUIxJTVEJTNEJTI3Rk5BTUUlMjclM0JmdHlwZXMlNUIxJTVEJTNEJTI3dGV4dCUyNyUzQmZuYW1lcyU1QjIlNUQlM0QlMjdMTkFNRSUyNyUzQmZ0eXBlcyU1QjIlNUQlM0QlMjd0ZXh0JTI3JTNCZm5hbWVzJTVCNiU1RCUzRCUyN01NRVJHRTYlMjclM0JmdHlwZXMlNUI2JTVEJTNEJTI3dGV4dCUyNyUzQmZuYW1lcyU1QjglNUQlM0QlMjdNTUVSR0U4JTI3JTNCZnR5cGVzJTVCOCU1RCUzRCUyN2Ryb3Bkb3duJTI3JTNCZm5hbWVzJTVCMyU1RCUzRCUyN0FERFJFU1MlMjclM0JmdHlwZXMlNUIzJTVEJTNEJTI3YWRkcmVzcyUyNyUzQmZuYW1lcyU1QjQlNUQlM0QlMjdQSE9ORSUyNyUzQmZ0eXBlcyU1QjQlNUQlM0QlMjdwaG9uZSUyNyUzQmZuYW1lcyU1QjUlNUQlM0QlMjdCSVJUSERBWSUyNyUzQmZ0eXBlcyU1QjUlNUQlM0QlMjdiaXJ0aGRheSUyNyUzQmZuYW1lcyU1QjclNUQlM0QlMjdNTUVSR0U3JTI3JTNCZnR5cGVzJTVCNyU1RCUzRCUyN3RleHQlMjclM0IlN0QlMjhqUXVlcnklMjklMjklM0J2YXIlMjAlMjRtY2olMjAlM0QlMjBqUXVlcnkubm9Db25mbGljdCUyOHRydWUlMjklM0IlM0MlMkZzY3JpcHQlM0UlM0MlMkZkaXYlM0U=[\/vc_raw_html][\/vc_column_inner][vc_column_inner width=&#8221;1\/6&#8243;][\/vc_column_inner][\/vc_row_inner][vc_empty_space height=&#8221;300px&#8221;][\/vc_column][\/vc_row][vc_row full_width=&#8221;stretch_row&#8221; css=&#8221;.vc_custom_1646432965877{padding-top: 40px !important;background-color: #eeeeee !important;}&#8221; el_class=&#8221;rijblokkenhome&#8221;][vc_column css_animation=&#8221;fadeIn&#8221; css=&#8221;.vc_custom_1646567188253{margin-top: -270px !important;}&#8221;][vc_row_inner el_class=&#8221;blokheaderdonker&#8221;][vc_column_inner width=&#8221;1\/6&#8243;][\/vc_column_inner][vc_column_inner width=&#8221;1\/3&#8243; offset=&#8221;vc_col-sm-offset-0&#8243;][vc_column_text css_animation=&#8221;none&#8221; el_class=&#8221;kolomvorm&#8221;]<\/p>\n<h3 style=\"text-align: center;\"><span style=\"color: #00a6d8;\">Elva<\/span>Shop<\/h3>\n<p style=\"text-align: center;\">Nous sommes live ! Visitez notre nouveau guichet unique pour les pi\u00e8ces d\u00e9tach\u00e9es d&#8217;ascenseurs et d&#8217;escaliers m\u00e9caniques d\u00e8s maintenant.<\/p>\n<p>[\/vc_column_text][vc_icon icon_fontawesome=&#8221;fas fa-angle-right&#8221; align=&#8221;center&#8221; css_animation=&#8221;bounceInUp&#8221; link=&#8221;url:https%3A%2F%2Fshop.elvacenter.com%2Ffr%2F|title:Elvashop&#8221; el_class=&#8221;vormbuttonangle&#8221;][\/vc_column_inner][vc_column_inner width=&#8221;1\/3&#8243; offset=&#8221;vc_col-sm-offset-0&#8243;][vc_column_text css_animation=&#8221;none&#8221; el_class=&#8221;kolomvorm2&#8243;]<\/p>\n<h3 style=\"text-align: center;\"><span style=\"color: #00a6d8;\">Elva<\/span>Service<\/h3>\n<p style=\"text-align: center;\">Toujours disponible par t\u00e9l\u00e9phone, WhatsApp et e-mail. Par l&#8217;interm\u00e9diaire de notre r\u00e9seau de partenaires, toujours pr\u00e8s de chez vous.<\/p>\n<p>[\/vc_column_text][vc_icon icon_fontawesome=&#8221;fas fa-angle-right&#8221; align=&#8221;center&#8221; css_animation=&#8221;bounceInUp&#8221; link=&#8221;url:https%3A%2F%2Felvacenter.com%2Ffr%2Felvaservice%2F|title:Service&#8221; el_class=&#8221;vormbuttonangle&#8221;][\/vc_column_inner][vc_column_inner width=&#8221;1\/6&#8243;][\/vc_column_inner][\/vc_row_inner][\/vc_column][\/vc_row][vc_row full_width=&#8221;stretch_row&#8221; content_placement=&#8221;middle&#8221; css=&#8221;.vc_custom_1646483882835{background-color: #eeeeee !important;}&#8221; el_class=&#8221;rij1&#8243;][vc_column width=&#8221;1\/2&#8243;][vc_single_image image=&#8221;24130&#8243; img_size=&#8221;full&#8221; alignment=&#8221;center&#8221; css_animation=&#8221;fadeIn&#8221;][\/vc_column][vc_column css_animation=&#8221;fadeInUp&#8221; width=&#8221;1\/2&#8243; el_class=&#8221;tekstkolom&#8221;][vc_column_text]<\/p>\n<h1>RENCONTRE AVEC ELVACENTER<\/h1>\n<h2>LA S\u00c9CURIT\u00c9 AVANT TOUT ! C&#8217;EST POURQUOI ELVACENTER EST LIVR\u00c9 AVEC UN QISS.<\/h2>\n<p>En tant que fabricant ou installateur d&#8217;ascenseurs, vous le savez mieux que quiconque : La fiabilit\u00e9 est le mot cl\u00e9. La s\u00e9curit\u00e9 passe avant tout, et le passager de l&#8217;ascenseur doit pouvoir lui faire une confiance aveugle. Chez Elvacenter, vous pouvez donc compter sur QISS.[\/vc_column_text][vc_btn title=&#8221;Lire plus&#8221; style=&#8221;classic&#8221; shape=&#8221;square&#8221; link=&#8221;url:https%3A%2F%2Felvacenter.com%2Ffr%2Frencontre-avec-elvacenter%2F|title:Privacy%20statement&#8221;][\/vc_column][\/vc_row][vc_row el_class=&#8221;rij1&#8243; css=&#8221;.vc_custom_1646572936912{margin-bottom: 0px !important;padding-bottom: 0px !important;}&#8221;][vc_column css_animation=&#8221;fadeInUp&#8221;][vc_widget_sidebar sidebar_id=&#8221;contacttekst&#8221;][vc_widget_sidebar sidebar_id=&#8221;contactbuttons&#8221;][\/vc_column][\/vc_row]<\/p>\n<\/div>","protected":false},"excerpt":{"rendered":"<p>[vc_row full_width=&#8221;stretch_row&#8221; el_class=&#8221;headerrijhome&#8221;][vc_column][vc_empty_space height=&#8221;100px&#8221;][vc_row_inner el_class=&#8221;blokheaderdonker&#8221;][vc_column_inner width=&#8221;1\/6&#8243;][\/vc_column_inner][vc_column_inner width=&#8221;2\/3&#8243; offset=&#8221;vc_col-sm-offset-0&#8243;][vc_column_text css_animation=&#8221;fadeInUp&#8221; css=&#8221;&#8221;] Bulletin ABONNEZ-VOUS ET RESTEZ INFORM\u00c9 Abonnez-vous \u00e0 notre newsletter et restez inform\u00e9 de toutes les nouveaut\u00e9s Elvacenter (produits). [\/vc_column_text][vc_empty_space height=&#8221;20px&#8221;][\/vc_column_inner][vc_column_inner width=&#8221;1\/6&#8243;][\/vc_column_inner][\/vc_row_inner][vc_row_inner][vc_column_inner width=&#8221;1\/6&#8243; offset=&#8221;vc_hidden-xs&#8221;][\/vc_column_inner][vc_column_inner el_class=&#8221;nieuwbriefblok&#8221; width=&#8221;2\/3&#8243;][vc_raw_html css=&#8221;&#8221;]JTNDZGl2JTIwaWQlM0QlMjJtY19lbWJlZF9zaGVsbCUyMiUzRSUwQSUyMCUyMCUyMCUyMCUyMCUyMCUzQ2xpbmslMjBocmVmJTNEJTIyJTJGJTJGY2RuLWltYWdlcy5tYWlsY2hpbXAuY29tJTJGZW1iZWRjb2RlJTJGY2xhc3NpYy0wNjE1MjMuY3NzJTIyJTIwcmVsJTNEJTIyc3R5bGVzaGVldCUyMiUyMHR5cGUlM0QlMjJ0ZXh0JTJGY3NzJTIyJTNFJTBBJTIwJTIwJTNDc3R5bGUlMjB0eXBlJTNEJTIydGV4dCUyRmNzcyUyMiUzRSUwQSUyMCUyMCUyMCUyMCUyMCUyMCUyMCUyMCUyM21jX2VtYmVkX3NpZ251cCU3QmJhY2tncm91bmQlM0ElMjNmZmYlM0IlMjBmYWxzZSUzQmNsZWFyJTNBbGVmdCUzQiUyMGZvbnQlM0ExNHB4JTIwSGVsdmV0aWNhJTJDQXJpYWwlMkNzYW5zLXNlcmlmJTNCJTIwd2lkdGglM0ElMjBweCUzQiU3RCUwQSUyMCUyMCUyMCUyMCUyMCUyMCUyMCUyMCUyRiUyQSUyMEFkZCUyMHlvdXIlMjBvd24lMjBNYWlsY2hpbXAlMjBmb3JtJTIwc3R5bGUlMjBvdmVycmlkZXMlMjBpbiUyMHlvdXIlMjBzaXRlJTIwc3R5bGVzaGVldCUyMG9yJTIwaW4lMjB0aGlzJTIwc3R5bGUlMjBibG9jay4lMEElMjAlMjAlMjAlMjAlMjAlMjAlMjAlMjAlMjAlMjAlMjBXZSUyMHJlY29tbWVuZCUyMG1vdmluZyUyMHRoaXMlMjBibG9jayUyMGFuZCUyMHRoZSUyMHByZWNlZGluZyUyMENTUyUyMGxpbmslMjB0byUyMHRoZSUyMEhFQUQlMjBvZiUyMHlvdXIlMjBIVE1MJTIwZmlsZS4lMjAlMkElMkYlMEElM0MlMkZzdHlsZSUzRSUwQSUzQ2RpdiUyMGlkJTNEJTIybWNfZW1iZWRfc2lnbnVwJTIyJTNFJTBBJTIwJTIwJTIwJTIwJTNDZm9ybSUyMGFjdGlvbiUzRCUyMmh0dHBzJTNBJTJGJTJGZWx2YWNlbnRlci51czIwLmxpc3QtbWFuYWdlLmNvbSUyRnN1YnNjcmliZSUyRnBvc3QlM0Z1JTNEYjAzMDA4YjI2OTliMWVmMDZlYTA3ZmU1YiUyNmFtcCUzQmlkJTNEZDUxMWI4NTk3YyUyNmFtcCUzQmZfaWQlM0QwMDI2NWJlZWYwJTIyJTIwbWV0aG9kJTNEJTIycG9zdCUyMiUyMGlkJTNEJTIybWMtZW1iZWRkZWQtc3Vic2NyaWJlLWZvcm0lMjIlMjBuYW1lJTNEJTIybWMtZW1iZWRkZWQtc3Vic2NyaWJlLWZvcm0lMjIlMjBjbGFzcyUzRCUyMnZhbGlkYXRlJTIyJTIwdGFyZ2V0JTNEJTIyX2JsYW5rJTIyJTNFJTBBJTIwJTIwJTIwJTIwJTIwJTIwJTIwJTIwJTNDZGl2JTIwaWQlM0QlMjJtY19lbWJlZF9zaWdudXBfc2Nyb2xsJTIyJTNFJTBBJTIwJTIwJTIwJTIwJTIwJTIwJTIwJTIwJTIwJTIwJTIwJTIwJTNDZGl2JTIwY2xhc3MlM0QlMjJpbmRpY2F0ZXMtcmVxdWlyZWQlMjIlM0UlM0NzcGFuJTIwY2xhc3MlM0QlMjJhc3RlcmlzayUyMiUzRSUyQSUzQyUyRnNwYW4lM0UlMjBpbmRpcXVlJTIwcmVxdWlzJTNDJTJGZGl2JTNFJTBBJTIwJTIwJTIwJTIwJTIwJTIwJTIwJTIwJTIwJTIwJTIwJTIwJTNDZGl2JTIwY2xhc3MlM0QlMjJtYy1maWVsZC1ncm91cCUyMiUzRSUzQ2xhYmVsJTIwZm9yJTNEJTIybWNlLUVNQUlMJTIyJTNFQWRyZXNzZSUyMGVtYWlsJTIwJTNDc3BhbiUyMGNsYXNzJTNEJTIyYXN0ZXJpc2slMjIlM0UlMkElM0MlMkZzcGFuJTNFJTNDJTJGbGFiZWwlM0UlM0NpbnB1dCUyMHR5cGUlM0QlMjJlbWFpbCUyMiUyMG5hbWUlM0QlMjJFTUFJTCUyMiUyMGNsYXNzJTNEJTIycmVxdWlyZWQlMjBlbWFpbCUyMiUyMGlkJTNEJTIybWNlLUVNQUlMJTIyJTIwcmVxdWlyZWQlM0QlMjIlMjIlMjB2YWx1ZSUzRCUyMiUyMiUzRSUzQyUyRmRpdiUzRSUzQ2RpdiUyMGNsYXNzJTNEJTIybWMtZmllbGQtZ3JvdXAlMjIlM0UlM0NsYWJlbCUyMGZvciUzRCUyMm1jZS1GTkFNRSUyMiUzRVByJUMzJUE5bm9tJTIwJTNDJTJGbGFiZWwlM0UlM0NpbnB1dCUyMHR5cGUlM0QlMjJ0ZXh0JTIyJTIwbmFtZSUzRCUyMkZOQU1FJTIyJTIwY2xhc3MlM0QlMjIlMjB0ZXh0JTIyJTIwaWQlM0QlMjJtY2UtRk5BTUUlMjIlMjB2YWx1ZSUzRCUyMiUyMiUzRSUzQyUyRmRpdiUzRSUzQ2RpdiUyMGNsYXNzJTNEJTIybWMtZmllbGQtZ3JvdXAlMjIlM0UlM0NsYWJlbCUyMGZvciUzRCUyMm1jZS1MTkFNRSUyMiUzRU5vbSUyMGRlJTIwZmFtaWxsZSUyMCUzQyUyRmxhYmVsJTNFJTNDaW5wdXQlMjB0eXBlJTNEJTIydGV4dCUyMiUyMG5hbWUlM0QlMjJMTkFNRSUyMiUyMGNsYXNzJTNEJTIyJTIwdGV4dCUyMiUyMGlkJTNEJTIybWNlLUxOQU1FJTIyJTIwdmFsdWUlM0QlMjIlMjIlM0UlM0MlMkZkaXYlM0UlM0NkaXYlMjBjbGFzcyUzRCUyMm1jLWZpZWxkLWdyb3VwJTIyJTNFJTNDbGFiZWwlMjBmb3IlM0QlMjJtY2UtTU1FUkdFNiUyMiUzRU5vbSUyMGRlJTIwbCUyN2VudHJlcHJpc2UlMjAlM0MlMkZsYWJlbCUzRSUzQ2lucHV0JTIwdHlwZSUzRCUyMnRleHQlMjIlMjBuYW1lJTNEJTIyTU1FUkdFNiUyMiUyMGNsYXNzJTNEJTIyJTIwdGV4dCUyMiUyMGlkJTNEJTIybWNlLU1NRVJHRTYlMjIlMjB2YWx1ZSUzRCUyMiUyMiUzRSUzQyUyRmRpdiUzRSUzQ2RpdiUyMGNsYXNzJTNEJTIybWMtZmllbGQtZ3JvdXAlMjIlM0UlM0NsYWJlbCUyMGZvciUzRCUyMm1jZS1NTUVSR0U4JTIyJTNFTGFuZ3VlJTIwcHIlQzMlQTlmJUMzJUE5ciVDMyVBOWUlMjAlM0MlMkZsYWJlbCUzRSUzQ3NlbGVjdCUyMG5hbWUlM0QlMjJNTUVSR0U4JTIyJTIwY2xhc3MlM0QlMjIlMjIlMjBpZCUzRCUyMm1jZS1NTUVSR0U4JTIyJTNFJTNDb3B0aW9uJTIwdmFsdWUlM0QlMjIlMjIlM0UlM0MlMkZvcHRpb24lM0UlM0NvcHRpb24lMjB2YWx1ZSUzRCUyMkVuZ2xpc2glMjIlM0VBbmdsYWlzJTNDJTJGb3B0aW9uJTNFJTNDb3B0aW9uJTIwdmFsdWUlM0QlMjJEdXRjaCUyMiUzRU4lQzMlQTllcmxhbmRhaXMlM0MlMkZvcHRpb24lM0UlM0NvcHRpb24lMjB2YWx1ZSUzRCUyMkZyZW5jaCUyMiUzRUZyYW4lQzMlQTdhaXMlM0MlMkZvcHRpb24lM0UlM0NvcHRpb24lMjB2YWx1ZSUzRCUyMkdlcm1hbiUyMiUzRUFsbGVtYW5kJTNDJTJGb3B0aW9uJTNFJTNDJTJGc2VsZWN0JTNFJTNDJTJGZGl2JTNFJTBBJTNDZGl2JTIwaGlkZGVuJTNEJTIyJTIyJTNFJTNDaW5wdXQlMjB0eXBlJTNEJTIyaGlkZGVuJTIyJTIwbmFtZSUzRCUyMnRhZ3MlMjIlMjB2YWx1ZSUzRCUyMjQyMzM4NzElMjIlM0UlM0MlMkZkaXYlM0UlMEElMjAlMjAlMjAlMjAlMjAlMjAlMjAlMjAlM0NkaXYlMjBpZCUzRCUyMm1jZS1yZXNwb25zZXMlMjIlMjBjbGFzcyUzRCUyMmNsZWFyJTIyJTNFJTBBJTIwJTIwJTIwJTIwJTIwJTIwJTIwJTIwJTIwJTIwJTIwJTIwJTNDZGl2JTIwY2xhc3MlM0QlMjJyZXNwb25zZSUyMiUyMGlkJTNEJTIybWNlLWVycm9yLXJlc3BvbnNlJTIyJTIwc3R5bGUlM0QlMjJkaXNwbGF5JTNBJTIwbm9uZSUzQiUyMiUzRSUzQyUyRmRpdiUzRSUwQSUyMCUyMCUyMCUyMCUyMCUyMCUyMCUyMCUyMCUyMCUyMCUyMCUzQ2RpdiUyMGNsYXNzJTNEJTIycmVzcG9uc2UlMjIlMjBpZCUzRCUyMm1jZS1zdWNjZXNzLXJlc3BvbnNlJTIyJTIwc3R5bGUlM0QlMjJkaXNwbGF5JTNBJTIwbm9uZSUzQiUyMiUzRSUzQyUyRmRpdiUzRSUwQSUyMCUyMCUyMCUyMCUyMCUyMCUyMCUyMCUzQyUyRmRpdiUzRSUwQSUwQSUzQ3AlMjBzdHlsZSUzRCUyMmZvbnQtc2l6ZSUzQSUyMDE1cHglMjAlMjFpbXBvcnRhbnQlM0IlMjIlM0VFbiUyMGNsaXF1YW50JTIwc3VyJTIwUyUyN2Fib25uZXIlMkMlMjB2b3VzJTIwYWNjZXB0ZXolMjBub3RyZSUyMCUzQ2ElMjBocmVmJTNEJTIyaHR0cHMlM0ElMkYlMkZlbHZhY2VudGVyLmNvbSUyRnRlcm1zLWFuZC1jb25kaXRpb25zJTJGJTIzcHJpdmFjeXN0YXRlbWVudCUyMiUyMHRhcmdldCUzRCUyMl9ibGFuayUyMiUzRUQlQzMlQTljbGFyYXRpb24lMjBkZSUyMGNvbmZpZGVudGlhbGl0JUMzJUE5JTNDJTJGYSUzRS4lM0MlMkZwJTNFJTBBJTBBJTBBJTNDZGl2JTIwYXJpYS1oaWRkZW4lM0QlMjJ0cnVlJTIyJTIwc3R5bGUlM0QlMjJwb3NpdGlvbiUzQSUyMGFic29sdXRlJTNCJTIwbGVmdCUzQSUyMC01MDAwcHglM0IlMjIlM0UlM0NpbnB1dCUyMHR5cGUlM0QlMjJ0ZXh0JTIyJTIwbmFtZSUzRCUyMmJfYjAzMDA4YjI2OTliMWVmMDZlYTA3ZmU1Yl9kNTExYjg1OTdjJTIyJTIwdGFiaW5kZXglM0QlMjItMSUyMiUyMHZhbHVlJTNEJTIyJTIyJTNFJTNDJTJGZGl2JTNFJTNDZGl2JTIwY2xhc3MlM0QlMjJjbGVhciUyMiUzRSUzQ2lucHV0JTIwdHlwZSUzRCUyMnN1Ym1pdCUyMiUyMG5hbWUlM0QlMjJzdWJzY3JpYmUlMjIlMjBpZCUzRCUyMm1jLWVtYmVkZGVkLXN1YnNjcmliZSUyMiUyMGNsYXNzJTNEJTIyYnV0dG9uJTIyJTIwdmFsdWUlM0QlMjJTJTI3YWJvbm5lciUyMiUzRSUzQyUyRmRpdiUzRSUwQSUyMCUyMCUyMCUyMCUzQyUyRmRpdiUzRSUwQSUzQyUyRmZvcm0lM0UlMEElM0MlMkZkaXYlM0UlMEElM0NzY3JpcHQlMjB0eXBlJTNEJTIydGV4dCUyRmphdmFzY3JpcHQlMjIlMjBzcmMlM0QlMjIlMkYlMkZzMy5hbWF6b25hd3MuY29tJTJGZG93bmxvYWRzLm1haWxjaGltcC5jb20lMkZqcyUyRm1jLXZhbGlkYXRlLmpzJTIyJTNFJTNDJTJGc2NyaXB0JTNFJTNDc2NyaXB0JTIwdHlwZSUzRCUyMnRleHQlMkZqYXZhc2NyaXB0JTIyJTNFJTI4ZnVuY3Rpb24lMjglMjQlMjklMjAlN0J3aW5kb3cuZm5hbWVzJTIwJTNEJTIwbmV3JTIwQXJyYXklMjglMjklM0IlMjB3aW5kb3cuZnR5cGVzJTIwJTNEJTIwbmV3JTIwQXJyYXklMjglMjklM0JmbmFtZXMlNUIwJTVEJTNEJTI3RU1BSUwlMjclM0JmdHlwZXMlNUIwJTVEJTNEJTI3ZW1haWwlMjclM0JmbmFtZXMlNUIxJTVEJTNEJTI3Rk5BTUUlMjclM0JmdHlwZXMlNUIxJTVEJTNEJTI3dGV4dCUyNyUzQmZuYW1lcyU1QjIlNUQlM0QlMjdMTkFNRSUyNyUzQmZ0eXBlcyU1QjIlNUQlM0QlMjd0ZXh0JTI3JTNCZm5hbWVzJTVCNiU1RCUzRCUyN01NRVJHRTYlMjclM0JmdHlwZXMlNUI2JTVEJTNEJTI3dGV4dCUyNyUzQmZuYW1lcyU1QjglNUQlM0QlMjdNTUVSR0U4JTI3JTNCZnR5cGVzJTVCOCU1RCUzRCUyN2Ryb3Bkb3duJTI3JTNCZm5hbWVzJTVCMyU1RCUzRCUyN0FERFJFU1MlMjclM0JmdHlwZXMlNUIzJTVEJTNEJTI3YWRkcmVzcyUyNyUzQmZuYW1lcyU1QjQlNUQlM0QlMjdQSE9ORSUyNyUzQmZ0eXBlcyU1QjQlNUQlM0QlMjdwaG9uZSUyNyUzQmZuYW1lcyU1QjUlNUQlM0QlMjdCSVJUSERBWSUyNyUzQmZ0eXBlcyU1QjUlNUQlM0QlMjdiaXJ0aGRheSUyNyUzQmZuYW1lcyU1QjclNUQlM0QlMjdNTUVSR0U3JTI3JTNCZnR5cGVzJTVCNyU1RCUzRCUyN3RleHQlMjclM0IlN0QlMjhqUXVlcnklMjklMjklM0J2YXIlMjAlMjRtY2olMjAlM0QlMjBqUXVlcnkubm9Db25mbGljdCUyOHRydWUlMjklM0IlM0MlMkZzY3JpcHQlM0UlM0MlMkZkaXYlM0U=[\/vc_raw_html][\/vc_column_inner][vc_column_inner width=&#8221;1\/6&#8243;][\/vc_column_inner][\/vc_row_inner][vc_empty_space height=&#8221;300px&#8221;][\/vc_column][\/vc_row][vc_row full_width=&#8221;stretch_row&#8221; css=&#8221;.vc_custom_1646432965877{padding-top: 40px !important;background-color: #eeeeee !important;}&#8221; el_class=&#8221;rijblokkenhome&#8221;][vc_column css_animation=&#8221;fadeIn&#8221; css=&#8221;.vc_custom_1646567188253{margin-top: -270px !important;}&#8221;][vc_row_inner el_class=&#8221;blokheaderdonker&#8221;][vc_column_inner width=&#8221;1\/6&#8243;][\/vc_column_inner][vc_column_inner width=&#8221;1\/3&#8243; offset=&#8221;vc_col-sm-offset-0&#8243;][vc_column_text css_animation=&#8221;none&#8221; el_class=&#8221;kolomvorm&#8221;] [&hellip;]<\/p>\n","protected":false},"author":1,"featured_media":0,"parent":0,"menu_order":0,"comment_status":"closed","ping_status":"closed","template":"","meta":{"inline_featured_image":false,"footnotes":""},"class_list":["post-25110","page","type-page","status-publish","hentry"],"_links":{"self":[{"href":"https:\/\/elvacenter.com\/fr\/wp-json\/wp\/v2\/pages\/25110","targetHints":{"allow":["GET"]}}],"collection":[{"href":"https:\/\/elvacenter.com\/fr\/wp-json\/wp\/v2\/pages"}],"about":[{"href":"https:\/\/elvacenter.com\/fr\/wp-json\/wp\/v2\/types\/page"}],"author":[{"embeddable":true,"href":"https:\/\/elvacenter.com\/fr\/wp-json\/wp\/v2\/users\/1"}],"replies":[{"embeddable":true,"href":"https:\/\/elvacenter.com\/fr\/wp-json\/wp\/v2\/comments?post=25110"}],"version-history":[{"count":7,"href":"https:\/\/elvacenter.com\/fr\/wp-json\/wp\/v2\/pages\/25110\/revisions"}],"predecessor-version":[{"id":25161,"href":"https:\/\/elvacenter.com\/fr\/wp-json\/wp\/v2\/pages\/25110\/revisions\/25161"}],"wp:attachment":[{"href":"https:\/\/elvacenter.com\/fr\/wp-json\/wp\/v2\/media?parent=25110"}],"curies":[{"name":"wp","href":"https:\/\/api.w.org\/{rel}","templated":true}]}}