{"id":24462,"date":"2023-08-16T15:57:28","date_gmt":"2023-08-16T13:57:28","guid":{"rendered":"https:\/\/elvacenter.com\/mission-vision-values\/"},"modified":"2023-09-22T10:37:06","modified_gmt":"2023-09-22T08:37:06","slug":"mission-vision-valeurs-principales","status":"publish","type":"page","link":"https:\/\/elvacenter.com\/fr\/mission-vision-valeurs-principales\/","title":{"rendered":"Mission, vision, valeurs principales"},"content":{"rendered":"<div class=\"wpb-content-wrapper\"><p>[vc_row full_width=&#8221;stretch_row&#8221; el_class=&#8221;headerrij&#8221;][vc_column][vc_row_inner el_class=&#8221;blokheaderdonker&#8221;][vc_column_inner width=&#8221;1\/6&#8243;][\/vc_column_inner][vc_column_inner width=&#8221;2\/3&#8243;][vc_column_text css_animation=&#8221;fadeInUp&#8221;]<\/p>\n<h1 style=\"text-align: center;\">Mission, vision, VALEURS PRINCIPALES<\/h1>\n<h2 style=\"text-align: center;\">Elvacenter:<br \/>\n<span lang=\"DE\">Votre centre d&#8217;achat unique pour les pi\u00e8ces d\u00e9tach\u00e9es d&#8217;ascenseurs et d&#8217;escaliers m\u00e9caniques, les projets de modernisation et les nouvelles installations<\/span><\/h2>\n<p>[\/vc_column_text][\/vc_column_inner][vc_column_inner width=&#8221;1\/6&#8243;][\/vc_column_inner][\/vc_row_inner][\/vc_column][\/vc_row][vc_row full_width=&#8221;stretch_row&#8221; content_placement=&#8221;middle&#8221; css=&#8221;.vc_custom_1692354733998{background-color: #eeeeee !important;}&#8221; el_class=&#8221;rij1&#8243;][vc_column css_animation=&#8221;fadeInUp&#8221; width=&#8221;1\/2&#8243;][vc_column_text]<img loading=\"lazy\" decoding=\"async\" class=\"vc_single_image-img attachment-full aligncenter\" title=\"ec-vision-5\" src=\"https:\/\/elvacenter.com\/wp-content\/uploads\/2023\/08\/ec-vision-5.svg\" alt=\"\" width=\"288\" height=\"333\" \/>[\/vc_column_text][\/vc_column][vc_column css_animation=&#8221;fadeInUp&#8221; width=&#8221;1\/2&#8243; css=&#8221;.vc_custom_1646649515868&#8243; el_class=&#8221;tekstkolom&#8221;][vc_column_text css_animation=&#8221;fadeInUp&#8221;]<\/p>\n<h2>Mission<\/h2>\n<p>Elvacenter est le fournisseur complet et le leader d&#8217;opinion pour l&#8217;industrie des ascenseurs et des escaliers m\u00e9caniques. Les fabricants, les soci\u00e9t\u00e9s d&#8217;installation et de service peuvent trouver la gamme la plus large possible dans notre boutique en ligne <a title=\"https:\/\/shop.elvacenter.com\/fr\/\" href=\"https:\/\/shop.elvacenter.com\/fr\/\">one-stop-webshop<\/a>. Il se distingue par la clart\u00e9 des informations (sur les produits), ce qui permet de passer des commandes rapidement et sans erreur.<\/p>\n<p>Elvacenter apporte \u00e9galement une valeur ajout\u00e9e \u00e0 ses relations hors ligne. Elvacenter est toujours pr\u00eat \u00e0 fournir une assistance technique personnelle et honn\u00eate, tant hors ligne que sur site. Elvacenter propose \u00e9galement des solutions de modernisation. Cela signifie que vous pouvez contacter Elvacenter pour obtenir des paquets de modernisation complets, des formulaires de mesure et des conseils sur mesure. Ne pas se laisser abattre dans le domaine de la pr\u00e9paration du travail, tel est notre objectif.[\/vc_column_text][\/vc_column][\/vc_row][vc_row full_width=&#8221;stretch_row&#8221; content_placement=&#8221;middle&#8221; css=&#8221;.vc_custom_1646618475782{background-color: #ffffff !important;}&#8221; el_class=&#8221;rij1&#8243;][vc_column width=&#8221;1\/2&#8243; el_class=&#8221;tekstkolom2&#8243;][vc_column_text css_animation=&#8221;fadeInUp&#8221;]<\/p>\n<h2>Vision<\/h2>\n<p>Elvacenter a pour objectif d&#8217;apporter une contribution substantielle aux deux exigences les plus importantes en mati\u00e8re d&#8217;ascenseurs et d&#8217;escaliers m\u00e9caniques : la s\u00e9curit\u00e9 et la fiabilit\u00e9. Nous y parvenons principalement en fournissant des produits de qualit\u00e9, en nous impliquant personnellement dans nos relations, en livrant rapidement les commandes et en r\u00e9pondant imm\u00e9diatement aux demandes d&#8217;aide.<br \/>\nEn tant qu&#8217;entreprise n\u00e9erlando-belge, nous visons progressivement l&#8217;ensemble du march\u00e9 professionnel europ\u00e9en \u00e0 partir du Benelux, pour lequel nous voulons \u00eatre une valeur s\u00fbre. Pour garantir partout la qualit\u00e9, l&#8217;engagement et la rapidit\u00e9, nous travaillons en permanence \u00e0 la construction d&#8217;un r\u00e9seau europ\u00e9en de partenaires techniques et logistiques.[\/vc_column_text][\/vc_column][vc_column css_animation=&#8221;fadeInUp&#8221; width=&#8221;1\/2&#8243;][vc_column_text]<img loading=\"lazy\" decoding=\"async\" class=\"vc_single_image-img attachment-full aligncenter\" title=\"ec-mission-4\" src=\"https:\/\/elvacenter.com\/wp-content\/uploads\/2023\/08\/ec-mission-4.svg\" alt=\"\" width=\"290\" height=\"335\" \/>[\/vc_column_text][\/vc_column][\/vc_row][vc_row full_width=&#8221;stretch_row&#8221; equal_height=&#8221;yes&#8221; content_placement=&#8221;middle&#8221; el_class=&#8221;rij1&#8243; css=&#8221;.vc_custom_1692354739674{background-color: #eeeeee !important;}&#8221;][vc_column css_animation=&#8221;fadeInUp&#8221; width=&#8221;1\/2&#8243;][vc_column_text]<img loading=\"lazy\" decoding=\"async\" class=\"vc_single_image-img attachment-full aligncenter\" title=\"ec-slogan-2\" src=\"https:\/\/elvacenter.com\/wp-content\/uploads\/2023\/08\/ec-slogan-2.svg\" alt=\"\" width=\"285\" height=\"330\" \/>[\/vc_column_text][\/vc_column][vc_column width=&#8221;1\/2&#8243;][vc_column_text css_animation=&#8221;fadeInUp&#8221;]<\/p>\n<h2>Valeurs fondamentales<\/h2>\n<p>Notre slogan &#8220;Never Let You Down&#8221; est plus qu&#8217;une simple expression commerciale. Il conclut nos valeurs fondamentales les plus importantes : la fiabilit\u00e9, la clart\u00e9 et la flexibilit\u00e9. Elvacenter veut \u00eatre une entreprise sur laquelle vous pouvez compter. Clients, employ\u00e9s, fournisseurs&#8230; Chaque question doit recevoir une r\u00e9ponse. Chaque rendez-vous doit \u00eatre respect\u00e9. Chaque probl\u00e8me doit \u00eatre r\u00e9solu. C&#8217;est inscrit dans l&#8217;ADN des fondateurs d&#8217;Elvacenter. Et ce sont des crit\u00e8res importants dans la proc\u00e9dure de s\u00e9lection des nouveaux employ\u00e9s. La culture d&#8217;entreprise d&#8217;Elvacenter en quelques mots ? Ne jamais vous laisser tomber ![\/vc_column_text][\/vc_column][\/vc_row][vc_row full_width=&#8221;stretch_row_content&#8221; content_placement=&#8221;middle&#8221; css=&#8221;.vc_custom_1695371823869{margin-bottom: 0px !important;padding-bottom: 0px !important;background-color: #1a405a !important;}&#8221; el_class=&#8221;rij1&#8243; el_id=&#8221;blokdonker&#8221;][vc_column][vc_column_text css_animation=&#8221;fadeInUp&#8221;]<\/p>\n<h2 style=\"text-align: center;\">FAITS ET CHIFFRES<\/h2>\n<p>[\/vc_column_text][vc_empty_space height=&#8221;120px&#8221;][vc_column_text css=&#8221;.vc_custom_1695371812482{margin-bottom: 0px !important;padding-bottom: 0px !important;}&#8221;]<\/p>\n<p style=\"line-height: 0!important;\"><img loading=\"lazy\" decoding=\"async\" class=\"vc_single_image-img attachment-full aligncenter\" title=\"ec-facts-3\" src=\"https:\/\/elvacenter.com\/wp-content\/uploads\/2023\/08\/ec-facts-3.svg\" alt=\"\" width=\"1568\" height=\"205\" \/><\/p>\n<p>[\/vc_column_text][\/vc_column][\/vc_row][vc_row el_class=&#8221;rij1&#8243; css=&#8221;.vc_custom_1646250702800{margin-bottom: 0px !important;padding-bottom: 0px !important;}&#8221;][vc_column css_animation=&#8221;fadeInUp&#8221;][vc_widget_sidebar sidebar_id=&#8221;contacttekst&#8221;][vc_widget_sidebar sidebar_id=&#8221;contactbuttons&#8221;][\/vc_column][\/vc_row]<\/p>\n<\/div>","protected":false},"excerpt":{"rendered":"<p>[vc_row full_width=&#8221;stretch_row&#8221; el_class=&#8221;headerrij&#8221;][vc_column][vc_row_inner el_class=&#8221;blokheaderdonker&#8221;][vc_column_inner width=&#8221;1\/6&#8243;][\/vc_column_inner][vc_column_inner width=&#8221;2\/3&#8243;][vc_column_text css_animation=&#8221;fadeInUp&#8221;] Mission, vision, VALEURS PRINCIPALES Elvacenter: Votre centre d&#8217;achat unique pour les pi\u00e8ces d\u00e9tach\u00e9es d&#8217;ascenseurs et d&#8217;escaliers m\u00e9caniques, les projets de modernisation et les nouvelles installations [\/vc_column_text][\/vc_column_inner][vc_column_inner width=&#8221;1\/6&#8243;][\/vc_column_inner][\/vc_row_inner][\/vc_column][\/vc_row][vc_row full_width=&#8221;stretch_row&#8221; content_placement=&#8221;middle&#8221; css=&#8221;.vc_custom_1692354733998{background-color: #eeeeee !important;}&#8221; el_class=&#8221;rij1&#8243;][vc_column css_animation=&#8221;fadeInUp&#8221; width=&#8221;1\/2&#8243;][vc_column_text][\/vc_column_text][\/vc_column][vc_column css_animation=&#8221;fadeInUp&#8221; width=&#8221;1\/2&#8243; css=&#8221;.vc_custom_1646649515868&#8243; el_class=&#8221;tekstkolom&#8221;][vc_column_text css_animation=&#8221;fadeInUp&#8221;] Mission Elvacenter est le fournisseur complet et le [&hellip;]<\/p>\n","protected":false},"author":1,"featured_media":0,"parent":0,"menu_order":0,"comment_status":"closed","ping_status":"closed","template":"","meta":{"inline_featured_image":false,"footnotes":""},"class_list":["post-24462","page","type-page","status-publish","hentry"],"_links":{"self":[{"href":"https:\/\/elvacenter.com\/fr\/wp-json\/wp\/v2\/pages\/24462","targetHints":{"allow":["GET"]}}],"collection":[{"href":"https:\/\/elvacenter.com\/fr\/wp-json\/wp\/v2\/pages"}],"about":[{"href":"https:\/\/elvacenter.com\/fr\/wp-json\/wp\/v2\/types\/page"}],"author":[{"embeddable":true,"href":"https:\/\/elvacenter.com\/fr\/wp-json\/wp\/v2\/users\/1"}],"replies":[{"embeddable":true,"href":"https:\/\/elvacenter.com\/fr\/wp-json\/wp\/v2\/comments?post=24462"}],"version-history":[{"count":8,"href":"https:\/\/elvacenter.com\/fr\/wp-json\/wp\/v2\/pages\/24462\/revisions"}],"predecessor-version":[{"id":24561,"href":"https:\/\/elvacenter.com\/fr\/wp-json\/wp\/v2\/pages\/24462\/revisions\/24561"}],"wp:attachment":[{"href":"https:\/\/elvacenter.com\/fr\/wp-json\/wp\/v2\/media?parent=24462"}],"curies":[{"name":"wp","href":"https:\/\/api.w.org\/{rel}","templated":true}]}}