{"id":24265,"date":"2023-03-17T15:28:52","date_gmt":"2023-03-17T14:28:52","guid":{"rendered":"https:\/\/elvacenter.com\/?page_id=24265"},"modified":"2023-03-17T15:28:52","modified_gmt":"2023-03-17T14:28:52","slug":"rencontre-avec-elvacenter","status":"publish","type":"page","link":"https:\/\/elvacenter.com\/fr\/rencontre-avec-elvacenter\/","title":{"rendered":"RENCONTRE AVEC ELVACENTER"},"content":{"rendered":"<div class=\"wpb-content-wrapper\"><p>[vc_row full_width=&#8221;stretch_row&#8221; el_class=&#8221;headerrij&#8221;][vc_column][vc_row_inner el_class=&#8221;blokheaderdonker&#8221;][vc_column_inner width=&#8221;1\/6&#8243;][\/vc_column_inner][vc_column_inner width=&#8221;2\/3&#8243;][vc_column_text css_animation=&#8221;fadeInUp&#8221;]<\/p>\n<h1 style=\"text-align: center;\">RENCONTRE AVEC ELVACENTER<\/h1>\n<h2 style=\"text-align: center;\">LA S\u00c9CURIT\u00c9 AVANT TOUT ! C&#8217;EST POURQUOI ELVACENTER EST LIVR\u00c9 AVEC UN QISS.<\/h2>\n<p>[\/vc_column_text][\/vc_column_inner][vc_column_inner width=&#8221;1\/6&#8243;][\/vc_column_inner][\/vc_row_inner][\/vc_column][\/vc_row][vc_row full_width=&#8221;stretch_row&#8221; content_placement=&#8221;middle&#8221; css=&#8221;.vc_custom_1646483107898{background-color: #eeeeee !important;}&#8221; el_class=&#8221;rij1&#8243;][vc_column width=&#8221;1\/2&#8243;][vc_single_image image=&#8221;24130&#8243; img_size=&#8221;full&#8221; alignment=&#8221;center&#8221; css_animation=&#8221;fadeIn&#8221;][\/vc_column][vc_column css_animation=&#8221;bounceInUp&#8221; width=&#8221;1\/2&#8243; css=&#8221;.vc_custom_1646619615963{padding-right: 70px !important;}&#8221; el_class=&#8221;tekstkolom&#8221;][vc_column_text css_animation=&#8221;fadeInUp&#8221;]<strong>En tant que fabricant ou installateur d&#8217;ascenseurs, vous le savez mieux que quiconque : La fiabilit\u00e9 est le mot cl\u00e9. La s\u00e9curit\u00e9 passe avant tout, et le passager de l&#8217;ascenseur doit pouvoir lui faire une confiance aveugle. Chez Elvacenter, vous pouvez donc compter sur QISS.<\/strong><\/p>\n<h2>QUALIT\u00c9, IMPLICATION ET RAPIDIT\u00c9 POUR LA S\u00c9CURIT\u00c9.<\/h2>\n<p>Quality, Involvement &amp; Speed for Safety. Ou : QISS. Les ascenseurs doivent \u00eatre s\u00fbrs et le rester. Gr\u00e2ce \u00e0 la qualit\u00e9, \u00e0 l&#8217;implication et \u00e0 la rapidit\u00e9, nous y contribuons chaque jour chez Elvacenter. Nous fournissons des pi\u00e8ces d&#8217;ascenseurs et d&#8217;escaliers m\u00e9caniques fiables provenant exclusivement de marques de qualit\u00e9. Nous sommes toujours disponibles pour des conseils personnalis\u00e9s et une assistance technique. Et nous livrons les pi\u00e8ces command\u00e9es rapidement, \u00e0 la vitesse de l&#8217;\u00e9clair ou en urgence ![\/vc_column_text][vc_btn title=&#8221;\u00c0 PROPOS&#8221; style=&#8221;classic&#8221; shape=&#8221;square&#8221; link=&#8221;url:https%3A%2F%2Felvacenter.com%2Ffr%2Fa-propos%2F|title:Lire%20plus&#8221;][\/vc_column][\/vc_row][vc_row full_width=&#8221;stretch_row&#8221; equal_height=&#8221;yes&#8221; content_placement=&#8221;middle&#8221; el_class=&#8221;rij1&#8243; css=&#8221;.vc_custom_1646164302647{background-color: #1a405a !important;}&#8221; el_id=&#8221;blokdonker&#8221;][vc_column css_animation=&#8221;fadeInUp&#8221;][vc_widget_sidebar sidebar_id=&#8221;logospartners&#8221;][\/vc_column][\/vc_row][vc_row el_class=&#8221;rij1&#8243; css=&#8221;.vc_custom_1646250702800{margin-bottom: 0px !important;padding-bottom: 0px !important;}&#8221;][vc_column css_animation=&#8221;fadeInUp&#8221;][vc_widget_sidebar sidebar_id=&#8221;contacttekst&#8221;][vc_widget_sidebar sidebar_id=&#8221;contactbuttons&#8221;][\/vc_column][\/vc_row]<\/p>\n<\/div>","protected":false},"excerpt":{"rendered":"<p>[vc_row full_width=&#8221;stretch_row&#8221; el_class=&#8221;headerrij&#8221;][vc_column][vc_row_inner el_class=&#8221;blokheaderdonker&#8221;][vc_column_inner width=&#8221;1\/6&#8243;][\/vc_column_inner][vc_column_inner width=&#8221;2\/3&#8243;][vc_column_text css_animation=&#8221;fadeInUp&#8221;] RENCONTRE AVEC ELVACENTER LA S\u00c9CURIT\u00c9 AVANT TOUT ! C&#8217;EST POURQUOI ELVACENTER EST LIVR\u00c9 AVEC UN QISS. [\/vc_column_text][\/vc_column_inner][vc_column_inner width=&#8221;1\/6&#8243;][\/vc_column_inner][\/vc_row_inner][\/vc_column][\/vc_row][vc_row full_width=&#8221;stretch_row&#8221; content_placement=&#8221;middle&#8221; css=&#8221;.vc_custom_1646483107898{background-color: #eeeeee !important;}&#8221; el_class=&#8221;rij1&#8243;][vc_column width=&#8221;1\/2&#8243;][vc_single_image image=&#8221;24130&#8243; img_size=&#8221;full&#8221; alignment=&#8221;center&#8221; css_animation=&#8221;fadeIn&#8221;][\/vc_column][vc_column css_animation=&#8221;bounceInUp&#8221; width=&#8221;1\/2&#8243; css=&#8221;.vc_custom_1646619615963{padding-right: 70px !important;}&#8221; el_class=&#8221;tekstkolom&#8221;][vc_column_text css_animation=&#8221;fadeInUp&#8221;]En tant que fabricant ou installateur d&#8217;ascenseurs, vous le savez mieux que quiconque [&hellip;]<\/p>\n","protected":false},"author":1,"featured_media":0,"parent":0,"menu_order":0,"comment_status":"closed","ping_status":"closed","template":"","meta":{"inline_featured_image":false,"footnotes":""},"class_list":["post-24265","page","type-page","status-publish","hentry"],"_links":{"self":[{"href":"https:\/\/elvacenter.com\/fr\/wp-json\/wp\/v2\/pages\/24265","targetHints":{"allow":["GET"]}}],"collection":[{"href":"https:\/\/elvacenter.com\/fr\/wp-json\/wp\/v2\/pages"}],"about":[{"href":"https:\/\/elvacenter.com\/fr\/wp-json\/wp\/v2\/types\/page"}],"author":[{"embeddable":true,"href":"https:\/\/elvacenter.com\/fr\/wp-json\/wp\/v2\/users\/1"}],"replies":[{"embeddable":true,"href":"https:\/\/elvacenter.com\/fr\/wp-json\/wp\/v2\/comments?post=24265"}],"version-history":[{"count":2,"href":"https:\/\/elvacenter.com\/fr\/wp-json\/wp\/v2\/pages\/24265\/revisions"}],"predecessor-version":[{"id":24267,"href":"https:\/\/elvacenter.com\/fr\/wp-json\/wp\/v2\/pages\/24265\/revisions\/24267"}],"wp:attachment":[{"href":"https:\/\/elvacenter.com\/fr\/wp-json\/wp\/v2\/media?parent=24265"}],"curies":[{"name":"wp","href":"https:\/\/api.w.org\/{rel}","templated":true}]}}