{"id":24249,"date":"2023-03-17T12:08:44","date_gmt":"2023-03-17T11:08:44","guid":{"rendered":"https:\/\/elvacenter.com\/?page_id=24249"},"modified":"2023-03-17T12:08:44","modified_gmt":"2023-03-17T11:08:44","slug":"contact","status":"publish","type":"page","link":"https:\/\/elvacenter.com\/fr\/contact\/","title":{"rendered":"Contact"},"content":{"rendered":"<div class=\"wpb-content-wrapper\"><p>[vc_row full_width=&#8221;stretch_row&#8221; el_class=&#8221;headerrij&#8221;][vc_column][vc_row_inner el_class=&#8221;blokheaderdonker&#8221;][vc_column_inner width=&#8221;1\/6&#8243;][\/vc_column_inner][vc_column_inner width=&#8221;2\/3&#8243;][vc_column_text css_animation=&#8221;fadeInUp&#8221;]<\/p>\n<h1 style=\"text-align: center;\">Contact<\/h1>\n<h2 style=\"text-align: center;\">CE QUE VOUS DEVEZ SAVOIR EN TANT QUE<br \/>\nPROFESSIONNEL DES ASCENSEURS ET DES ESCALIERS M\u00c9CANIQUES :<\/p>\n<p><span style=\"font-weight: 300;\">NOUS NE VOUS LAISSONS JAMAIS TOMBER<\/span><\/h2>\n<p>[\/vc_column_text][\/vc_column_inner][vc_column_inner width=&#8221;1\/6&#8243;][\/vc_column_inner][\/vc_row_inner][vc_empty_space height=&#8221;240px&#8221; el_class=&#8221;contactspace&#8221;][\/vc_column][\/vc_row][vc_row full_width=&#8221;stretch_row&#8221; css=&#8221;.vc_custom_1646437287961{padding-top: 40px !important;background-color: #eeeeee !important;}&#8221; el_class=&#8221;rijblokkenhome&#8221;][vc_column css=&#8221;.vc_custom_1646432946617{margin-top: -270px !important;}&#8221;][vc_row_inner el_class=&#8221;blokheaderdonker&#8221;][vc_column_inner width=&#8221;1\/6&#8243;][\/vc_column_inner][vc_column_inner width=&#8221;1\/3&#8243;][vc_column_text css_animation=&#8221;fadeInUp&#8221; el_class=&#8221;kolomvorm-land&#8221;]<\/p>\n<h3 style=\"text-align: center;\">BELGIQUE<\/h3>\n<p style=\"text-align: center;\">Begoniastraat 25<br \/>\n9810 Eke<br \/>\n<a href=\"mailto:orders-be@elvacenter.com\">orders-be@elvacenter.com<\/a><br \/>\n+32 (0)932 960 55<\/p>\n<p>[\/vc_column_text][vc_icon icon_fontawesome=&#8221;fas fa-map-marker-alt&#8221; align=&#8221;center&#8221; css_animation=&#8221;bounceInUp&#8221; link=&#8221;url:https%3A%2F%2Fwww.google.com%2Fmaps%2Fplace%2FBegoniastraat%2B25%2C%2B9810%2BNazareth%2C%2BBelgi%25C3%25AB%2F%4050.9763016%2C3.6535289%2C17z%2Fdata%3D!3m1!4b1!4m5!3m4!1s0x47c372eaa62e7e85%3A0xe7b734eccb81c06b!8m2!3d50.9763016!4d3.6557176|title:Service|target:%20_blank|&#8221; el_class=&#8221;vormbuttonangle&#8221;][\/vc_column_inner][vc_column_inner width=&#8221;1\/3&#8243;][vc_column_text css_animation=&#8221;fadeInUp&#8221; el_class=&#8221;kolomvorm-land&#8221;]<\/p>\n<h3 style=\"text-align: center;\">PAYS-BAS<\/h3>\n<p style=\"text-align: center;\">Vlotlaan 655<br \/>\n2681 TZ Monster<br \/>\n<a href=\"mailto:orders-nl@elvacenter.com\">orders-nl@elvacenter.com<\/a><br \/>\n+31 (0)174 403 637<\/p>\n<p>[\/vc_column_text][vc_icon icon_fontawesome=&#8221;fas fa-map-marker-alt&#8221; align=&#8221;center&#8221; css_animation=&#8221;bounceInUp&#8221; link=&#8221;url:https%3A%2F%2Fwww.google.com%2Fmaps%2Fplace%2FVlotlaan%2B554%2C%2B2681%2BTX%2BMonster%2F%4052.0192404%2C4.1620443%2C17z%2Fdata%3D!3m1!4b1!4m5!3m4!1s0x47c5adeee41c0083%3A0xf04c88b89ebd3368!8m2!3d52.0192404!4d4.164233|title:Service|target:%20_blank|&#8221; el_class=&#8221;vormbuttonangle&#8221;][\/vc_column_inner][vc_column_inner width=&#8221;1\/6&#8243;][\/vc_column_inner][\/vc_row_inner][\/vc_column][\/vc_row][vc_row full_width=&#8221;stretch_row&#8221; el_class=&#8221;rij1&#8243; css=&#8221;.vc_custom_1646437292940{background-color: #eeeeee !important;}&#8221;][vc_column css_animation=&#8221;fadeInUp&#8221; el_class=&#8221;contactformblok&#8221;][vc_row_inner][vc_column_inner width=&#8221;1\/3&#8243;][vc_empty_space][vc_column_text]<\/p>\n<h3>Contact<\/h3>\n<p>Toujours disponible par t\u00e9l\u00e9phone, WhatsApp et e-mail.<br \/>\nToujours pr\u00e8s de chez vous gr\u00e2ce \u00e0 notre solide r\u00e9seau de partenaires.<\/p>\n<p><a href=\"mailto:info@elvacenter.com\">info@elvacenter.com<\/a><\/p>\n<p>+32 (0)932 960 55 (Belgium)<br \/>\n+31 (0)174 403 637 (The Netherlands)<\/p>\n<p>Company number (BE): 0538982478[\/vc_column_text][\/vc_column_inner][vc_column_inner width=&#8221;2\/3&#8243;]\n<div class=\"wpcf7 no-js\" id=\"wpcf7-f24252-o1\" lang=\"fr-FR\" dir=\"ltr\" data-wpcf7-id=\"24252\">\n<div class=\"screen-reader-response\"><p role=\"status\" aria-live=\"polite\" aria-atomic=\"true\"><\/p> <ul><\/ul><\/div>\n<form action=\"\/fr\/wp-json\/wp\/v2\/pages\/24249#wpcf7-f24252-o1\" method=\"post\" class=\"wpcf7-form init\" aria-label=\"Formulaire de contact\" novalidate=\"novalidate\" data-status=\"init\">\n<fieldset class=\"hidden-fields-container\"><input type=\"hidden\" name=\"_wpcf7\" value=\"24252\" \/><input type=\"hidden\" name=\"_wpcf7_version\" value=\"6.1.5\" \/><input type=\"hidden\" name=\"_wpcf7_locale\" value=\"fr_FR\" \/><input type=\"hidden\" name=\"_wpcf7_unit_tag\" value=\"wpcf7-f24252-o1\" \/><input type=\"hidden\" name=\"_wpcf7_container_post\" value=\"0\" \/><input type=\"hidden\" name=\"_wpcf7_posted_data_hash\" value=\"\" \/><input type=\"hidden\" name=\"_wpcf7_recaptcha_response\" value=\"\" \/>\n<\/fieldset>\n<p><span class=\"labelhalf\"><label>Nom *<br \/>\n<span class=\"wpcf7-form-control-wrap\" data-name=\"your-name\"><input size=\"40\" maxlength=\"400\" class=\"wpcf7-form-control wpcf7-text wpcf7-validates-as-required\" aria-required=\"true\" aria-invalid=\"false\" value=\"\" type=\"text\" name=\"your-name\" \/><\/span> <\/label><\/span><span class=\"labelhalf\"><label>E-mail *<br \/>\n<span class=\"wpcf7-form-control-wrap\" data-name=\"your-email\"><input size=\"40\" maxlength=\"400\" class=\"wpcf7-form-control wpcf7-email wpcf7-validates-as-required wpcf7-text wpcf7-validates-as-email\" aria-required=\"true\" aria-invalid=\"false\" value=\"\" type=\"email\" name=\"your-email\" \/><\/span> <\/label><\/span><span class=\"labelhalf\"><label>Entreprise *<br \/>\n<span class=\"wpcf7-form-control-wrap\" data-name=\"Company\"><input size=\"40\" maxlength=\"400\" class=\"wpcf7-form-control wpcf7-text wpcf7-validates-as-required\" aria-required=\"true\" aria-invalid=\"false\" value=\"\" type=\"text\" name=\"Company\" \/><\/span><\/label><\/span><span class=\"labelhalf\"><label>T\u00e9l\u00e9phone *<br \/>\n<span class=\"wpcf7-form-control-wrap\" data-name=\"tel-168\"><input size=\"40\" maxlength=\"400\" class=\"wpcf7-form-control wpcf7-tel wpcf7-text wpcf7-validates-as-tel\" aria-invalid=\"false\" value=\"\" type=\"tel\" name=\"tel-168\" \/><\/span><\/label><\/span><span class=\"labelfull\"><label>Votre message<br \/>\n<span class=\"wpcf7-form-control-wrap\" data-name=\"your-message\"><textarea cols=\"40\" rows=\"10\" maxlength=\"2000\" class=\"wpcf7-form-control wpcf7-textarea\" aria-invalid=\"false\" name=\"your-message\"><\/textarea><\/span> <\/label><br \/>\n<input class=\"wpcf7-form-control wpcf7-submit has-spinner\" type=\"submit\" value=\"Envoyer\" \/><\/span>\n<\/p><div class=\"wpcf7-response-output\" aria-hidden=\"true\"><\/div>\n<\/form>\n<\/div>\n[\/vc_column_inner][\/vc_row_inner][\/vc_column][\/vc_row][vc_row full_width=&#8221;stretch_row&#8221; el_class=&#8221;rij1&#8243; css=&#8221;.vc_custom_1646478831845{margin-bottom: 0px !important;padding-top: 0px !important;padding-bottom: 0px !important;background-color: #eeeeee !important;}&#8221;][vc_column css_animation=&#8221;fadeInUp&#8221;][vc_widget_sidebar sidebar_id=&#8221;contactbuttons&#8221;][\/vc_column][\/vc_row]<\/p>\n<\/div>","protected":false},"excerpt":{"rendered":"<p>[vc_row full_width=&#8221;stretch_row&#8221; el_class=&#8221;headerrij&#8221;][vc_column][vc_row_inner el_class=&#8221;blokheaderdonker&#8221;][vc_column_inner width=&#8221;1\/6&#8243;][\/vc_column_inner][vc_column_inner width=&#8221;2\/3&#8243;][vc_column_text css_animation=&#8221;fadeInUp&#8221;] Contact CE QUE VOUS DEVEZ SAVOIR EN TANT QUE PROFESSIONNEL DES ASCENSEURS ET DES ESCALIERS M\u00c9CANIQUES : NOUS NE VOUS LAISSONS JAMAIS TOMBER [\/vc_column_text][\/vc_column_inner][vc_column_inner width=&#8221;1\/6&#8243;][\/vc_column_inner][\/vc_row_inner][vc_empty_space height=&#8221;240px&#8221; el_class=&#8221;contactspace&#8221;][\/vc_column][\/vc_row][vc_row full_width=&#8221;stretch_row&#8221; css=&#8221;.vc_custom_1646437287961{padding-top: 40px !important;background-color: #eeeeee !important;}&#8221; el_class=&#8221;rijblokkenhome&#8221;][vc_column css=&#8221;.vc_custom_1646432946617{margin-top: -270px !important;}&#8221;][vc_row_inner el_class=&#8221;blokheaderdonker&#8221;][vc_column_inner width=&#8221;1\/6&#8243;][\/vc_column_inner][vc_column_inner width=&#8221;1\/3&#8243;][vc_column_text css_animation=&#8221;fadeInUp&#8221; el_class=&#8221;kolomvorm-land&#8221;] BELGIQUE Begoniastraat 25 9810 Eke orders-be@elvacenter.com [&hellip;]<\/p>\n","protected":false},"author":1,"featured_media":0,"parent":0,"menu_order":0,"comment_status":"closed","ping_status":"closed","template":"","meta":{"inline_featured_image":false,"footnotes":""},"class_list":["post-24249","page","type-page","status-publish","hentry"],"_links":{"self":[{"href":"https:\/\/elvacenter.com\/fr\/wp-json\/wp\/v2\/pages\/24249","targetHints":{"allow":["GET"]}}],"collection":[{"href":"https:\/\/elvacenter.com\/fr\/wp-json\/wp\/v2\/pages"}],"about":[{"href":"https:\/\/elvacenter.com\/fr\/wp-json\/wp\/v2\/types\/page"}],"author":[{"embeddable":true,"href":"https:\/\/elvacenter.com\/fr\/wp-json\/wp\/v2\/users\/1"}],"replies":[{"embeddable":true,"href":"https:\/\/elvacenter.com\/fr\/wp-json\/wp\/v2\/comments?post=24249"}],"version-history":[{"count":1,"href":"https:\/\/elvacenter.com\/fr\/wp-json\/wp\/v2\/pages\/24249\/revisions"}],"predecessor-version":[{"id":24250,"href":"https:\/\/elvacenter.com\/fr\/wp-json\/wp\/v2\/pages\/24249\/revisions\/24250"}],"wp:attachment":[{"href":"https:\/\/elvacenter.com\/fr\/wp-json\/wp\/v2\/media?parent=24249"}],"curies":[{"name":"wp","href":"https:\/\/api.w.org\/{rel}","templated":true}]}}