{"id":24246,"date":"2023-03-17T12:07:10","date_gmt":"2023-03-17T11:07:10","guid":{"rendered":"https:\/\/elvacenter.com\/?page_id=24246"},"modified":"2026-04-23T16:59:11","modified_gmt":"2026-04-23T14:59:11","slug":"lequipe","status":"publish","type":"page","link":"https:\/\/elvacenter.com\/fr\/lequipe\/","title":{"rendered":"L&#8217;\u00c9QUIPE"},"content":{"rendered":"<div class=\"wpb-content-wrapper\"><p>[vc_row full_width=&#8221;stretch_row&#8221; el_class=&#8221;headerrij&#8221;][vc_column css_animation=&#8221;fadeInUp&#8221;][vc_row_inner el_class=&#8221;blokheaderdonker&#8221;][vc_column_inner width=&#8221;1\/6&#8243;][\/vc_column_inner][vc_column_inner el_class=&#8221;kolomgecentreerd&#8221; width=&#8221;2\/3&#8243;][vc_column_text css_animation=&#8221;none&#8221;]<\/p>\n<h1 style=\"text-align: center;\">L&#8217;\u00c9QUIPE<\/h1>\n<h2 style=\"text-align: center;\">RENCONTREZ NOTRE \u00c9QUIPE !<\/h2>\n<h2 style=\"text-align: center;\"><span style=\"font-weight: 300;\">ILS NE VOUS LAISSERONT JAMAIS TOMBER<\/span><\/h2>\n<p style=\"text-align: center;\">Vous avez une question ou un commentaire ? N&#8217;h\u00e9sitez pas \u00e0 contacter la bonne personne. Elle se fera un plaisir de vous aider.<\/p>\n<p>[\/vc_column_text][\/vc_column_inner][vc_column_inner width=&#8221;1\/6&#8243;][\/vc_column_inner][\/vc_row_inner][vc_row_inner el_class=&#8221;team&#8221; css=&#8221;.vc_custom_1646355429243&#8243;][vc_column_inner width=&#8221;1\/3&#8243;][vc_single_image image=&#8221;24193&#8243; alignment=&#8221;center&#8221;][vc_column_text el_class=&#8221;teamtekst&#8221;]<\/p>\n<h4 style=\"text-align: center;\">Melvin Kool<\/h4>\n<h5 style=\"text-align: center;\">Managing Director<\/h5>\n<p style=\"text-align: center;\">+31 (0)174 403 637<br \/>\n<a href=\"mailto:m.kool@elvacenter.com\">m.kool@elvacenter.com<\/a><\/p>\n<p>[\/vc_column_text][vc_icon icon_fontawesome=&#8221;fab fa-linkedin-in&#8221; size=&#8221;sm&#8221; align=&#8221;center&#8221; link=&#8221;url:https%3A%2F%2Fwww.linkedin.com%2Fcompany%2F82965839%2Fadmin%2F||target:%20_blank|&#8221;][\/vc_column_inner][vc_column_inner width=&#8221;1\/3&#8243;][vc_single_image image=&#8221;24177&#8243; alignment=&#8221;center&#8221;][vc_column_text el_class=&#8221;teamtekst&#8221;]<\/p>\n<h4 style=\"text-align: center;\">Alex Deconynck<\/h4>\n<h5 style=\"text-align: center;\">Managing Director<\/h5>\n<p style=\"text-align: center;\">+32 (0)932 960 55<br \/>\n<a href=\"mailto:a.deconynck@elvacenter.com\">a.deconynck@elvacenter.com<\/a><\/p>\n<p>[\/vc_column_text][vc_icon icon_fontawesome=&#8221;fab fa-linkedin-in&#8221; size=&#8221;sm&#8221; align=&#8221;center&#8221; link=&#8221;url:https%3A%2F%2Fwww.linkedin.com%2Fcompany%2F82965839%2Fadmin%2F||target:%20_blank|&#8221;][\/vc_column_inner][vc_column_inner width=&#8221;1\/3&#8243;][vc_single_image image=&#8221;24189&#8243; alignment=&#8221;center&#8221;][vc_column_text el_class=&#8221;teamtekst&#8221;]<\/p>\n<h4 style=\"text-align: center;\">Jens Engels<\/h4>\n<h5 style=\"text-align: center;\">Branch Operations Manager BE<\/h5>\n<p style=\"text-align: center;\">+32 (0)932 960 55<br \/>\n<a href=\"mailto:j.engels@elvacenter.com\">j.engels@elvacenter.com<\/a><\/p>\n<p>[\/vc_column_text][vc_icon icon_fontawesome=&#8221;fab fa-linkedin-in&#8221; size=&#8221;sm&#8221; align=&#8221;center&#8221; link=&#8221;url:https%3A%2F%2Fwww.linkedin.com%2Fcompany%2F82965839%2Fadmin%2F||target:%20_blank|&#8221;][\/vc_column_inner][\/vc_row_inner][vc_row_inner el_class=&#8221;team&#8221; css=&#8221;.vc_custom_1646355429243&#8243;][vc_column_inner width=&#8221;1\/3&#8243;][vc_single_image image=&#8221;24201&#8243; alignment=&#8221;center&#8221;][vc_column_text el_class=&#8221;teamtekst&#8221;]<\/p>\n<h4 style=\"text-align: center;\">Samantha Elmendorp<\/h4>\n<h5 style=\"text-align: center;\">Technical Sales Advisor<\/h5>\n<p style=\"text-align: center;\">+31 (0)174 403 637<br \/>\n<a href=\"mailto:s.elmendorp@elvacenter.com\">s.elmendorp@elvacenter.com<\/a><\/p>\n<p>[\/vc_column_text][vc_icon icon_fontawesome=&#8221;fab fa-linkedin-in&#8221; size=&#8221;sm&#8221; align=&#8221;center&#8221; link=&#8221;url:https%3A%2F%2Fwww.linkedin.com%2Fcompany%2F82965839%2Fadmin%2F||target:%20_blank|&#8221;][\/vc_column_inner][vc_column_inner width=&#8221;1\/3&#8243;][vc_single_image image=&#8221;24195&#8243; alignment=&#8221;center&#8221;][vc_column_text el_class=&#8221;teamtekst&#8221;]<\/p>\n<h4 style=\"text-align: center;\">Mike Lambotte<\/h4>\n<h5 style=\"text-align: center;\">Commercial Technical Advisor &#8211; Modernisation<\/h5>\n<p style=\"text-align: center;\">+32 (0)932 960 55<br \/>\n<a href=\"mailto:j.engels@elvacenter.com\">m.lambotte@elvacenter.com<\/a><\/p>\n<p>[\/vc_column_text][vc_icon icon_fontawesome=&#8221;fab fa-linkedin-in&#8221; size=&#8221;sm&#8221; align=&#8221;center&#8221; link=&#8221;url:https%3A%2F%2Fwww.linkedin.com%2Fcompany%2F82965839%2Fadmin%2F||target:%20_blank|&#8221;][\/vc_column_inner][vc_column_inner width=&#8221;1\/3&#8243;][vc_single_image image=&#8221;24209&#8243; alignment=&#8221;center&#8221;][vc_column_text el_class=&#8221;teamtekst&#8221;]<\/p>\n<h4 style=\"text-align: center;\">Yannick Leplae<\/h4>\n<h5 style=\"text-align: center;\">Commercial Technical Advisor &#8211; Modernisation<\/h5>\n<p style=\"text-align: center;\">+32 (0)932 960 55<br \/>\n<a href=\"mailto:y.leplae@elvacenter.com\">y.leplae@elvacenter.com<\/a><\/p>\n<p>[\/vc_column_text][vc_icon icon_fontawesome=&#8221;fab fa-linkedin-in&#8221; size=&#8221;sm&#8221; align=&#8221;center&#8221; link=&#8221;url:https%3A%2F%2Fwww.linkedin.com%2Fcompany%2F82965839%2Fadmin%2F||target:%20_blank|&#8221;][\/vc_column_inner][\/vc_row_inner][vc_row_inner el_class=&#8221;team&#8221; css=&#8221;.vc_custom_1646355429243&#8243;][vc_column_inner width=&#8221;1\/3&#8243;][vc_single_image image=&#8221;24191&#8243; alignment=&#8221;center&#8221;][vc_column_text el_class=&#8221;teamtekst&#8221;]<\/p>\n<h4 style=\"text-align: center;\">Kenny Leplae<\/h4>\n<h5 style=\"text-align: center;\">Commercial Technical Advisor &#8211; Modernisation<\/h5>\n<p style=\"text-align: center;\">+32 (0)932 960 55<br \/>\n<a href=\"mailto:y.leplae@elvacenter.com\">k.leplae@elvacenter.com<\/a><\/p>\n<p>[\/vc_column_text][vc_icon icon_fontawesome=&#8221;fab fa-linkedin-in&#8221; size=&#8221;sm&#8221; align=&#8221;center&#8221; link=&#8221;url:https%3A%2F%2Fwww.linkedin.com%2Fcompany%2F82965839%2Fadmin%2F||target:%20_blank|&#8221;][\/vc_column_inner][vc_column_inner width=&#8221;1\/3&#8243;][vc_single_image image=&#8221;24757&#8243; alignment=&#8221;center&#8221;][vc_column_text el_class=&#8221;teamtekst&#8221;]<\/p>\n<h4 style=\"text-align: center;\">KENNY VAN DEN BROECKE<\/h4>\n<h5 style=\"text-align: center;\"><span lang=\"EN-US\">Commercial Technical Advisor<\/span><\/h5>\n<p style=\"text-align: center;\">+32 (0)932 960 55<br \/>\n<a href=\"mailto:k.vandenbroecke@elvacenter.com\">k.vandenbroecke@elvacenter.com<\/a><\/p>\n<p>[\/vc_column_text][vc_icon icon_fontawesome=&#8221;fab fa-linkedin-in&#8221; size=&#8221;sm&#8221; align=&#8221;center&#8221; link=&#8221;url:https%3A%2F%2Fwww.linkedin.com%2Fcompany%2F82965839%2F||target:%20_blank|&#8221;][\/vc_column_inner][vc_column_inner width=&#8221;1\/3&#8243;][vc_single_image image=&#8221;24205&#8243; alignment=&#8221;center&#8221;][vc_column_text el_class=&#8221;teamtekst&#8221;]<\/p>\n<h4 style=\"text-align: center;\">Tom Roegiers<\/h4>\n<h5 style=\"text-align: center;\">Wizard of Logistics &amp; Supply<\/h5>\n<p style=\"text-align: center;\">+32 (0)932 960 55<br \/>\n<a href=\"mailto:t.roegiers@elvacenter.com\">t.roegiers@elvacenter.com<\/a><\/p>\n<p>[\/vc_column_text][vc_icon icon_fontawesome=&#8221;fab fa-linkedin-in&#8221; size=&#8221;sm&#8221; align=&#8221;center&#8221; link=&#8221;url:https%3A%2F%2Fwww.linkedin.com%2Fcompany%2F82965839%2Fadmin%2F||target:%20_blank|&#8221;][\/vc_column_inner][\/vc_row_inner][vc_row_inner el_class=&#8221;team&#8221; css=&#8221;.vc_custom_1646355429243&#8243;][vc_column_inner width=&#8221;1\/3&#8243;][vc_single_image image=&#8221;25529&#8243; alignment=&#8221;center&#8221; css=&#8221;&#8221;][vc_column_text css=&#8221;&#8221; el_class=&#8221;teamtekst&#8221;]<\/p>\n<h4 style=\"text-align: center;\">Dean De Grove<\/h4>\n<h5 style=\"text-align: center;\">Commercial Technical Advisor \u2013 Modernisation<\/h5>\n<p style=\"text-align: center;\">+32 (0)932 960 55<br \/>\n<a href=\"mailto:d.degrove@elvacenter.com\">d.degrove@elvacenter.com<\/a><\/p>\n<p>[\/vc_column_text][vc_icon icon_fontawesome=&#8221;fab fa-linkedin-in&#8221; size=&#8221;sm&#8221; align=&#8221;center&#8221; link=&#8221;url:https%3A%2F%2Fwww.linkedin.com%2Fcompany%2F82965839%2Fadmin%2F||target:%20_blank|&#8221;][\/vc_column_inner][vc_column_inner width=&#8221;1\/3&#8243;][vc_single_image image=&#8221;24772&#8243; alignment=&#8221;center&#8221;][vc_column_text el_class=&#8221;teamtekst&#8221;]<\/p>\n<h4 style=\"text-align: center;\">JOLIEN VAN RUYSKENSVELDE<\/h4>\n<h5 style=\"text-align: center;\">Support Backoffice \u2013 Finance<\/h5>\n<p style=\"text-align: center;\">+32 (0)932 960 55<br \/>\n<a href=\"mailto:j.vanruyskensvelde@elvacenter.com\">j.vanruyskensvelde@elvacenter.com<\/a><\/p>\n<p>[\/vc_column_text][vc_icon icon_fontawesome=&#8221;fab fa-linkedin-in&#8221; size=&#8221;sm&#8221; align=&#8221;center&#8221; link=&#8221;url:https%3A%2F%2Fwww.linkedin.com%2Fcompany%2F82965839%2Fadmin%2F||target:%20_blank|&#8221;][\/vc_column_inner][vc_column_inner width=&#8221;1\/3&#8243;][vc_single_image image=&#8221;24179&#8243; alignment=&#8221;center&#8221;][vc_column_text el_class=&#8221;teamtekst&#8221;]<\/p>\n<h4 style=\"text-align: center;\">FILIP DESMET<\/h4>\n<h5 style=\"text-align: center;\">Wizard of Logistics &amp; Supply<\/h5>\n<p style=\"text-align: center;\">+32 (0)932 960 55<br \/>\n<a href=\"mailto:f.desmet@elvacenter.com\">f.desmet@elvacenter.com<\/a><\/p>\n<p>[\/vc_column_text][vc_icon icon_fontawesome=&#8221;fab fa-linkedin-in&#8221; size=&#8221;sm&#8221; align=&#8221;center&#8221; link=&#8221;url:https%3A%2F%2Fwww.linkedin.com%2Fcompany%2F82965839%2Fadmin%2F||target:%20_blank|&#8221;][\/vc_column_inner][\/vc_row_inner][vc_row_inner el_class=&#8221;team&#8221; css=&#8221;.vc_custom_1646355429243&#8243;][vc_column_inner width=&#8221;1\/3&#8243;][vc_single_image image=&#8221;24745&#8243; alignment=&#8221;center&#8221;][vc_column_text el_class=&#8221;teamtekst&#8221;]<\/p>\n<h4 style=\"text-align: center;\">Henry van Driessche<\/h4>\n<h5 style=\"text-align: center;\">Wizard of Logistics &amp; Supply<\/h5>\n<p style=\"text-align: center;\">+32 (0)932 960 55<br \/>\n<a href=\"mailto:h.vandriessche@elvacenter.com\">h.vandriessche@elvacenter.com<\/a><\/p>\n<p>[\/vc_column_text][vc_icon icon_fontawesome=&#8221;fab fa-linkedin-in&#8221; size=&#8221;sm&#8221; align=&#8221;center&#8221; link=&#8221;url:https%3A%2F%2Fwww.linkedin.com%2Fcompany%2F82965839%2F||target:%20_blank|&#8221;][\/vc_column_inner][vc_column_inner width=&#8221;1\/3&#8243;][vc_single_image image=&#8221;24947&#8243; alignment=&#8221;center&#8221; css=&#8221;&#8221;][vc_column_text css=&#8221;&#8221; el_class=&#8221;teamtekst&#8221;]<\/p>\n<h4 style=\"text-align: center;\">Kyo De Bleeckere<\/h4>\n<h5 style=\"text-align: center;\">Wizard of Logistics &amp; Supply<\/h5>\n<p style=\"text-align: center;\">+32 (0)932 960 55<br \/>\n<a href=\"mailto:k.debleeckere@elvacenter.com\">k.debleeckere@elvacenter.com<\/a><\/p>\n<p>[\/vc_column_text][vc_icon icon_fontawesome=&#8221;fab fa-linkedin-in&#8221; size=&#8221;sm&#8221; align=&#8221;center&#8221; link=&#8221;url:https%3A%2F%2Fwww.linkedin.com%2Fcompany%2F82965839%2F||target:%20_blank|&#8221;][\/vc_column_inner][vc_column_inner width=&#8221;1\/3&#8243;][vc_single_image image=&#8221;24952&#8243; alignment=&#8221;center&#8221; css=&#8221;&#8221;][vc_column_text css=&#8221;&#8221; el_class=&#8221;teamtekst&#8221;]<\/p>\n<h4 style=\"text-align: center;\">Tijl Joseph<\/h4>\n<h5 style=\"text-align: center;\">Commercial Technical Advisor<\/h5>\n<p style=\"text-align: center;\">+32 (0)932 960 55<br \/>\n<a href=\"mailto:t.joseph@elvacenter.com\">t.joseph@elvacenter.com<\/a><\/p>\n<p>[\/vc_column_text][vc_icon icon_fontawesome=&#8221;fab fa-linkedin-in&#8221; size=&#8221;sm&#8221; align=&#8221;center&#8221; link=&#8221;url:https%3A%2F%2Fwww.linkedin.com%2Fcompany%2F82965839%2F||target:%20_blank|&#8221;][\/vc_column_inner][\/vc_row_inner][vc_row_inner el_class=&#8221;team&#8221; css=&#8221;.vc_custom_1646355429243&#8243;][vc_column_inner width=&#8221;1\/3&#8243;][vc_single_image image=&#8221;24974&#8243; alignment=&#8221;center&#8221; css=&#8221;&#8221;][vc_column_text css=&#8221;&#8221; el_class=&#8221;teamtekst&#8221;]<\/p>\n<h4 style=\"text-align: center;\">Merle Vuurens<\/h4>\n<h5 style=\"text-align: center;\">Back office<\/h5>\n<p style=\"text-align: center;\">+31(0)174 403637<br \/>\n<a href=\"mailto:m.vuurens@elvacenter.com\">m.vuurens@elvacenter.com<\/a><\/p>\n<p>[\/vc_column_text][vc_icon icon_fontawesome=&#8221;fab fa-linkedin-in&#8221; size=&#8221;sm&#8221; align=&#8221;center&#8221; link=&#8221;url:https%3A%2F%2Fwww.linkedin.com%2Fcompany%2F82965839%2F||target:%20_blank|&#8221;][\/vc_column_inner][vc_column_inner width=&#8221;1\/3&#8243;][vc_single_image image=&#8221;25424&#8243; alignment=&#8221;center&#8221; css=&#8221;&#8221;][vc_column_text css=&#8221;&#8221; el_class=&#8221;teamtekst&#8221;]<\/p>\n<h4 style=\"text-align: center;\">Rian Depamelaere<\/h4>\n<h5 style=\"text-align: center;\">Customer Service<\/h5>\n<p style=\"text-align: center;\">+32 (0)932 960 55<br \/>\n<a href=\"mailto:r.depamelaere@elvacenter.com\">r.depamelaere@elvacenter.com<\/a><\/p>\n<p>[\/vc_column_text][vc_icon icon_fontawesome=&#8221;fab fa-linkedin-in&#8221; size=&#8221;sm&#8221; align=&#8221;center&#8221; link=&#8221;url:https%3A%2F%2Fwww.linkedin.com%2Fcompany%2F82965839%2F||target:%20_blank|&#8221;][\/vc_column_inner][vc_column_inner width=&#8221;1\/3&#8243;][vc_single_image image=&#8221;25420&#8243; alignment=&#8221;center&#8221; css=&#8221;&#8221;][vc_column_text css=&#8221;&#8221; el_class=&#8221;teamtekst&#8221;]<\/p>\n<h4 style=\"text-align: center;\">Davy Van Heghe<\/h4>\n<h5 style=\"text-align: center;\">Commercial Technical Advisor &#8211; Modernisation<\/h5>\n<p style=\"text-align: center;\">+32 (0)932 960 55<br \/>\n<a href=\"mailto:d.vanheghe@elvacenter.com\">d.vanheghe@elvacenter.com<\/a><\/p>\n<p>[\/vc_column_text][vc_icon icon_fontawesome=&#8221;fab fa-linkedin-in&#8221; size=&#8221;sm&#8221; align=&#8221;center&#8221; link=&#8221;url:https%3A%2F%2Fwww.linkedin.com%2Fcompany%2F82965839%2F||target:%20_blank|&#8221;][\/vc_column_inner][\/vc_row_inner][vc_row_inner el_class=&#8221;team&#8221; css=&#8221;.vc_custom_1646355429243&#8243;][vc_column_inner width=&#8221;1\/6&#8243;][\/vc_column_inner][vc_column_inner width=&#8221;1\/3&#8243;][vc_single_image image=&#8221;25462&#8243; alignment=&#8221;center&#8221; css=&#8221;&#8221;][vc_column_text css=&#8221;&#8221; el_class=&#8221;teamtekst&#8221;]<\/p>\n<h4 style=\"text-align: center;\">Sigrid Spekkers<\/h4>\n<h5 style=\"text-align: center;\">Commercial Technical Advisor<\/h5>\n<p style=\"text-align: center;\">+31 (0)174 403 637<br \/>\n<a href=\"mailto:s.spekkers@elvacenter.com\">s.spekkers@elvacenter.com<\/a><\/p>\n<p>[\/vc_column_text][vc_icon icon_fontawesome=&#8221;fab fa-linkedin-in&#8221; size=&#8221;sm&#8221; align=&#8221;center&#8221; link=&#8221;url:https%3A%2F%2Fwww.linkedin.com%2Fcompany%2F82965839%2F||target:%20_blank|&#8221;][\/vc_column_inner][vc_column_inner width=&#8221;1\/3&#8243;][vc_single_image image=&#8221;25449&#8243; alignment=&#8221;center&#8221; css=&#8221;&#8221;][vc_column_text css=&#8221;&#8221; el_class=&#8221;teamtekst&#8221;]<\/p>\n<h4 style=\"text-align: center;\">Ivo van der Hoeven<\/h4>\n<h5 style=\"text-align: center;\">Commercial Technical Advisor<\/h5>\n<p style=\"text-align: center;\">+31 (0)174 403 637<br \/>\n<a href=\"mailto:i.vanderhoeven@elvacenter.com\">i.vanderhoeven@elvacenter.com<\/a><\/p>\n<p>[\/vc_column_text][vc_icon icon_fontawesome=&#8221;fab fa-linkedin-in&#8221; size=&#8221;sm&#8221; align=&#8221;center&#8221; link=&#8221;url:https%3A%2F%2Fwww.linkedin.com%2Fcompany%2F82965839%2F||target:%20_blank|&#8221;][\/vc_column_inner][vc_column_inner width=&#8221;1\/6&#8243;][\/vc_column_inner][\/vc_row_inner][\/vc_column][\/vc_row][vc_row el_class=&#8221;rij1&#8243; css=&#8221;.vc_custom_1646250702800{margin-bottom: 0px !important;padding-bottom: 0px !important;}&#8221;][vc_column css_animation=&#8221;fadeInUp&#8221;][vc_widget_sidebar sidebar_id=&#8221;contacttekst&#8221;][vc_widget_sidebar sidebar_id=&#8221;contactbuttons&#8221;][\/vc_column][\/vc_row]<\/p>\n<\/div>","protected":false},"excerpt":{"rendered":"<p>[vc_row full_width=&#8221;stretch_row&#8221; el_class=&#8221;headerrij&#8221;][vc_column css_animation=&#8221;fadeInUp&#8221;][vc_row_inner el_class=&#8221;blokheaderdonker&#8221;][vc_column_inner width=&#8221;1\/6&#8243;][\/vc_column_inner][vc_column_inner el_class=&#8221;kolomgecentreerd&#8221; width=&#8221;2\/3&#8243;][vc_column_text css_animation=&#8221;none&#8221;] L&#8217;\u00c9QUIPE RENCONTREZ NOTRE \u00c9QUIPE ! ILS NE VOUS LAISSERONT JAMAIS TOMBER Vous avez une question ou un commentaire ? N&#8217;h\u00e9sitez pas \u00e0 contacter la bonne personne. Elle se fera un plaisir de vous aider. [\/vc_column_text][\/vc_column_inner][vc_column_inner width=&#8221;1\/6&#8243;][\/vc_column_inner][\/vc_row_inner][vc_row_inner el_class=&#8221;team&#8221; css=&#8221;.vc_custom_1646355429243&#8243;][vc_column_inner width=&#8221;1\/3&#8243;][vc_single_image image=&#8221;24193&#8243; alignment=&#8221;center&#8221;][vc_column_text el_class=&#8221;teamtekst&#8221;] Melvin Kool Managing Director [&hellip;]<\/p>\n","protected":false},"author":1,"featured_media":0,"parent":0,"menu_order":0,"comment_status":"closed","ping_status":"closed","template":"","meta":{"inline_featured_image":false,"footnotes":""},"class_list":["post-24246","page","type-page","status-publish","hentry"],"_links":{"self":[{"href":"https:\/\/elvacenter.com\/fr\/wp-json\/wp\/v2\/pages\/24246","targetHints":{"allow":["GET"]}}],"collection":[{"href":"https:\/\/elvacenter.com\/fr\/wp-json\/wp\/v2\/pages"}],"about":[{"href":"https:\/\/elvacenter.com\/fr\/wp-json\/wp\/v2\/types\/page"}],"author":[{"embeddable":true,"href":"https:\/\/elvacenter.com\/fr\/wp-json\/wp\/v2\/users\/1"}],"replies":[{"embeddable":true,"href":"https:\/\/elvacenter.com\/fr\/wp-json\/wp\/v2\/comments?post=24246"}],"version-history":[{"count":42,"href":"https:\/\/elvacenter.com\/fr\/wp-json\/wp\/v2\/pages\/24246\/revisions"}],"predecessor-version":[{"id":25533,"href":"https:\/\/elvacenter.com\/fr\/wp-json\/wp\/v2\/pages\/24246\/revisions\/25533"}],"wp:attachment":[{"href":"https:\/\/elvacenter.com\/fr\/wp-json\/wp\/v2\/media?parent=24246"}],"curies":[{"name":"wp","href":"https:\/\/api.w.org\/{rel}","templated":true}]}}