{"id":24242,"date":"2023-03-17T12:04:16","date_gmt":"2023-03-17T11:04:16","guid":{"rendered":"https:\/\/elvacenter.com\/?page_id=24242"},"modified":"2023-09-22T10:54:53","modified_gmt":"2023-09-22T08:54:53","slug":"a-propos","status":"publish","type":"page","link":"https:\/\/elvacenter.com\/fr\/a-propos\/","title":{"rendered":"\u00c0 PROPOS"},"content":{"rendered":"<div class=\"wpb-content-wrapper\"><p>[vc_row full_width=&#8221;stretch_row&#8221; el_class=&#8221;headerrij&#8221;][vc_column][vc_row_inner el_class=&#8221;blokheaderdonker&#8221;][vc_column_inner width=&#8221;1\/6&#8243;][\/vc_column_inner][vc_column_inner width=&#8221;2\/3&#8243;][vc_column_text css_animation=&#8221;fadeInUp&#8221;]<\/p>\n<h1 style=\"text-align: center;\">\u00c0 PROPOS<\/h1>\n<h2 style=\"text-align: center;\">MAIS QUI EST ELVACENTER ?<\/h2>\n<p>[\/vc_column_text][\/vc_column_inner][vc_column_inner width=&#8221;1\/6&#8243;][\/vc_column_inner][\/vc_row_inner][\/vc_column][\/vc_row][vc_row full_width=&#8221;stretch_row&#8221; content_placement=&#8221;middle&#8221; css=&#8221;.vc_custom_1646483107898{background-color: #eeeeee !important;}&#8221; el_class=&#8221;rij1&#8243;][vc_column width=&#8221;1\/2&#8243;][vc_single_image image=&#8221;24138&#8243; img_size=&#8221;400&#215;400&#8243; alignment=&#8221;center&#8221; css_animation=&#8221;fadeIn&#8221;][\/vc_column][vc_column css_animation=&#8221;fadeInUp&#8221; width=&#8221;1\/2&#8243; css=&#8221;.vc_custom_1646619782449&#8243; el_class=&#8221;tekstkolom&#8221;][vc_column_text]<strong>Elvacenter est le r\u00e9sultat de l&#8217;union des forces de deux noms familiers dans le domaine des ascenseurs : Kool Elevator Parts et Elvaparts. Le premier est connu comme fournisseur de pi\u00e8ces d&#8217;ascenseur en ligne aux Pays-Bas, sp\u00e9cialis\u00e9 entre autres dans les commandes urgentes. Le second est connu comme un sp\u00e9cialiste Belge des ascenseurs, fort en paquets de modernisation et en solutions sur mesure.<\/strong><\/p>\n<h2>VISION, PASSION, AMBITION<\/h2>\n<p>Les deux entreprises avaient beaucoup en commun. La m\u00eame vision de la qualit\u00e9 et du service&#8230; La m\u00eame passion&#8230; Et la m\u00eame ambition de devenir le centre des pi\u00e8ces d\u00e9tach\u00e9es et de l&#8217;assistance technique pour ascenseurs et escaliers m\u00e9caniques. Unir leurs forces pour atteindre cet objectif et se d\u00e9velopper de mani\u00e8re durable \u00e9tait une \u00e9tape logique. Le 8 mars 2022, Elvacenter \u00e9tait un fait.[\/vc_column_text][vc_btn title=&#8221;MISSION, VISION, VALEURS PRINCIPALES&#8221; style=&#8221;classic&#8221; shape=&#8221;square&#8221; link=&#8221;url:https%3A%2F%2Felvacenter.com%2Ffr%2Fmission-vision-valeurs-principales%2F|title:Contact&#8221;][\/vc_column][\/vc_row][vc_row full_width=&#8221;stretch_row&#8221; content_placement=&#8221;middle&#8221; css=&#8221;.vc_custom_1646619823333{background-color: #ffffff !important;}&#8221; el_class=&#8221;rij1&#8243;][vc_column css_animation=&#8221;fadeInUp&#8221; width=&#8221;1\/2&#8243; css=&#8221;.vc_custom_1646619788232&#8243; el_class=&#8221;tekstkolom2&#8243;][vc_column_text]<\/p>\n<h2>EN LIGNE, HORS LIGNE<\/h2>\n<p>Le guichet unique et le centre de services pour l&#8217;Europe de l&#8217;\u00e9l\u00e9vation ! C&#8217;est ce qu&#8217;Elvacenter veut \u00eatre. Un magasin en ligne qui ne laisse rien \u00e0 d\u00e9sirer en termes d&#8217;assortiment et d&#8217;informations de commande claires. Et un partenaire hors ligne, toujours disponible pour une consultation, un conseil ou une assistance technique. O\u00f9 et quand vous en avez besoin.[\/vc_column_text][vc_btn title=&#8221;Contact&#8221; style=&#8221;classic&#8221; shape=&#8221;square&#8221; link=&#8221;url:https%3A%2F%2Felvacenter.com%2Ffr%2Fcontact%2F|title:Contact&#8221;][\/vc_column][vc_column width=&#8221;1\/2&#8243;][vc_single_image image=&#8221;24159&#8243; img_size=&#8221;full&#8221; alignment=&#8221;center&#8221; css_animation=&#8221;fadeIn&#8221;][\/vc_column][\/vc_row][vc_row full_width=&#8221;stretch_row&#8221; equal_height=&#8221;yes&#8221; content_placement=&#8221;middle&#8221; el_class=&#8221;rij1&#8243; css=&#8221;.vc_custom_1646164302647{background-color: #1a405a !important;}&#8221; el_id=&#8221;blokdonker&#8221;][vc_column css_animation=&#8221;fadeInUp&#8221;][vc_widget_sidebar sidebar_id=&#8221;logospartners&#8221;][\/vc_column][\/vc_row][vc_row el_class=&#8221;rij1&#8243; css=&#8221;.vc_custom_1646250702800{margin-bottom: 0px !important;padding-bottom: 0px !important;}&#8221;][vc_column css_animation=&#8221;fadeInUp&#8221;][vc_widget_sidebar sidebar_id=&#8221;contacttekst&#8221;][vc_widget_sidebar sidebar_id=&#8221;contactbuttons&#8221;][\/vc_column][\/vc_row]<\/p>\n<\/div>","protected":false},"excerpt":{"rendered":"<p>[vc_row full_width=&#8221;stretch_row&#8221; el_class=&#8221;headerrij&#8221;][vc_column][vc_row_inner el_class=&#8221;blokheaderdonker&#8221;][vc_column_inner width=&#8221;1\/6&#8243;][\/vc_column_inner][vc_column_inner width=&#8221;2\/3&#8243;][vc_column_text css_animation=&#8221;fadeInUp&#8221;] \u00c0 PROPOS MAIS QUI EST ELVACENTER ? [\/vc_column_text][\/vc_column_inner][vc_column_inner width=&#8221;1\/6&#8243;][\/vc_column_inner][\/vc_row_inner][\/vc_column][\/vc_row][vc_row full_width=&#8221;stretch_row&#8221; content_placement=&#8221;middle&#8221; css=&#8221;.vc_custom_1646483107898{background-color: #eeeeee !important;}&#8221; el_class=&#8221;rij1&#8243;][vc_column width=&#8221;1\/2&#8243;][vc_single_image image=&#8221;24138&#8243; img_size=&#8221;400&#215;400&#8243; alignment=&#8221;center&#8221; css_animation=&#8221;fadeIn&#8221;][\/vc_column][vc_column css_animation=&#8221;fadeInUp&#8221; width=&#8221;1\/2&#8243; css=&#8221;.vc_custom_1646619782449&#8243; el_class=&#8221;tekstkolom&#8221;][vc_column_text]Elvacenter est le r\u00e9sultat de l&#8217;union des forces de deux noms familiers dans le domaine des ascenseurs : Kool Elevator Parts et Elvaparts. Le premier [&hellip;]<\/p>\n","protected":false},"author":1,"featured_media":0,"parent":0,"menu_order":0,"comment_status":"closed","ping_status":"closed","template":"","meta":{"inline_featured_image":false,"footnotes":""},"class_list":["post-24242","page","type-page","status-publish","hentry"],"_links":{"self":[{"href":"https:\/\/elvacenter.com\/fr\/wp-json\/wp\/v2\/pages\/24242","targetHints":{"allow":["GET"]}}],"collection":[{"href":"https:\/\/elvacenter.com\/fr\/wp-json\/wp\/v2\/pages"}],"about":[{"href":"https:\/\/elvacenter.com\/fr\/wp-json\/wp\/v2\/types\/page"}],"author":[{"embeddable":true,"href":"https:\/\/elvacenter.com\/fr\/wp-json\/wp\/v2\/users\/1"}],"replies":[{"embeddable":true,"href":"https:\/\/elvacenter.com\/fr\/wp-json\/wp\/v2\/comments?post=24242"}],"version-history":[{"count":6,"href":"https:\/\/elvacenter.com\/fr\/wp-json\/wp\/v2\/pages\/24242\/revisions"}],"predecessor-version":[{"id":24600,"href":"https:\/\/elvacenter.com\/fr\/wp-json\/wp\/v2\/pages\/24242\/revisions\/24600"}],"wp:attachment":[{"href":"https:\/\/elvacenter.com\/fr\/wp-json\/wp\/v2\/media?parent=24242"}],"curies":[{"name":"wp","href":"https:\/\/api.w.org\/{rel}","templated":true}]}}