{"id":24239,"date":"2023-03-17T12:02:41","date_gmt":"2023-03-17T11:02:41","guid":{"rendered":"https:\/\/elvacenter.com\/?page_id=24239"},"modified":"2023-03-20T15:18:16","modified_gmt":"2023-03-20T14:18:16","slug":"elvaservice","status":"publish","type":"page","link":"https:\/\/elvacenter.com\/fr\/elvaservice\/","title":{"rendered":"Elvaservice"},"content":{"rendered":"<div class=\"wpb-content-wrapper\"><p>[vc_row full_width=&#8221;stretch_row&#8221; el_class=&#8221;headerrij&#8221;][vc_column][vc_row_inner el_class=&#8221;blokheaderdonker&#8221;][vc_column_inner width=&#8221;1\/6&#8243;][\/vc_column_inner][vc_column_inner width=&#8221;2\/3&#8243;][vc_column_text css_animation=&#8221;fadeInUp&#8221;]<\/p>\n<h1 style=\"text-align: center;\">Elvaservice<\/h1>\n<h2 style=\"text-align: center;\">TOUJOURS DISPONIBLE PAR T\u00c9L\u00c9PHONE, WHATSAPP ET E-MAIL<\/h2>\n<p>[\/vc_column_text][\/vc_column_inner][vc_column_inner width=&#8221;1\/6&#8243;][\/vc_column_inner][\/vc_row_inner][\/vc_column][\/vc_row][vc_row full_width=&#8221;stretch_row&#8221; content_placement=&#8221;middle&#8221; css=&#8221;.vc_custom_1646620061250{background-color: #eeeeee !important;}&#8221; el_class=&#8221;rij1&#8243;][vc_column width=&#8221;1\/2&#8243;][vc_single_image image=&#8221;24159&#8243; img_size=&#8221;full&#8221; alignment=&#8221;center&#8221; css_animation=&#8221;fadeIn&#8221;][\/vc_column][vc_column css_animation=&#8221;fadeInUp&#8221; width=&#8221;1\/2&#8243; css=&#8221;.vc_custom_1646649850051&#8243; el_class=&#8221;tekstkolom&#8221;][vc_column_text]<\/p>\n<h1>SUPPORT TECHNIQUE<\/h1>\n<h2>BESOIN D&#8217;UNE ASSISTANCE TECHNIQUE INDIVIDUELLE ? APPELEZ, APPLIQUEZ OU ENVOYEZ UN E-MAIL !<\/h2>\n<p>Poser une question et obtenir une r\u00e9ponse rapide&#8230; Faire face \u00e0 un probl\u00e8me et \u00eatre aid\u00e9 imm\u00e9diatement&#8230; O\u00f9 trouve-t-on encore ce service ? Eh bien, chez ELVACENTER ! Il le faut, car dans le monde des ascenseurs, tout tourne autour de la fiabilit\u00e9 et de la s\u00e9curit\u00e9. Une assistance individuelle et technique est donc indispensable.[\/vc_column_text][\/vc_column][\/vc_row][vc_row full_width=&#8221;stretch_row&#8221; content_placement=&#8221;middle&#8221; css=&#8221;.vc_custom_1646649880126{background-color: #ffffff !important;}&#8221; el_class=&#8221;rij1&#8243;][vc_column css_animation=&#8221;fadeInUp&#8221; width=&#8221;1\/2&#8243; el_class=&#8221;tekstkolom2&#8243;][vc_column_text]<\/p>\n<h1>SOLUTIONS PERSONNALIS\u00c9ES<\/h1>\n<h2>CHEZ ELVACENTER, NOUS PENSONS ET AGISSONS EN TERMES DE D\u00c9FIS ET DE SOLUTIONS<\/h2>\n<p>Vous avez une question ou un probl\u00e8me de ce type ? Vous cherchez une solution sur mesure \u00e0 un probl\u00e8me non standard ? Demandez \u00e0 Elvacenter ! Forts de plusieurs dizaines d&#8217;ann\u00e9es d&#8217;exp\u00e9rience dans le secteur, nous avons vu passer \u00e0 peu pr\u00e8s tous les d\u00e9fis. Et nous avons toujours apport\u00e9 la bonne solution. Vous pouvez nous appeler, nous t\u00e9l\u00e9phoner ou nous envoyer un e-mail \u00e0 tout moment pour obtenir des conseils ou une consultation. Mais nous sommes tout aussi heureux de vous aider sur place. Gr\u00e2ce \u00e0 notre r\u00e9seau international de partenaires, nous sommes toujours \u00e0 proximit\u00e9.[\/vc_column_text][vc_btn title=&#8221;Nous contacter&#8221; style=&#8221;classic&#8221; shape=&#8221;square&#8221; link=&#8221;url:https%3A%2F%2Felvacenter.com%2Ffr%2Fcontact%2F|title:Contact&#8221;][\/vc_column][vc_column width=&#8221;1\/2&#8243;][vc_single_image image=&#8221;24157&#8243; img_size=&#8221;full&#8221; alignment=&#8221;center&#8221; css_animation=&#8221;fadeIn&#8221;][\/vc_column][\/vc_row][vc_row full_width=&#8221;stretch_row&#8221; content_placement=&#8221;middle&#8221; css=&#8221;.vc_custom_1646649886525{background-color: #eeeeee !important;}&#8221; el_class=&#8221;rij1&#8243;][vc_column width=&#8221;1\/2&#8243;][vc_single_image image=&#8221;24161&#8243; img_size=&#8221;full&#8221; alignment=&#8221;center&#8221; css_animation=&#8221;fadeIn&#8221;][\/vc_column][vc_column css_animation=&#8221;fadeInUp&#8221; width=&#8221;1\/2&#8243; css=&#8221;.vc_custom_1646649861549&#8243; el_class=&#8221;tekstkolom&#8221;][vc_column_text]<\/p>\n<h1>MODERNISATION<\/h1>\n<h2>M\u00caME UN ASCENSEUR A BESOIN D&#8217;UN LIFTING DE TEMPS EN TEMPS<\/h2>\n<p>Elvacenter est peut-\u00eatre notre nouveau nom d&#8217;entreprise, mais nous ne sommes certainement pas novices en la mati\u00e8re. Nous avons d\u00e9j\u00e0 plus de 6 500 ( !) projets de modernisation d&#8217;ascenseurs \u00e0 notre actif. Des transformations compl\u00e8tes selon les normes les plus modernes et les exigences de s\u00e9curit\u00e9 les plus r\u00e9centes.[\/vc_column_text][vc_btn title=&#8221;En savoir plus&#8221; style=&#8221;classic&#8221; shape=&#8221;square&#8221; link=&#8221;url:https%3A%2F%2Felvacenter.com%2Ffr%2Felvaservice%2Fmodernisation%2F|title:Contact&#8221;][\/vc_column][\/vc_row][vc_row full_width=&#8221;stretch_row&#8221; equal_height=&#8221;yes&#8221; content_placement=&#8221;middle&#8221; el_class=&#8221;rij1&#8243; css=&#8221;.vc_custom_1646164302647{background-color: #1a405a !important;}&#8221; el_id=&#8221;blokdonker&#8221;][vc_column css_animation=&#8221;fadeIn&#8221;][vc_widget_sidebar sidebar_id=&#8221;logospartners&#8221;][\/vc_column][\/vc_row][vc_row el_class=&#8221;rij1&#8243; css=&#8221;.vc_custom_1646250702800{margin-bottom: 0px !important;padding-bottom: 0px !important;}&#8221;][vc_column css_animation=&#8221;fadeInUp&#8221;][vc_widget_sidebar sidebar_id=&#8221;contacttekst&#8221;][vc_widget_sidebar sidebar_id=&#8221;contactbuttons&#8221;][\/vc_column][\/vc_row]<\/p>\n<\/div>","protected":false},"excerpt":{"rendered":"<p>[vc_row full_width=&#8221;stretch_row&#8221; el_class=&#8221;headerrij&#8221;][vc_column][vc_row_inner el_class=&#8221;blokheaderdonker&#8221;][vc_column_inner width=&#8221;1\/6&#8243;][\/vc_column_inner][vc_column_inner width=&#8221;2\/3&#8243;][vc_column_text css_animation=&#8221;fadeInUp&#8221;] Elvaservice TOUJOURS DISPONIBLE PAR T\u00c9L\u00c9PHONE, WHATSAPP ET E-MAIL [\/vc_column_text][\/vc_column_inner][vc_column_inner width=&#8221;1\/6&#8243;][\/vc_column_inner][\/vc_row_inner][\/vc_column][\/vc_row][vc_row full_width=&#8221;stretch_row&#8221; content_placement=&#8221;middle&#8221; css=&#8221;.vc_custom_1646620061250{background-color: #eeeeee !important;}&#8221; el_class=&#8221;rij1&#8243;][vc_column width=&#8221;1\/2&#8243;][vc_single_image image=&#8221;24159&#8243; img_size=&#8221;full&#8221; alignment=&#8221;center&#8221; css_animation=&#8221;fadeIn&#8221;][\/vc_column][vc_column css_animation=&#8221;fadeInUp&#8221; width=&#8221;1\/2&#8243; css=&#8221;.vc_custom_1646649850051&#8243; el_class=&#8221;tekstkolom&#8221;][vc_column_text] SUPPORT TECHNIQUE BESOIN D&#8217;UNE ASSISTANCE TECHNIQUE INDIVIDUELLE ? APPELEZ, APPLIQUEZ OU ENVOYEZ UN E-MAIL ! Poser une question et obtenir une r\u00e9ponse rapide&#8230; [&hellip;]<\/p>\n","protected":false},"author":1,"featured_media":0,"parent":0,"menu_order":0,"comment_status":"closed","ping_status":"closed","template":"","meta":{"inline_featured_image":false,"footnotes":""},"class_list":["post-24239","page","type-page","status-publish","hentry"],"_links":{"self":[{"href":"https:\/\/elvacenter.com\/fr\/wp-json\/wp\/v2\/pages\/24239","targetHints":{"allow":["GET"]}}],"collection":[{"href":"https:\/\/elvacenter.com\/fr\/wp-json\/wp\/v2\/pages"}],"about":[{"href":"https:\/\/elvacenter.com\/fr\/wp-json\/wp\/v2\/types\/page"}],"author":[{"embeddable":true,"href":"https:\/\/elvacenter.com\/fr\/wp-json\/wp\/v2\/users\/1"}],"replies":[{"embeddable":true,"href":"https:\/\/elvacenter.com\/fr\/wp-json\/wp\/v2\/comments?post=24239"}],"version-history":[{"count":4,"href":"https:\/\/elvacenter.com\/fr\/wp-json\/wp\/v2\/pages\/24239\/revisions"}],"predecessor-version":[{"id":24279,"href":"https:\/\/elvacenter.com\/fr\/wp-json\/wp\/v2\/pages\/24239\/revisions\/24279"}],"wp:attachment":[{"href":"https:\/\/elvacenter.com\/fr\/wp-json\/wp\/v2\/media?parent=24239"}],"curies":[{"name":"wp","href":"https:\/\/api.w.org\/{rel}","templated":true}]}}