{"id":14185,"date":"2018-03-19T10:00:54","date_gmt":"2018-03-19T10:00:54","guid":{"rendered":"https:\/\/elvacenter.com\/shop\/unkategorisiert\/mitsubishi-deurrol-goederenlift-o-84-mm\/"},"modified":"2020-09-01T22:42:31","modified_gmt":"2020-09-01T22:42:31","slug":"mitsubishi-turrolle-fur-warenlift-o84","status":"publish","type":"product","link":"https:\/\/elvacenter.com\/de\/shop\/unkategorisiert\/mitsubishi-turrolle-fur-warenlift-o84\/","title":{"rendered":"Mitsubishi, T\u00fcrrolle f\u00fcr Warenlift \u00d884"},"content":{"rendered":"<div class=\"wpb-content-wrapper\"><p>[vc_row row_type=&#8221;row&#8221; use_row_as_full_screen_section=&#8221;no&#8221; type=&#8221;full_width&#8221; angled_section=&#8221;no&#8221; text_align=&#8221;left&#8221; background_image_as_pattern=&#8221;without_pattern&#8221; el_class=&#8221;dimensiestabel&#8221;][vc_column width=&#8221;2\/5&#8243;][vc_single_image image=&#8221;7863&#8243; img_size=&#8221;full&#8221; alignment=&#8221;right&#8221;][\/vc_column][vc_column width=&#8221;3\/5&#8243;][vc_column_text]<strong> Ma\u00dfe:<\/strong>[\/vc_column_text][vc_table allow_html=&#8221;1&#8243;]A,%C3%98%2084mm,D,%C3%98%2020mm|B,12mm,E,%C3%98%2076mm|C,,F,14mm[\/vc_table][\/vc_column][\/vc_row][vc_row][vc_column][vc_column_text]84\u00d718 6204[\/vc_column_text][\/vc_column][\/vc_row]<\/p>\n<\/div>","protected":false},"excerpt":{"rendered":"<p>[vc_row row_type=&#8221;row&#8221; use_row_as_full_screen_section=&#8221;no&#8221; type=&#8221;full_width&#8221; angled_section=&#8221;no&#8221; text_align=&#8221;left&#8221; background_image_as_pattern=&#8221;without_pattern&#8221; el_class=&#8221;dimensiestabel&#8221;][vc_column width=&#8221;2\/5&#8243;][vc_single_image image=&#8221;7863&#8243; img_size=&#8221;full&#8221; alignment=&#8221;right&#8221;][\/vc_column][vc_column width=&#8221;3\/5&#8243;][vc_column_text] Ma\u00dfe:[\/vc_column_text][vc_table allow_html=&#8221;1&#8243;]A,%C3%98%2084mm,D,%C3%98%2020mm|B,12mm,E,%C3%98%2076mm|C,,F,14mm[\/vc_table][\/vc_column][\/vc_row][vc_row][vc_column][vc_column_text]84\u00d718 6204[\/vc_column_text][\/vc_column][\/vc_row]<\/p>\n","protected":false},"featured_media":9950,"template":"","meta":{"inline_featured_image":false},"product_brand":[],"product_cat":[],"product_tag":[],"class_list":{"0":"post-14185","1":"product","2":"type-product","3":"status-publish","4":"has-post-thumbnail","7":"first","8":"instock","9":"taxable","10":"shipping-taxable","11":"purchasable","12":"product-type-simple"},"brands":[],"_links":{"self":[{"href":"https:\/\/elvacenter.com\/de\/wp-json\/wp\/v2\/product\/14185","targetHints":{"allow":["GET"]}}],"collection":[{"href":"https:\/\/elvacenter.com\/de\/wp-json\/wp\/v2\/product"}],"about":[{"href":"https:\/\/elvacenter.com\/de\/wp-json\/wp\/v2\/types\/product"}],"wp:featuredmedia":[{"embeddable":true,"href":"https:\/\/elvacenter.com\/de\/wp-json\/wp\/v2\/media\/9950"}],"wp:attachment":[{"href":"https:\/\/elvacenter.com\/de\/wp-json\/wp\/v2\/media?parent=14185"}],"wp:term":[{"taxonomy":"product_brand","embeddable":true,"href":"https:\/\/elvacenter.com\/de\/wp-json\/wp\/v2\/product_brand?post=14185"},{"taxonomy":"product_cat","embeddable":true,"href":"https:\/\/elvacenter.com\/de\/wp-json\/wp\/v2\/product_cat?post=14185"},{"taxonomy":"product_tag","embeddable":true,"href":"https:\/\/elvacenter.com\/de\/wp-json\/wp\/v2\/product_tag?post=14185"}],"curies":[{"name":"wp","href":"https:\/\/api.w.org\/{rel}","templated":true}]}}