{"id":14138,"date":"2018-04-10T14:43:37","date_gmt":"2018-04-10T14:43:37","guid":{"rendered":"https:\/\/elvacenter.com\/shop\/unkategorisiert\/frictiewiel-tbv-tachogenerator-fdb60\/"},"modified":"2020-08-31T07:47:27","modified_gmt":"2020-08-31T07:47:27","slug":"frictiewiel-tbv-tachogenerator-fdb60","status":"publish","type":"product","link":"https:\/\/elvacenter.com\/de\/shop\/unkategorisiert\/frictiewiel-tbv-tachogenerator-fdb60\/","title":{"rendered":"KONE, Reibradtacho \u00d837,3 f\u00fcr LIKA FDB0-60 &#8211; Achse \u00d811"},"content":{"rendered":"<p>KM650808G01<br \/>\nfor Tachogenerator FDB60 and KONE lift<br \/>\naxle \u00d811 mm<\/p>\n","protected":false},"excerpt":{"rendered":"<p>KM650808G01 for Tachogenerator FDB60 and KONE lift axle \u00d811 mm<\/p>\n","protected":false},"featured_media":10090,"template":"","meta":{"inline_featured_image":false},"product_brand":[],"product_cat":[],"product_tag":[],"class_list":{"0":"post-14138","1":"product","2":"type-product","3":"status-publish","4":"has-post-thumbnail","7":"first","8":"instock","9":"taxable","10":"shipping-taxable","11":"purchasable","12":"product-type-simple"},"brands":[],"_links":{"self":[{"href":"https:\/\/elvacenter.com\/de\/wp-json\/wp\/v2\/product\/14138","targetHints":{"allow":["GET"]}}],"collection":[{"href":"https:\/\/elvacenter.com\/de\/wp-json\/wp\/v2\/product"}],"about":[{"href":"https:\/\/elvacenter.com\/de\/wp-json\/wp\/v2\/types\/product"}],"wp:featuredmedia":[{"embeddable":true,"href":"https:\/\/elvacenter.com\/de\/wp-json\/wp\/v2\/media\/10090"}],"wp:attachment":[{"href":"https:\/\/elvacenter.com\/de\/wp-json\/wp\/v2\/media?parent=14138"}],"wp:term":[{"taxonomy":"product_brand","embeddable":true,"href":"https:\/\/elvacenter.com\/de\/wp-json\/wp\/v2\/product_brand?post=14138"},{"taxonomy":"product_cat","embeddable":true,"href":"https:\/\/elvacenter.com\/de\/wp-json\/wp\/v2\/product_cat?post=14138"},{"taxonomy":"product_tag","embeddable":true,"href":"https:\/\/elvacenter.com\/de\/wp-json\/wp\/v2\/product_tag?post=14138"}],"curies":[{"name":"wp","href":"https:\/\/api.w.org\/{rel}","templated":true}]}}