{"id":14131,"date":"2018-04-10T14:52:53","date_gmt":"2018-04-10T14:52:53","guid":{"rendered":"https:\/\/elvacenter.com\/shop\/unkategorisiert\/aluminium-koppeling-pan\/"},"modified":"2020-08-31T07:47:41","modified_gmt":"2020-08-31T07:47:41","slug":"aluminium-koppeling-pan","status":"publish","type":"product","link":"https:\/\/elvacenter.com\/de\/shop\/kupplung-encoder\/aluminium-koppeling-pan\/","title":{"rendered":"TEVEL, PAN Alu. Verkn\u00fcpfung"},"content":{"rendered":"<p>Bore diameterfrom \u00d8 6 mm to \u00d8 12 mm<br \/>\nFlexible coupling for universal usage<br \/>\nMachined from a single-piece<br \/>\nVibration absorbing<\/p>\n","protected":false},"excerpt":{"rendered":"<p>Bore diameterfrom \u00d8 6 mm to \u00d8 12 mm Flexible coupling for universal usage Machined from a single-piece Vibration absorbing<\/p>\n","protected":false},"featured_media":10105,"template":"","meta":{"inline_featured_image":false},"product_brand":[],"product_cat":[1438],"product_tag":[4187,3992],"class_list":{"0":"post-14131","1":"product","2":"type-product","3":"status-publish","4":"has-post-thumbnail","6":"product_cat-kupplung-encoder","7":"product_tag-li11012-de","8":"product_tag-pan-de","10":"first","11":"onbackorder","12":"taxable","13":"shipping-taxable","14":"purchasable","15":"product-type-simple"},"brands":[],"_links":{"self":[{"href":"https:\/\/elvacenter.com\/de\/wp-json\/wp\/v2\/product\/14131","targetHints":{"allow":["GET"]}}],"collection":[{"href":"https:\/\/elvacenter.com\/de\/wp-json\/wp\/v2\/product"}],"about":[{"href":"https:\/\/elvacenter.com\/de\/wp-json\/wp\/v2\/types\/product"}],"wp:featuredmedia":[{"embeddable":true,"href":"https:\/\/elvacenter.com\/de\/wp-json\/wp\/v2\/media\/10105"}],"wp:attachment":[{"href":"https:\/\/elvacenter.com\/de\/wp-json\/wp\/v2\/media?parent=14131"}],"wp:term":[{"taxonomy":"product_brand","embeddable":true,"href":"https:\/\/elvacenter.com\/de\/wp-json\/wp\/v2\/product_brand?post=14131"},{"taxonomy":"product_cat","embeddable":true,"href":"https:\/\/elvacenter.com\/de\/wp-json\/wp\/v2\/product_cat?post=14131"},{"taxonomy":"product_tag","embeddable":true,"href":"https:\/\/elvacenter.com\/de\/wp-json\/wp\/v2\/product_tag?post=14131"}],"curies":[{"name":"wp","href":"https:\/\/api.w.org\/{rel}","templated":true}]}}