{"id":14129,"date":"2018-04-10T15:12:31","date_gmt":"2018-04-10T15:12:31","guid":{"rendered":"https:\/\/elvacenter.com\/shop\/unkategorisiert\/reduceerhuls\/"},"modified":"2020-09-01T21:13:42","modified_gmt":"2020-09-01T21:13:42","slug":"lika-reduzierhulse-br2-o-fur-c80-o30-bis-o15-2","status":"publish","type":"product","link":"https:\/\/elvacenter.com\/de\/shop\/kupplung-encoder\/lika-reduzierhulse-br2-o-fur-c80-o30-bis-o15-2\/","title":{"rendered":"LIKA Reduzierh\u00fclse BR2-\u00d8 ** f\u00fcr C80-\u00d830 bis \u00d815"},"content":{"rendered":"<p>Reducible from<br \/>\n\u00d830mm naar \u00d815mm,<br \/>\n5\/8&#8221; (15,8750, 16, 17, 18, 19, 20, 22, 23, 24, 1&#8221;(25,4), 28 mm<\/p>\n","protected":false},"excerpt":{"rendered":"<p>Reducible from \u00d830mm naar \u00d815mm, 5\/8&#8221; (15,8750, 16, 17, 18, 19, 20, 22, 23, 24, 1&#8221;(25,4), 28 mm<\/p>\n","protected":false},"featured_media":10110,"template":"","meta":{"inline_featured_image":false},"product_brand":[],"product_cat":[1438],"product_tag":[4183,4184],"class_list":{"0":"post-14129","1":"product","2":"type-product","3":"status-publish","4":"has-post-thumbnail","6":"product_cat-kupplung-encoder","7":"product_tag-br2-de","8":"product_tag-li11007-de","10":"first","11":"instock","12":"taxable","13":"shipping-taxable","14":"product-type-simple"},"brands":[],"_links":{"self":[{"href":"https:\/\/elvacenter.com\/de\/wp-json\/wp\/v2\/product\/14129","targetHints":{"allow":["GET"]}}],"collection":[{"href":"https:\/\/elvacenter.com\/de\/wp-json\/wp\/v2\/product"}],"about":[{"href":"https:\/\/elvacenter.com\/de\/wp-json\/wp\/v2\/types\/product"}],"wp:featuredmedia":[{"embeddable":true,"href":"https:\/\/elvacenter.com\/de\/wp-json\/wp\/v2\/media\/10110"}],"wp:attachment":[{"href":"https:\/\/elvacenter.com\/de\/wp-json\/wp\/v2\/media?parent=14129"}],"wp:term":[{"taxonomy":"product_brand","embeddable":true,"href":"https:\/\/elvacenter.com\/de\/wp-json\/wp\/v2\/product_brand?post=14129"},{"taxonomy":"product_cat","embeddable":true,"href":"https:\/\/elvacenter.com\/de\/wp-json\/wp\/v2\/product_cat?post=14129"},{"taxonomy":"product_tag","embeddable":true,"href":"https:\/\/elvacenter.com\/de\/wp-json\/wp\/v2\/product_tag?post=14129"}],"curies":[{"name":"wp","href":"https:\/\/api.w.org\/{rel}","templated":true}]}}