{"id":14051,"date":"2018-06-28T06:27:20","date_gmt":"2018-06-28T06:27:20","guid":{"rendered":"https:\/\/elvacenter.com\/shop\/unkategorisiert\/veerkoppeling-3516-3\/"},"modified":"2020-08-31T07:50:00","modified_gmt":"2020-08-31T07:50:00","slug":"veerkoppeling-3516-3","status":"publish","type":"product","link":"https:\/\/elvacenter.com\/de\/shop\/uncategorized-de\/veerkoppeling-3516-3\/","title":{"rendered":"TEVEL, Federkupplung VGK36516 f\u00fcr Tachogenerator \u00d88 X \u00d88"},"content":{"rendered":"","protected":false},"excerpt":{"rendered":"<p>Serie type 3516<br \/>\n6 x 6 mm, 8 x 8 mm, 10 x 10 mm<\/p>\n","protected":false},"featured_media":10408,"template":"","meta":{"inline_featured_image":false},"product_brand":[],"product_cat":[2344],"product_tag":[4009,4008],"class_list":{"0":"post-14051","1":"product","2":"type-product","3":"status-publish","4":"has-post-thumbnail","6":"product_cat-uncategorized-de","7":"product_tag-li11010-2-de","8":"product_tag-vgk3516-6x10-de","10":"first","11":"outofstock","12":"taxable","13":"shipping-taxable","14":"purchasable","15":"product-type-simple"},"brands":[],"_links":{"self":[{"href":"https:\/\/elvacenter.com\/de\/wp-json\/wp\/v2\/product\/14051","targetHints":{"allow":["GET"]}}],"collection":[{"href":"https:\/\/elvacenter.com\/de\/wp-json\/wp\/v2\/product"}],"about":[{"href":"https:\/\/elvacenter.com\/de\/wp-json\/wp\/v2\/types\/product"}],"wp:featuredmedia":[{"embeddable":true,"href":"https:\/\/elvacenter.com\/de\/wp-json\/wp\/v2\/media\/10408"}],"wp:attachment":[{"href":"https:\/\/elvacenter.com\/de\/wp-json\/wp\/v2\/media?parent=14051"}],"wp:term":[{"taxonomy":"product_brand","embeddable":true,"href":"https:\/\/elvacenter.com\/de\/wp-json\/wp\/v2\/product_brand?post=14051"},{"taxonomy":"product_cat","embeddable":true,"href":"https:\/\/elvacenter.com\/de\/wp-json\/wp\/v2\/product_cat?post=14051"},{"taxonomy":"product_tag","embeddable":true,"href":"https:\/\/elvacenter.com\/de\/wp-json\/wp\/v2\/product_tag?post=14051"}],"curies":[{"name":"wp","href":"https:\/\/api.w.org\/{rel}","templated":true}]}}