{"id":14050,"date":"2018-06-28T06:28:45","date_gmt":"2018-06-28T06:28:45","guid":{"rendered":"https:\/\/elvacenter.com\/shop\/unkategorisiert\/veerkoppeling-3516-4\/"},"modified":"2020-08-31T07:50:04","modified_gmt":"2020-08-31T07:50:04","slug":"veerkoppeling-3516-4","status":"publish","type":"product","link":"https:\/\/elvacenter.com\/de\/shop\/uncategorized-de\/veerkoppeling-3516-4\/","title":{"rendered":"TEVEL, Federkupplung VGK36516 f\u00fcr Tachogenerator \u00d810 X \u00d810"},"content":{"rendered":"","protected":false},"excerpt":{"rendered":"<p>Serie type 3516<br \/>\n10 x 10 mm<\/p>\n","protected":false},"featured_media":10413,"template":"","meta":{"inline_featured_image":false},"product_brand":[],"product_cat":[2344],"product_tag":[],"class_list":{"0":"post-14050","1":"product","2":"type-product","3":"status-publish","4":"has-post-thumbnail","6":"product_cat-uncategorized-de","8":"first","9":"outofstock","10":"taxable","11":"shipping-taxable","12":"purchasable","13":"product-type-simple"},"brands":[],"_links":{"self":[{"href":"https:\/\/elvacenter.com\/de\/wp-json\/wp\/v2\/product\/14050","targetHints":{"allow":["GET"]}}],"collection":[{"href":"https:\/\/elvacenter.com\/de\/wp-json\/wp\/v2\/product"}],"about":[{"href":"https:\/\/elvacenter.com\/de\/wp-json\/wp\/v2\/types\/product"}],"wp:featuredmedia":[{"embeddable":true,"href":"https:\/\/elvacenter.com\/de\/wp-json\/wp\/v2\/media\/10413"}],"wp:attachment":[{"href":"https:\/\/elvacenter.com\/de\/wp-json\/wp\/v2\/media?parent=14050"}],"wp:term":[{"taxonomy":"product_brand","embeddable":true,"href":"https:\/\/elvacenter.com\/de\/wp-json\/wp\/v2\/product_brand?post=14050"},{"taxonomy":"product_cat","embeddable":true,"href":"https:\/\/elvacenter.com\/de\/wp-json\/wp\/v2\/product_cat?post=14050"},{"taxonomy":"product_tag","embeddable":true,"href":"https:\/\/elvacenter.com\/de\/wp-json\/wp\/v2\/product_tag?post=14050"}],"curies":[{"name":"wp","href":"https:\/\/api.w.org\/{rel}","templated":true}]}}