{"id":14041,"date":"2018-06-28T06:39:55","date_gmt":"2018-06-28T06:39:55","guid":{"rendered":"https:\/\/elvacenter.com\/shop\/unkategorisiert\/aluminium-koppeling-pan-6-x-6-mm\/"},"modified":"2020-08-31T07:50:34","modified_gmt":"2020-08-31T07:50:34","slug":"aluminium-koppeling-pan-6-x-6-mm","status":"publish","type":"product","link":"https:\/\/elvacenter.com\/de\/shop\/uncategorized-de\/aluminium-koppeling-pan-6-x-6-mm\/","title":{"rendered":"TEVEL, PAN Alu. Verkn\u00fcpfung \u00d86 X \u00d86"},"content":{"rendered":"","protected":false},"excerpt":{"rendered":"<p>Bore diameterfrom \u00d8 6 mm to \u00d8 12 mm<br \/>\nFlexible coupling for universal usage<br \/>\nMachined from a single-piece<br \/>\nVibration absorbing<\/p>\n","protected":false},"featured_media":10433,"template":"","meta":{"inline_featured_image":false},"product_brand":[],"product_cat":[2344],"product_tag":[3995,3992],"class_list":{"0":"post-14041","1":"product","2":"type-product","3":"status-publish","4":"has-post-thumbnail","6":"product_cat-uncategorized-de","7":"product_tag-li11012-1-de","8":"product_tag-pan-de","10":"first","11":"outofstock","12":"taxable","13":"shipping-taxable","14":"purchasable","15":"product-type-simple"},"brands":[],"_links":{"self":[{"href":"https:\/\/elvacenter.com\/de\/wp-json\/wp\/v2\/product\/14041","targetHints":{"allow":["GET"]}}],"collection":[{"href":"https:\/\/elvacenter.com\/de\/wp-json\/wp\/v2\/product"}],"about":[{"href":"https:\/\/elvacenter.com\/de\/wp-json\/wp\/v2\/types\/product"}],"wp:featuredmedia":[{"embeddable":true,"href":"https:\/\/elvacenter.com\/de\/wp-json\/wp\/v2\/media\/10433"}],"wp:attachment":[{"href":"https:\/\/elvacenter.com\/de\/wp-json\/wp\/v2\/media?parent=14041"}],"wp:term":[{"taxonomy":"product_brand","embeddable":true,"href":"https:\/\/elvacenter.com\/de\/wp-json\/wp\/v2\/product_brand?post=14041"},{"taxonomy":"product_cat","embeddable":true,"href":"https:\/\/elvacenter.com\/de\/wp-json\/wp\/v2\/product_cat?post=14041"},{"taxonomy":"product_tag","embeddable":true,"href":"https:\/\/elvacenter.com\/de\/wp-json\/wp\/v2\/product_tag?post=14041"}],"curies":[{"name":"wp","href":"https:\/\/api.w.org\/{rel}","templated":true}]}}