{"id":14040,"date":"2018-06-28T06:42:36","date_gmt":"2018-06-28T06:42:36","guid":{"rendered":"https:\/\/elvacenter.com\/shop\/unkategorisiert\/aluminium-koppeling-pan-8-x-8-mm\/"},"modified":"2020-08-31T07:50:48","modified_gmt":"2020-08-31T07:50:48","slug":"aluminium-koppeling-pan-8-x-8-mm","status":"publish","type":"product","link":"https:\/\/elvacenter.com\/de\/shop\/uncategorized-de\/aluminium-koppeling-pan-8-x-8-mm\/","title":{"rendered":"TEVEL, PAN Alu. Verkn\u00fcpfung \u00d88 X \u00d88"},"content":{"rendered":"","protected":false},"excerpt":{"rendered":"<p>Bore diameterfrom \u00d8 6 mm to \u00d8 12 mm<br \/>\nFlexible coupling for universal usage<br \/>\nMachined from a single-piece<br \/>\nVibration absorbing<\/p>\n","protected":false},"featured_media":10438,"template":"","meta":{"inline_featured_image":false},"product_brand":[],"product_cat":[2344],"product_tag":[],"class_list":{"0":"post-14040","1":"product","2":"type-product","3":"status-publish","4":"has-post-thumbnail","6":"product_cat-uncategorized-de","8":"first","9":"outofstock","10":"taxable","11":"shipping-taxable","12":"purchasable","13":"product-type-simple"},"brands":[],"_links":{"self":[{"href":"https:\/\/elvacenter.com\/de\/wp-json\/wp\/v2\/product\/14040","targetHints":{"allow":["GET"]}}],"collection":[{"href":"https:\/\/elvacenter.com\/de\/wp-json\/wp\/v2\/product"}],"about":[{"href":"https:\/\/elvacenter.com\/de\/wp-json\/wp\/v2\/types\/product"}],"wp:featuredmedia":[{"embeddable":true,"href":"https:\/\/elvacenter.com\/de\/wp-json\/wp\/v2\/media\/10438"}],"wp:attachment":[{"href":"https:\/\/elvacenter.com\/de\/wp-json\/wp\/v2\/media?parent=14040"}],"wp:term":[{"taxonomy":"product_brand","embeddable":true,"href":"https:\/\/elvacenter.com\/de\/wp-json\/wp\/v2\/product_brand?post=14040"},{"taxonomy":"product_cat","embeddable":true,"href":"https:\/\/elvacenter.com\/de\/wp-json\/wp\/v2\/product_cat?post=14040"},{"taxonomy":"product_tag","embeddable":true,"href":"https:\/\/elvacenter.com\/de\/wp-json\/wp\/v2\/product_tag?post=14040"}],"curies":[{"name":"wp","href":"https:\/\/api.w.org\/{rel}","templated":true}]}}