{"id":13405,"date":"2020-04-21T17:35:30","date_gmt":"2020-04-21T17:35:30","guid":{"rendered":"https:\/\/elvacenter.com\/shop\/unkategorisiert\/schindler-omloopwielen-tbv-megadyne-belt-3300\/"},"modified":"2020-10-09T12:32:22","modified_gmt":"2020-10-09T12:32:22","slug":"schindler-megadyne-fuhrungsrader-fur-stm-pv30","status":"publish","type":"product","link":"https:\/\/elvacenter.com\/de\/shop\/traggurt\/schindler-megadyne-fuhrungsrader-fur-stm-pv30\/","title":{"rendered":"Schindler, Megadyne F\u00fchrungsr\u00e4der f\u00fcr STM-PV30"},"content":{"rendered":"<div class=\"wpb-content-wrapper\"><p>[vc_row row_type=&#8221;row&#8221; use_row_as_full_screen_section=&#8221;no&#8221; type=&#8221;full_width&#8221; angled_section=&#8221;no&#8221; text_align=&#8221;left&#8221; background_image_as_pattern=&#8221;without_pattern&#8221; el_class=&#8221;dimensiestabel&#8221;][vc_column width=&#8221;2\/5&#8243;][vc_single_image image=&#8221;7857&#8243; img_size=&#8221;full&#8221; alignment=&#8221;right&#8221;][\/vc_column][vc_column width=&#8221;3\/5&#8243;][vc_column_text]<strong> Ma\u00dfe:<\/strong>[\/vc_column_text][vc_table allow_html=&#8221;1&#8243;]A,147mm|B,85mm|C,[\/vc_table][\/vc_column][\/vc_row][vc_row][vc_column][vc_column_text]L=102mm[\/vc_column_text][\/vc_column][\/vc_row]<\/p>\n<\/div>","protected":false},"excerpt":{"rendered":"<p>[vc_row row_type=&#8221;row&#8221; use_row_as_full_screen_section=&#8221;no&#8221; type=&#8221;full_width&#8221; angled_section=&#8221;no&#8221; text_align=&#8221;left&#8221; background_image_as_pattern=&#8221;without_pattern&#8221; el_class=&#8221;dimensiestabel&#8221;][vc_column width=&#8221;2\/5&#8243;][vc_single_image image=&#8221;7857&#8243; img_size=&#8221;full&#8221; alignment=&#8221;right&#8221;][\/vc_column][vc_column width=&#8221;3\/5&#8243;][vc_column_text] Ma\u00dfe:[\/vc_column_text][vc_table allow_html=&#8221;1&#8243;]A,147mm|B,85mm|C,[\/vc_table][\/vc_column][\/vc_row][vc_row][vc_column][vc_column_text]L=102mm[\/vc_column_text][\/vc_column][\/vc_row]<\/p>\n","protected":false},"featured_media":16905,"template":"","meta":{"inline_featured_image":false},"product_brand":[],"product_cat":[1362],"product_tag":[2359,2360,2361,2362],"class_list":{"0":"post-13405","1":"product","2":"type-product","3":"status-publish","4":"has-post-thumbnail","6":"product_cat-traggurt","7":"product_tag-59315475-de","8":"product_tag-km50309020-de","9":"product_tag-km50309020-assembled-v-pulley-cpl-l102mm-de","10":"product_tag-sc8110-de","12":"first","13":"instock","14":"featured","15":"taxable","16":"shipping-taxable","17":"purchasable","18":"product-type-simple"},"brands":[],"_links":{"self":[{"href":"https:\/\/elvacenter.com\/de\/wp-json\/wp\/v2\/product\/13405","targetHints":{"allow":["GET"]}}],"collection":[{"href":"https:\/\/elvacenter.com\/de\/wp-json\/wp\/v2\/product"}],"about":[{"href":"https:\/\/elvacenter.com\/de\/wp-json\/wp\/v2\/types\/product"}],"wp:featuredmedia":[{"embeddable":true,"href":"https:\/\/elvacenter.com\/de\/wp-json\/wp\/v2\/media\/16905"}],"wp:attachment":[{"href":"https:\/\/elvacenter.com\/de\/wp-json\/wp\/v2\/media?parent=13405"}],"wp:term":[{"taxonomy":"product_brand","embeddable":true,"href":"https:\/\/elvacenter.com\/de\/wp-json\/wp\/v2\/product_brand?post=13405"},{"taxonomy":"product_cat","embeddable":true,"href":"https:\/\/elvacenter.com\/de\/wp-json\/wp\/v2\/product_cat?post=13405"},{"taxonomy":"product_tag","embeddable":true,"href":"https:\/\/elvacenter.com\/de\/wp-json\/wp\/v2\/product_tag?post=13405"}],"curies":[{"name":"wp","href":"https:\/\/api.w.org\/{rel}","templated":true}]}}