{"id":25111,"date":"2024-11-06T12:28:54","date_gmt":"2024-11-06T11:28:54","guid":{"rendered":"https:\/\/elvacenter.com\/subscribe-newsletter\/"},"modified":"2024-11-13T19:11:53","modified_gmt":"2024-11-13T18:11:53","slug":"newsletter-abonnieren","status":"publish","type":"page","link":"https:\/\/elvacenter.com\/de\/newsletter-abonnieren\/","title":{"rendered":"Newsletter abonnieren"},"content":{"rendered":"<div class=\"wpb-content-wrapper\"><p>[vc_row full_width=&#8221;stretch_row&#8221; el_class=&#8221;headerrijhome&#8221;][vc_column][vc_empty_space height=&#8221;100px&#8221;][vc_row_inner el_class=&#8221;blokheaderdonker&#8221;][vc_column_inner width=&#8221;1\/6&#8243;][\/vc_column_inner][vc_column_inner width=&#8221;2\/3&#8243; offset=&#8221;vc_col-sm-offset-0&#8243;][vc_column_text css_animation=&#8221;fadeInUp&#8221; css=&#8221;&#8221;]<\/p>\n<h1 style=\"text-align: center;\">NEWSLETTER<\/h1>\n<h2 style=\"text-align: center;\">ABONNIEREN UND INFORMIERT BLEIBEN<\/h2>\n<p style=\"text-align: center;\">Abonnieren Sie unseren Newsletter und bleiben Sie \u00fcber alle Neuigkeiten zu Elvacenter (Produkten) informiert.<\/p>\n<p>[\/vc_column_text][vc_empty_space height=&#8221;20px&#8221;][\/vc_column_inner][vc_column_inner width=&#8221;1\/6&#8243;][\/vc_column_inner][\/vc_row_inner][vc_row_inner][vc_column_inner width=&#8221;1\/6&#8243; offset=&#8221;vc_hidden-xs&#8221;][\/vc_column_inner][vc_column_inner el_class=&#8221;nieuwbriefblok&#8221; width=&#8221;2\/3&#8243;][vc_raw_html css=&#8221;&#8221;]JTNDZGl2JTIwaWQlM0QlMjJtY19lbWJlZF9zaGVsbCUyMiUzRSUwQSUyMCUyMCUyMCUyMCUyMCUyMCUzQ2xpbmslMjBocmVmJTNEJTIyJTJGJTJGY2RuLWltYWdlcy5tYWlsY2hpbXAuY29tJTJGZW1iZWRjb2RlJTJGY2xhc3NpYy0wNjE1MjMuY3NzJTIyJTIwcmVsJTNEJTIyc3R5bGVzaGVldCUyMiUyMHR5cGUlM0QlMjJ0ZXh0JTJGY3NzJTIyJTNFJTBBJTIwJTIwJTNDc3R5bGUlMjB0eXBlJTNEJTIydGV4dCUyRmNzcyUyMiUzRSUwQSUyMCUyMCUyMCUyMCUyMCUyMCUyMCUyMCUyM21jX2VtYmVkX3NpZ251cCU3QmJhY2tncm91bmQlM0ElMjNmZmYlM0IlMjBmYWxzZSUzQmNsZWFyJTNBbGVmdCUzQiUyMGZvbnQlM0ExNHB4JTIwSGVsdmV0aWNhJTJDQXJpYWwlMkNzYW5zLXNlcmlmJTNCJTIwd2lkdGglM0ElMjBweCUzQiU3RCUwQSUyMCUyMCUyMCUyMCUyMCUyMCUyMCUyMCUyRiUyQSUyMEFkZCUyMHlvdXIlMjBvd24lMjBNYWlsY2hpbXAlMjBmb3JtJTIwc3R5bGUlMjBvdmVycmlkZXMlMjBpbiUyMHlvdXIlMjBzaXRlJTIwc3R5bGVzaGVldCUyMG9yJTIwaW4lMjB0aGlzJTIwc3R5bGUlMjBibG9jay4lMEElMjAlMjAlMjAlMjAlMjAlMjAlMjAlMjAlMjAlMjAlMjBXZSUyMHJlY29tbWVuZCUyMG1vdmluZyUyMHRoaXMlMjBibG9jayUyMGFuZCUyMHRoZSUyMHByZWNlZGluZyUyMENTUyUyMGxpbmslMjB0byUyMHRoZSUyMEhFQUQlMjBvZiUyMHlvdXIlMjBIVE1MJTIwZmlsZS4lMjAlMkElMkYlMEElM0MlMkZzdHlsZSUzRSUwQSUzQ2RpdiUyMGlkJTNEJTIybWNfZW1iZWRfc2lnbnVwJTIyJTNFJTBBJTIwJTIwJTIwJTIwJTNDZm9ybSUyMGFjdGlvbiUzRCUyMmh0dHBzJTNBJTJGJTJGZWx2YWNlbnRlci51czIwLmxpc3QtbWFuYWdlLmNvbSUyRnN1YnNjcmliZSUyRnBvc3QlM0Z1JTNEYjAzMDA4YjI2OTliMWVmMDZlYTA3ZmU1YiUyNmFtcCUzQmlkJTNEZDUxMWI4NTk3YyUyNmFtcCUzQmZfaWQlM0QwMDI2NWJlZWYwJTIyJTIwbWV0aG9kJTNEJTIycG9zdCUyMiUyMGlkJTNEJTIybWMtZW1iZWRkZWQtc3Vic2NyaWJlLWZvcm0lMjIlMjBuYW1lJTNEJTIybWMtZW1iZWRkZWQtc3Vic2NyaWJlLWZvcm0lMjIlMjBjbGFzcyUzRCUyMnZhbGlkYXRlJTIyJTIwdGFyZ2V0JTNEJTIyX2JsYW5rJTIyJTNFJTBBJTIwJTIwJTIwJTIwJTIwJTIwJTIwJTIwJTNDZGl2JTIwaWQlM0QlMjJtY19lbWJlZF9zaWdudXBfc2Nyb2xsJTIyJTNFJTBBJTIwJTIwJTIwJTIwJTIwJTIwJTIwJTIwJTIwJTIwJTIwJTIwJTNDZGl2JTIwY2xhc3MlM0QlMjJpbmRpY2F0ZXMtcmVxdWlyZWQlMjIlM0UlM0NzcGFuJTIwY2xhc3MlM0QlMjJhc3RlcmlzayUyMiUzRSUyQSUzQyUyRnNwYW4lM0UlMjB6ZWlndCUyMGFuJTJDJTIwZXJmb3JkZXJsaWNoJTNDJTJGZGl2JTNFJTBBJTIwJTIwJTIwJTIwJTIwJTIwJTIwJTIwJTIwJTIwJTIwJTIwJTNDZGl2JTIwY2xhc3MlM0QlMjJtYy1maWVsZC1ncm91cCUyMiUzRSUzQ2xhYmVsJTIwZm9yJTNEJTIybWNlLUVNQUlMJTIyJTNFRS1NYWlsLUFkcmVzc2UlMjAlM0NzcGFuJTIwY2xhc3MlM0QlMjJhc3RlcmlzayUyMiUzRSUyQSUzQyUyRnNwYW4lM0UlM0MlMkZsYWJlbCUzRSUzQ2lucHV0JTIwdHlwZSUzRCUyMmVtYWlsJTIyJTIwbmFtZSUzRCUyMkVNQUlMJTIyJTIwY2xhc3MlM0QlMjJyZXF1aXJlZCUyMGVtYWlsJTIyJTIwaWQlM0QlMjJtY2UtRU1BSUwlMjIlMjByZXF1aXJlZCUzRCUyMiUyMiUyMHZhbHVlJTNEJTIyJTIyJTNFJTNDJTJGZGl2JTNFJTNDZGl2JTIwY2xhc3MlM0QlMjJtYy1maWVsZC1ncm91cCUyMiUzRSUzQ2xhYmVsJTIwZm9yJTNEJTIybWNlLUZOQU1FJTIyJTNFVm9ybmFtZSUyMCUzQyUyRmxhYmVsJTNFJTNDaW5wdXQlMjB0eXBlJTNEJTIydGV4dCUyMiUyMG5hbWUlM0QlMjJGTkFNRSUyMiUyMGNsYXNzJTNEJTIyJTIwdGV4dCUyMiUyMGlkJTNEJTIybWNlLUZOQU1FJTIyJTIwdmFsdWUlM0QlMjIlMjIlM0UlM0MlMkZkaXYlM0UlM0NkaXYlMjBjbGFzcyUzRCUyMm1jLWZpZWxkLWdyb3VwJTIyJTNFJTNDbGFiZWwlMjBmb3IlM0QlMjJtY2UtTE5BTUUlMjIlM0VOYWNobmFtZSUyMCUzQyUyRmxhYmVsJTNFJTNDaW5wdXQlMjB0eXBlJTNEJTIydGV4dCUyMiUyMG5hbWUlM0QlMjJMTkFNRSUyMiUyMGNsYXNzJTNEJTIyJTIwdGV4dCUyMiUyMGlkJTNEJTIybWNlLUxOQU1FJTIyJTIwdmFsdWUlM0QlMjIlMjIlM0UlM0MlMkZkaXYlM0UlM0NkaXYlMjBjbGFzcyUzRCUyMm1jLWZpZWxkLWdyb3VwJTIyJTNFJTNDbGFiZWwlMjBmb3IlM0QlMjJtY2UtTU1FUkdFNiUyMiUzRU5hbWUlMjBkZXIlMjBGaXJtYSUyMCUzQyUyRmxhYmVsJTNFJTNDaW5wdXQlMjB0eXBlJTNEJTIydGV4dCUyMiUyMG5hbWUlM0QlMjJNTUVSR0U2JTIyJTIwY2xhc3MlM0QlMjIlMjB0ZXh0JTIyJTIwaWQlM0QlMjJtY2UtTU1FUkdFNiUyMiUyMHZhbHVlJTNEJTIyJTIyJTNFJTNDJTJGZGl2JTNFJTNDZGl2JTIwY2xhc3MlM0QlMjJtYy1maWVsZC1ncm91cCUyMiUzRSUzQ2xhYmVsJTIwZm9yJTNEJTIybWNlLU1NRVJHRTglMjIlM0VCZXZvcnp1Z3RlJTIwU3ByYWNoZSUyMCUzQyUyRmxhYmVsJTNFJTNDc2VsZWN0JTIwbmFtZSUzRCUyMk1NRVJHRTglMjIlMjBjbGFzcyUzRCUyMiUyMiUyMGlkJTNEJTIybWNlLU1NRVJHRTglMjIlM0UlM0NvcHRpb24lMjB2YWx1ZSUzRCUyMiUyMiUzRSUzQyUyRm9wdGlvbiUzRSUzQ29wdGlvbiUyMHZhbHVlJTNEJTIyRW5nbGlzaCUyMiUzRUVuZ2xpc2NoJTNDJTJGb3B0aW9uJTNFJTNDb3B0aW9uJTIwdmFsdWUlM0QlMjJEdXRjaCUyMiUzRU5pZWRlcmwlQzMlQTRuZGlzY2glM0MlMkZvcHRpb24lM0UlM0NvcHRpb24lMjB2YWx1ZSUzRCUyMkZyZW5jaCUyMiUzRUZyYW56JUMzJUI2c2lzY2glM0MlMkZvcHRpb24lM0UlM0NvcHRpb24lMjB2YWx1ZSUzRCUyMkdlcm1hbiUyMiUzRURldXRzY2glM0MlMkZvcHRpb24lM0UlM0MlMkZzZWxlY3QlM0UlM0MlMkZkaXYlM0UlMEElM0NkaXYlMjBoaWRkZW4lM0QlMjIlMjIlM0UlM0NpbnB1dCUyMHR5cGUlM0QlMjJoaWRkZW4lMjIlMjBuYW1lJTNEJTIydGFncyUyMiUyMHZhbHVlJTNEJTIyNDIzMzg3MSUyMiUzRSUzQyUyRmRpdiUzRSUwQSUyMCUyMCUyMCUyMCUyMCUyMCUyMCUyMCUzQ2RpdiUyMGlkJTNEJTIybWNlLXJlc3BvbnNlcyUyMiUyMGNsYXNzJTNEJTIyY2xlYXIlMjIlM0UlMEElMjAlMjAlMjAlMjAlMjAlMjAlMjAlMjAlMjAlMjAlMjAlMjAlM0NkaXYlMjBjbGFzcyUzRCUyMnJlc3BvbnNlJTIyJTIwaWQlM0QlMjJtY2UtZXJyb3ItcmVzcG9uc2UlMjIlMjBzdHlsZSUzRCUyMmRpc3BsYXklM0ElMjBub25lJTNCJTIyJTNFJTNDJTJGZGl2JTNFJTBBJTIwJTIwJTIwJTIwJTIwJTIwJTIwJTIwJTIwJTIwJTIwJTIwJTNDZGl2JTIwY2xhc3MlM0QlMjJyZXNwb25zZSUyMiUyMGlkJTNEJTIybWNlLXN1Y2Nlc3MtcmVzcG9uc2UlMjIlMjBzdHlsZSUzRCUyMmRpc3BsYXklM0ElMjBub25lJTNCJTIyJTNFJTNDJTJGZGl2JTNFJTBBJTIwJTIwJTIwJTIwJTIwJTIwJTIwJTIwJTNDJTJGZGl2JTNFJTBBJTBBJTNDcCUyMHN0eWxlJTNEJTIyZm9udC1zaXplJTNBJTIwMTVweCUyMCUyMWltcG9ydGFudCUzQiUyMiUzRU1pdCUyMGRlbSUyMEtsaWNrZW4lMjBhdWYlMjAlRTIlODAlOUVBYm9ubmllcmVuJUUyJTgwJTlDJTIwZXJrbCVDMyVBNHJlbiUyMFNpZSUyMHNpY2glMjBtaXQlMjB1bnNlcmVuJTIwJTNDYSUyMGhyZWYlM0QlMjJodHRwcyUzQSUyRiUyRmVsdmFjZW50ZXIuY29tJTJGdGVybXMtYW5kLWNvbmRpdGlvbnMlMkYlMjNwcml2YWN5c3RhdGVtZW50JTIyJTIwdGFyZ2V0JTNEJTIyX2JsYW5rJTIyJTNFRGF0ZW5zY2h1dHplcmtsJUMzJUE0cnVuZyUzQyUyRmElM0UuJTNDJTJGcCUzRSUwQSUwQSUwQSUzQ2RpdiUyMGFyaWEtaGlkZGVuJTNEJTIydHJ1ZSUyMiUyMHN0eWxlJTNEJTIycG9zaXRpb24lM0ElMjBhYnNvbHV0ZSUzQiUyMGxlZnQlM0ElMjAtNTAwMHB4JTNCJTIyJTNFJTNDaW5wdXQlMjB0eXBlJTNEJTIydGV4dCUyMiUyMG5hbWUlM0QlMjJiX2IwMzAwOGIyNjk5YjFlZjA2ZWEwN2ZlNWJfZDUxMWI4NTk3YyUyMiUyMHRhYmluZGV4JTNEJTIyLTElMjIlMjB2YWx1ZSUzRCUyMiUyMiUzRSUzQyUyRmRpdiUzRSUzQ2RpdiUyMGNsYXNzJTNEJTIyY2xlYXIlMjIlM0UlM0NpbnB1dCUyMHR5cGUlM0QlMjJzdWJtaXQlMjIlMjBuYW1lJTNEJTIyc3Vic2NyaWJlJTIyJTIwaWQlM0QlMjJtYy1lbWJlZGRlZC1zdWJzY3JpYmUlMjIlMjBjbGFzcyUzRCUyMmJ1dHRvbiUyMiUyMHZhbHVlJTNEJTIyQWJvbm5pZXJlbiUyMiUzRSUzQyUyRmRpdiUzRSUwQSUyMCUyMCUyMCUyMCUzQyUyRmRpdiUzRSUwQSUzQyUyRmZvcm0lM0UlMEElM0MlMkZkaXYlM0UlMEElM0NzY3JpcHQlMjB0eXBlJTNEJTIydGV4dCUyRmphdmFzY3JpcHQlMjIlMjBzcmMlM0QlMjIlMkYlMkZzMy5hbWF6b25hd3MuY29tJTJGZG93bmxvYWRzLm1haWxjaGltcC5jb20lMkZqcyUyRm1jLXZhbGlkYXRlLmpzJTIyJTNFJTNDJTJGc2NyaXB0JTNFJTNDc2NyaXB0JTIwdHlwZSUzRCUyMnRleHQlMkZqYXZhc2NyaXB0JTIyJTNFJTI4ZnVuY3Rpb24lMjglMjQlMjklMjAlN0J3aW5kb3cuZm5hbWVzJTIwJTNEJTIwbmV3JTIwQXJyYXklMjglMjklM0IlMjB3aW5kb3cuZnR5cGVzJTIwJTNEJTIwbmV3JTIwQXJyYXklMjglMjklM0JmbmFtZXMlNUIwJTVEJTNEJTI3RU1BSUwlMjclM0JmdHlwZXMlNUIwJTVEJTNEJTI3ZW1haWwlMjclM0JmbmFtZXMlNUIxJTVEJTNEJTI3Rk5BTUUlMjclM0JmdHlwZXMlNUIxJTVEJTNEJTI3dGV4dCUyNyUzQmZuYW1lcyU1QjIlNUQlM0QlMjdMTkFNRSUyNyUzQmZ0eXBlcyU1QjIlNUQlM0QlMjd0ZXh0JTI3JTNCZm5hbWVzJTVCNiU1RCUzRCUyN01NRVJHRTYlMjclM0JmdHlwZXMlNUI2JTVEJTNEJTI3dGV4dCUyNyUzQmZuYW1lcyU1QjglNUQlM0QlMjdNTUVSR0U4JTI3JTNCZnR5cGVzJTVCOCU1RCUzRCUyN2Ryb3Bkb3duJTI3JTNCZm5hbWVzJTVCMyU1RCUzRCUyN0FERFJFU1MlMjclM0JmdHlwZXMlNUIzJTVEJTNEJTI3YWRkcmVzcyUyNyUzQmZuYW1lcyU1QjQlNUQlM0QlMjdQSE9ORSUyNyUzQmZ0eXBlcyU1QjQlNUQlM0QlMjdwaG9uZSUyNyUzQmZuYW1lcyU1QjUlNUQlM0QlMjdCSVJUSERBWSUyNyUzQmZ0eXBlcyU1QjUlNUQlM0QlMjdiaXJ0aGRheSUyNyUzQmZuYW1lcyU1QjclNUQlM0QlMjdNTUVSR0U3JTI3JTNCZnR5cGVzJTVCNyU1RCUzRCUyN3RleHQlMjclM0IlN0QlMjhqUXVlcnklMjklMjklM0J2YXIlMjAlMjRtY2olMjAlM0QlMjBqUXVlcnkubm9Db25mbGljdCUyOHRydWUlMjklM0IlM0MlMkZzY3JpcHQlM0UlM0MlMkZkaXYlM0U=[\/vc_raw_html][\/vc_column_inner][vc_column_inner width=&#8221;1\/6&#8243;][\/vc_column_inner][\/vc_row_inner][vc_empty_space height=&#8221;300px&#8221;][\/vc_column][\/vc_row][vc_row full_width=&#8221;stretch_row&#8221; css=&#8221;.vc_custom_1646432965877{padding-top: 40px !important;background-color: #eeeeee !important;}&#8221; el_class=&#8221;rijblokkenhome&#8221;][vc_column css_animation=&#8221;fadeIn&#8221; css=&#8221;.vc_custom_1646567188253{margin-top: -270px !important;}&#8221;][vc_row_inner el_class=&#8221;blokheaderdonker&#8221;][vc_column_inner width=&#8221;1\/6&#8243;][\/vc_column_inner][vc_column_inner width=&#8221;1\/3&#8243; offset=&#8221;vc_col-sm-offset-0&#8243;][vc_column_text css_animation=&#8221;none&#8221; el_class=&#8221;kolomvorm&#8221;]<\/p>\n<h3 style=\"text-align: center;\"><span style=\"color: #00a6d8;\">Elva<\/span>Shop<\/h3>\n<p style=\"text-align: center;\">Wir sind live! Besuchen Sie jetzt unseren neuen One-Stop-Shop f\u00fcr Aufzugs- und Rolltreppenteile.<\/p>\n<p>[\/vc_column_text][vc_icon icon_fontawesome=&#8221;fas fa-angle-right&#8221; align=&#8221;center&#8221; css_animation=&#8221;bounceInUp&#8221; link=&#8221;url:https%3A%2F%2Fshop.elvacenter.com%2Fde%2F|title:Elvashop&#8221; el_class=&#8221;vormbuttonangle&#8221;][\/vc_column_inner][vc_column_inner width=&#8221;1\/3&#8243; offset=&#8221;vc_col-sm-offset-0&#8243;][vc_column_text css_animation=&#8221;none&#8221; el_class=&#8221;kolomvorm2&#8243;]<\/p>\n<h3 style=\"text-align: center;\"><span style=\"color: #00a6d8;\">Elva<\/span>Service<\/h3>\n<p style=\"text-align: center;\">Immer erreichbar per Telefon, WhatsApp und E-Mail. \u00dcber unser Partnernetzwerk immer in Ihrer N\u00e4he.<\/p>\n<p>[\/vc_column_text][vc_icon icon_fontawesome=&#8221;fas fa-angle-right&#8221; align=&#8221;center&#8221; css_animation=&#8221;bounceInUp&#8221; link=&#8221;url:https%3A%2F%2Felvacenter.com%2Fde%2Felvaservice%2F|title:Service&#8221; el_class=&#8221;vormbuttonangle&#8221;][\/vc_column_inner][vc_column_inner width=&#8221;1\/6&#8243;][\/vc_column_inner][\/vc_row_inner][\/vc_column][\/vc_row][vc_row full_width=&#8221;stretch_row&#8221; content_placement=&#8221;middle&#8221; css=&#8221;.vc_custom_1646483882835{background-color: #eeeeee !important;}&#8221; el_class=&#8221;rij1&#8243;][vc_column width=&#8221;1\/2&#8243;][vc_single_image image=&#8221;24131&#8243; img_size=&#8221;full&#8221; alignment=&#8221;center&#8221; css_animation=&#8221;fadeIn&#8221;][\/vc_column][vc_column css_animation=&#8221;fadeInUp&#8221; width=&#8221;1\/2&#8243; el_class=&#8221;tekstkolom&#8221;][vc_column_text]<\/p>\n<h1>KENNENLERNEN ELVACENTER<\/h1>\n<h2>SICHERHEIT GEHT VOR! DESHALB GIBT ES ELVACENTER MIT EINEM QISS.<\/h2>\n<p>Als Hersteller oder Installateur von Aufz\u00fcgen wissen Sie das besser als jeder andere: Verl\u00e4sslichkeit ist das Schl\u00fcsselwort. Sicherheit steht an erster Stelle, und der Fahrgast muss ihr blind vertrauen k\u00f6nnen. Bei Elvacenter k\u00f6nnen Sie deshalb auf QISS z\u00e4hlen.[\/vc_column_text][vc_btn title=&#8221;Lesen Sie mehr&#8221; style=&#8221;classic&#8221; shape=&#8221;square&#8221; link=&#8221;url:https%3A%2F%2Felvacenter.com%2Fde%2Fkennenlernen-elvacenter%2F|title:Privacy%20statement&#8221;][\/vc_column][\/vc_row][vc_row el_class=&#8221;rij1&#8243; css=&#8221;.vc_custom_1646572936912{margin-bottom: 0px !important;padding-bottom: 0px !important;}&#8221;][vc_column css_animation=&#8221;fadeInUp&#8221;][vc_widget_sidebar sidebar_id=&#8221;contacttekst&#8221;][vc_widget_sidebar sidebar_id=&#8221;contactbuttons&#8221;][\/vc_column][\/vc_row]<\/p>\n<\/div>","protected":false},"excerpt":{"rendered":"<p>[vc_row full_width=&#8221;stretch_row&#8221; el_class=&#8221;headerrijhome&#8221;][vc_column][vc_empty_space height=&#8221;100px&#8221;][vc_row_inner el_class=&#8221;blokheaderdonker&#8221;][vc_column_inner width=&#8221;1\/6&#8243;][\/vc_column_inner][vc_column_inner width=&#8221;2\/3&#8243; offset=&#8221;vc_col-sm-offset-0&#8243;][vc_column_text css_animation=&#8221;fadeInUp&#8221; css=&#8221;&#8221;] NEWSLETTER ABONNIEREN UND INFORMIERT BLEIBEN Abonnieren Sie unseren Newsletter und bleiben Sie \u00fcber alle Neuigkeiten zu Elvacenter (Produkten) informiert. [\/vc_column_text][vc_empty_space height=&#8221;20px&#8221;][\/vc_column_inner][vc_column_inner width=&#8221;1\/6&#8243;][\/vc_column_inner][\/vc_row_inner][vc_row_inner][vc_column_inner width=&#8221;1\/6&#8243; offset=&#8221;vc_hidden-xs&#8221;][\/vc_column_inner][vc_column_inner el_class=&#8221;nieuwbriefblok&#8221; width=&#8221;2\/3&#8243;][vc_raw_html css=&#8221;&#8221;]JTNDZGl2JTIwaWQlM0QlMjJtY19lbWJlZF9zaGVsbCUyMiUzRSUwQSUyMCUyMCUyMCUyMCUyMCUyMCUzQ2xpbmslMjBocmVmJTNEJTIyJTJGJTJGY2RuLWltYWdlcy5tYWlsY2hpbXAuY29tJTJGZW1iZWRjb2RlJTJGY2xhc3NpYy0wNjE1MjMuY3NzJTIyJTIwcmVsJTNEJTIyc3R5bGVzaGVldCUyMiUyMHR5cGUlM0QlMjJ0ZXh0JTJGY3NzJTIyJTNFJTBBJTIwJTIwJTNDc3R5bGUlMjB0eXBlJTNEJTIydGV4dCUyRmNzcyUyMiUzRSUwQSUyMCUyMCUyMCUyMCUyMCUyMCUyMCUyMCUyM21jX2VtYmVkX3NpZ251cCU3QmJhY2tncm91bmQlM0ElMjNmZmYlM0IlMjBmYWxzZSUzQmNsZWFyJTNBbGVmdCUzQiUyMGZvbnQlM0ExNHB4JTIwSGVsdmV0aWNhJTJDQXJpYWwlMkNzYW5zLXNlcmlmJTNCJTIwd2lkdGglM0ElMjBweCUzQiU3RCUwQSUyMCUyMCUyMCUyMCUyMCUyMCUyMCUyMCUyRiUyQSUyMEFkZCUyMHlvdXIlMjBvd24lMjBNYWlsY2hpbXAlMjBmb3JtJTIwc3R5bGUlMjBvdmVycmlkZXMlMjBpbiUyMHlvdXIlMjBzaXRlJTIwc3R5bGVzaGVldCUyMG9yJTIwaW4lMjB0aGlzJTIwc3R5bGUlMjBibG9jay4lMEElMjAlMjAlMjAlMjAlMjAlMjAlMjAlMjAlMjAlMjAlMjBXZSUyMHJlY29tbWVuZCUyMG1vdmluZyUyMHRoaXMlMjBibG9jayUyMGFuZCUyMHRoZSUyMHByZWNlZGluZyUyMENTUyUyMGxpbmslMjB0byUyMHRoZSUyMEhFQUQlMjBvZiUyMHlvdXIlMjBIVE1MJTIwZmlsZS4lMjAlMkElMkYlMEElM0MlMkZzdHlsZSUzRSUwQSUzQ2RpdiUyMGlkJTNEJTIybWNfZW1iZWRfc2lnbnVwJTIyJTNFJTBBJTIwJTIwJTIwJTIwJTNDZm9ybSUyMGFjdGlvbiUzRCUyMmh0dHBzJTNBJTJGJTJGZWx2YWNlbnRlci51czIwLmxpc3QtbWFuYWdlLmNvbSUyRnN1YnNjcmliZSUyRnBvc3QlM0Z1JTNEYjAzMDA4YjI2OTliMWVmMDZlYTA3ZmU1YiUyNmFtcCUzQmlkJTNEZDUxMWI4NTk3YyUyNmFtcCUzQmZfaWQlM0QwMDI2NWJlZWYwJTIyJTIwbWV0aG9kJTNEJTIycG9zdCUyMiUyMGlkJTNEJTIybWMtZW1iZWRkZWQtc3Vic2NyaWJlLWZvcm0lMjIlMjBuYW1lJTNEJTIybWMtZW1iZWRkZWQtc3Vic2NyaWJlLWZvcm0lMjIlMjBjbGFzcyUzRCUyMnZhbGlkYXRlJTIyJTIwdGFyZ2V0JTNEJTIyX2JsYW5rJTIyJTNFJTBBJTIwJTIwJTIwJTIwJTIwJTIwJTIwJTIwJTNDZGl2JTIwaWQlM0QlMjJtY19lbWJlZF9zaWdudXBfc2Nyb2xsJTIyJTNFJTBBJTIwJTIwJTIwJTIwJTIwJTIwJTIwJTIwJTIwJTIwJTIwJTIwJTNDZGl2JTIwY2xhc3MlM0QlMjJpbmRpY2F0ZXMtcmVxdWlyZWQlMjIlM0UlM0NzcGFuJTIwY2xhc3MlM0QlMjJhc3RlcmlzayUyMiUzRSUyQSUzQyUyRnNwYW4lM0UlMjB6ZWlndCUyMGFuJTJDJTIwZXJmb3JkZXJsaWNoJTNDJTJGZGl2JTNFJTBBJTIwJTIwJTIwJTIwJTIwJTIwJTIwJTIwJTIwJTIwJTIwJTIwJTNDZGl2JTIwY2xhc3MlM0QlMjJtYy1maWVsZC1ncm91cCUyMiUzRSUzQ2xhYmVsJTIwZm9yJTNEJTIybWNlLUVNQUlMJTIyJTNFRS1NYWlsLUFkcmVzc2UlMjAlM0NzcGFuJTIwY2xhc3MlM0QlMjJhc3RlcmlzayUyMiUzRSUyQSUzQyUyRnNwYW4lM0UlM0MlMkZsYWJlbCUzRSUzQ2lucHV0JTIwdHlwZSUzRCUyMmVtYWlsJTIyJTIwbmFtZSUzRCUyMkVNQUlMJTIyJTIwY2xhc3MlM0QlMjJyZXF1aXJlZCUyMGVtYWlsJTIyJTIwaWQlM0QlMjJtY2UtRU1BSUwlMjIlMjByZXF1aXJlZCUzRCUyMiUyMiUyMHZhbHVlJTNEJTIyJTIyJTNFJTNDJTJGZGl2JTNFJTNDZGl2JTIwY2xhc3MlM0QlMjJtYy1maWVsZC1ncm91cCUyMiUzRSUzQ2xhYmVsJTIwZm9yJTNEJTIybWNlLUZOQU1FJTIyJTNFVm9ybmFtZSUyMCUzQyUyRmxhYmVsJTNFJTNDaW5wdXQlMjB0eXBlJTNEJTIydGV4dCUyMiUyMG5hbWUlM0QlMjJGTkFNRSUyMiUyMGNsYXNzJTNEJTIyJTIwdGV4dCUyMiUyMGlkJTNEJTIybWNlLUZOQU1FJTIyJTIwdmFsdWUlM0QlMjIlMjIlM0UlM0MlMkZkaXYlM0UlM0NkaXYlMjBjbGFzcyUzRCUyMm1jLWZpZWxkLWdyb3VwJTIyJTNFJTNDbGFiZWwlMjBmb3IlM0QlMjJtY2UtTE5BTUUlMjIlM0VOYWNobmFtZSUyMCUzQyUyRmxhYmVsJTNFJTNDaW5wdXQlMjB0eXBlJTNEJTIydGV4dCUyMiUyMG5hbWUlM0QlMjJMTkFNRSUyMiUyMGNsYXNzJTNEJTIyJTIwdGV4dCUyMiUyMGlkJTNEJTIybWNlLUxOQU1FJTIyJTIwdmFsdWUlM0QlMjIlMjIlM0UlM0MlMkZkaXYlM0UlM0NkaXYlMjBjbGFzcyUzRCUyMm1jLWZpZWxkLWdyb3VwJTIyJTNFJTNDbGFiZWwlMjBmb3IlM0QlMjJtY2UtTU1FUkdFNiUyMiUzRU5hbWUlMjBkZXIlMjBGaXJtYSUyMCUzQyUyRmxhYmVsJTNFJTNDaW5wdXQlMjB0eXBlJTNEJTIydGV4dCUyMiUyMG5hbWUlM0QlMjJNTUVSR0U2JTIyJTIwY2xhc3MlM0QlMjIlMjB0ZXh0JTIyJTIwaWQlM0QlMjJtY2UtTU1FUkdFNiUyMiUyMHZhbHVlJTNEJTIyJTIyJTNFJTNDJTJGZGl2JTNFJTNDZGl2JTIwY2xhc3MlM0QlMjJtYy1maWVsZC1ncm91cCUyMiUzRSUzQ2xhYmVsJTIwZm9yJTNEJTIybWNlLU1NRVJHRTglMjIlM0VCZXZvcnp1Z3RlJTIwU3ByYWNoZSUyMCUzQyUyRmxhYmVsJTNFJTNDc2VsZWN0JTIwbmFtZSUzRCUyMk1NRVJHRTglMjIlMjBjbGFzcyUzRCUyMiUyMiUyMGlkJTNEJTIybWNlLU1NRVJHRTglMjIlM0UlM0NvcHRpb24lMjB2YWx1ZSUzRCUyMiUyMiUzRSUzQyUyRm9wdGlvbiUzRSUzQ29wdGlvbiUyMHZhbHVlJTNEJTIyRW5nbGlzaCUyMiUzRUVuZ2xpc2NoJTNDJTJGb3B0aW9uJTNFJTNDb3B0aW9uJTIwdmFsdWUlM0QlMjJEdXRjaCUyMiUzRU5pZWRlcmwlQzMlQTRuZGlzY2glM0MlMkZvcHRpb24lM0UlM0NvcHRpb24lMjB2YWx1ZSUzRCUyMkZyZW5jaCUyMiUzRUZyYW56JUMzJUI2c2lzY2glM0MlMkZvcHRpb24lM0UlM0NvcHRpb24lMjB2YWx1ZSUzRCUyMkdlcm1hbiUyMiUzRURldXRzY2glM0MlMkZvcHRpb24lM0UlM0MlMkZzZWxlY3QlM0UlM0MlMkZkaXYlM0UlMEElM0NkaXYlMjBoaWRkZW4lM0QlMjIlMjIlM0UlM0NpbnB1dCUyMHR5cGUlM0QlMjJoaWRkZW4lMjIlMjBuYW1lJTNEJTIydGFncyUyMiUyMHZhbHVlJTNEJTIyNDIzMzg3MSUyMiUzRSUzQyUyRmRpdiUzRSUwQSUyMCUyMCUyMCUyMCUyMCUyMCUyMCUyMCUzQ2RpdiUyMGlkJTNEJTIybWNlLXJlc3BvbnNlcyUyMiUyMGNsYXNzJTNEJTIyY2xlYXIlMjIlM0UlMEElMjAlMjAlMjAlMjAlMjAlMjAlMjAlMjAlMjAlMjAlMjAlMjAlM0NkaXYlMjBjbGFzcyUzRCUyMnJlc3BvbnNlJTIyJTIwaWQlM0QlMjJtY2UtZXJyb3ItcmVzcG9uc2UlMjIlMjBzdHlsZSUzRCUyMmRpc3BsYXklM0ElMjBub25lJTNCJTIyJTNFJTNDJTJGZGl2JTNFJTBBJTIwJTIwJTIwJTIwJTIwJTIwJTIwJTIwJTIwJTIwJTIwJTIwJTNDZGl2JTIwY2xhc3MlM0QlMjJyZXNwb25zZSUyMiUyMGlkJTNEJTIybWNlLXN1Y2Nlc3MtcmVzcG9uc2UlMjIlMjBzdHlsZSUzRCUyMmRpc3BsYXklM0ElMjBub25lJTNCJTIyJTNFJTNDJTJGZGl2JTNFJTBBJTIwJTIwJTIwJTIwJTIwJTIwJTIwJTIwJTNDJTJGZGl2JTNFJTBBJTBBJTNDcCUyMHN0eWxlJTNEJTIyZm9udC1zaXplJTNBJTIwMTVweCUyMCUyMWltcG9ydGFudCUzQiUyMiUzRU1pdCUyMGRlbSUyMEtsaWNrZW4lMjBhdWYlMjAlRTIlODAlOUVBYm9ubmllcmVuJUUyJTgwJTlDJTIwZXJrbCVDMyVBNHJlbiUyMFNpZSUyMHNpY2glMjBtaXQlMjB1bnNlcmVuJTIwJTNDYSUyMGhyZWYlM0QlMjJodHRwcyUzQSUyRiUyRmVsdmFjZW50ZXIuY29tJTJGdGVybXMtYW5kLWNvbmRpdGlvbnMlMkYlMjNwcml2YWN5c3RhdGVtZW50JTIyJTIwdGFyZ2V0JTNEJTIyX2JsYW5rJTIyJTNFRGF0ZW5zY2h1dHplcmtsJUMzJUE0cnVuZyUzQyUyRmElM0UuJTNDJTJGcCUzRSUwQSUwQSUwQSUzQ2RpdiUyMGFyaWEtaGlkZGVuJTNEJTIydHJ1ZSUyMiUyMHN0eWxlJTNEJTIycG9zaXRpb24lM0ElMjBhYnNvbHV0ZSUzQiUyMGxlZnQlM0ElMjAtNTAwMHB4JTNCJTIyJTNFJTNDaW5wdXQlMjB0eXBlJTNEJTIydGV4dCUyMiUyMG5hbWUlM0QlMjJiX2IwMzAwOGIyNjk5YjFlZjA2ZWEwN2ZlNWJfZDUxMWI4NTk3YyUyMiUyMHRhYmluZGV4JTNEJTIyLTElMjIlMjB2YWx1ZSUzRCUyMiUyMiUzRSUzQyUyRmRpdiUzRSUzQ2RpdiUyMGNsYXNzJTNEJTIyY2xlYXIlMjIlM0UlM0NpbnB1dCUyMHR5cGUlM0QlMjJzdWJtaXQlMjIlMjBuYW1lJTNEJTIyc3Vic2NyaWJlJTIyJTIwaWQlM0QlMjJtYy1lbWJlZGRlZC1zdWJzY3JpYmUlMjIlMjBjbGFzcyUzRCUyMmJ1dHRvbiUyMiUyMHZhbHVlJTNEJTIyQWJvbm5pZXJlbiUyMiUzRSUzQyUyRmRpdiUzRSUwQSUyMCUyMCUyMCUyMCUzQyUyRmRpdiUzRSUwQSUzQyUyRmZvcm0lM0UlMEElM0MlMkZkaXYlM0UlMEElM0NzY3JpcHQlMjB0eXBlJTNEJTIydGV4dCUyRmphdmFzY3JpcHQlMjIlMjBzcmMlM0QlMjIlMkYlMkZzMy5hbWF6b25hd3MuY29tJTJGZG93bmxvYWRzLm1haWxjaGltcC5jb20lMkZqcyUyRm1jLXZhbGlkYXRlLmpzJTIyJTNFJTNDJTJGc2NyaXB0JTNFJTNDc2NyaXB0JTIwdHlwZSUzRCUyMnRleHQlMkZqYXZhc2NyaXB0JTIyJTNFJTI4ZnVuY3Rpb24lMjglMjQlMjklMjAlN0J3aW5kb3cuZm5hbWVzJTIwJTNEJTIwbmV3JTIwQXJyYXklMjglMjklM0IlMjB3aW5kb3cuZnR5cGVzJTIwJTNEJTIwbmV3JTIwQXJyYXklMjglMjklM0JmbmFtZXMlNUIwJTVEJTNEJTI3RU1BSUwlMjclM0JmdHlwZXMlNUIwJTVEJTNEJTI3ZW1haWwlMjclM0JmbmFtZXMlNUIxJTVEJTNEJTI3Rk5BTUUlMjclM0JmdHlwZXMlNUIxJTVEJTNEJTI3dGV4dCUyNyUzQmZuYW1lcyU1QjIlNUQlM0QlMjdMTkFNRSUyNyUzQmZ0eXBlcyU1QjIlNUQlM0QlMjd0ZXh0JTI3JTNCZm5hbWVzJTVCNiU1RCUzRCUyN01NRVJHRTYlMjclM0JmdHlwZXMlNUI2JTVEJTNEJTI3dGV4dCUyNyUzQmZuYW1lcyU1QjglNUQlM0QlMjdNTUVSR0U4JTI3JTNCZnR5cGVzJTVCOCU1RCUzRCUyN2Ryb3Bkb3duJTI3JTNCZm5hbWVzJTVCMyU1RCUzRCUyN0FERFJFU1MlMjclM0JmdHlwZXMlNUIzJTVEJTNEJTI3YWRkcmVzcyUyNyUzQmZuYW1lcyU1QjQlNUQlM0QlMjdQSE9ORSUyNyUzQmZ0eXBlcyU1QjQlNUQlM0QlMjdwaG9uZSUyNyUzQmZuYW1lcyU1QjUlNUQlM0QlMjdCSVJUSERBWSUyNyUzQmZ0eXBlcyU1QjUlNUQlM0QlMjdiaXJ0aGRheSUyNyUzQmZuYW1lcyU1QjclNUQlM0QlMjdNTUVSR0U3JTI3JTNCZnR5cGVzJTVCNyU1RCUzRCUyN3RleHQlMjclM0IlN0QlMjhqUXVlcnklMjklMjklM0J2YXIlMjAlMjRtY2olMjAlM0QlMjBqUXVlcnkubm9Db25mbGljdCUyOHRydWUlMjklM0IlM0MlMkZzY3JpcHQlM0UlM0MlMkZkaXYlM0U=[\/vc_raw_html][\/vc_column_inner][vc_column_inner width=&#8221;1\/6&#8243;][\/vc_column_inner][\/vc_row_inner][vc_empty_space height=&#8221;300px&#8221;][\/vc_column][\/vc_row][vc_row full_width=&#8221;stretch_row&#8221; css=&#8221;.vc_custom_1646432965877{padding-top: 40px !important;background-color: #eeeeee !important;}&#8221; el_class=&#8221;rijblokkenhome&#8221;][vc_column css_animation=&#8221;fadeIn&#8221; css=&#8221;.vc_custom_1646567188253{margin-top: -270px !important;}&#8221;][vc_row_inner el_class=&#8221;blokheaderdonker&#8221;][vc_column_inner width=&#8221;1\/6&#8243;][\/vc_column_inner][vc_column_inner width=&#8221;1\/3&#8243; offset=&#8221;vc_col-sm-offset-0&#8243;][vc_column_text css_animation=&#8221;none&#8221; [&hellip;]<\/p>\n","protected":false},"author":1,"featured_media":0,"parent":0,"menu_order":0,"comment_status":"closed","ping_status":"closed","template":"","meta":{"inline_featured_image":false,"footnotes":""},"class_list":["post-25111","page","type-page","status-publish","hentry"],"_links":{"self":[{"href":"https:\/\/elvacenter.com\/de\/wp-json\/wp\/v2\/pages\/25111","targetHints":{"allow":["GET"]}}],"collection":[{"href":"https:\/\/elvacenter.com\/de\/wp-json\/wp\/v2\/pages"}],"about":[{"href":"https:\/\/elvacenter.com\/de\/wp-json\/wp\/v2\/types\/page"}],"author":[{"embeddable":true,"href":"https:\/\/elvacenter.com\/de\/wp-json\/wp\/v2\/users\/1"}],"replies":[{"embeddable":true,"href":"https:\/\/elvacenter.com\/de\/wp-json\/wp\/v2\/comments?post=25111"}],"version-history":[{"count":6,"href":"https:\/\/elvacenter.com\/de\/wp-json\/wp\/v2\/pages\/25111\/revisions"}],"predecessor-version":[{"id":25163,"href":"https:\/\/elvacenter.com\/de\/wp-json\/wp\/v2\/pages\/25111\/revisions\/25163"}],"wp:attachment":[{"href":"https:\/\/elvacenter.com\/de\/wp-json\/wp\/v2\/media?parent=25111"}],"curies":[{"name":"wp","href":"https:\/\/api.w.org\/{rel}","templated":true}]}}