{"id":24463,"date":"2023-08-16T15:57:28","date_gmt":"2023-08-16T13:57:28","guid":{"rendered":"https:\/\/elvacenter.com\/mission-vision-values\/"},"modified":"2023-09-22T10:38:54","modified_gmt":"2023-09-22T08:38:54","slug":"auftrag-vision-kernwerte","status":"publish","type":"page","link":"https:\/\/elvacenter.com\/de\/auftrag-vision-kernwerte\/","title":{"rendered":"Auftrag, vision, kernwerte"},"content":{"rendered":"<div class=\"wpb-content-wrapper\"><p>[vc_row full_width=&#8221;stretch_row&#8221; el_class=&#8221;headerrij&#8221;][vc_column][vc_row_inner el_class=&#8221;blokheaderdonker&#8221;][vc_column_inner width=&#8221;1\/6&#8243;][\/vc_column_inner][vc_column_inner width=&#8221;2\/3&#8243;][vc_column_text css_animation=&#8221;fadeInUp&#8221;]<\/p>\n<h1 style=\"text-align: center;\">Mission, vision, kernwerte<\/h1>\n<h2 style=\"text-align: center;\">Elvacenter:<br \/>\n<span lang=\"DE\">Ihr One-Stop-Shop f<\/span>\u00fc<span lang=\"DE\">r Aufzugs- und Rolltreppenteile,<br \/>\nModernisierungsprojekte und Neuinstallationen<\/span><\/h2>\n<p>[\/vc_column_text][\/vc_column_inner][vc_column_inner width=&#8221;1\/6&#8243;][\/vc_column_inner][\/vc_row_inner][\/vc_column][\/vc_row][vc_row full_width=&#8221;stretch_row&#8221; content_placement=&#8221;middle&#8221; css=&#8221;.vc_custom_1692354733998{background-color: #eeeeee !important;}&#8221; el_class=&#8221;rij1&#8243;][vc_column css_animation=&#8221;fadeInUp&#8221; width=&#8221;1\/2&#8243;][vc_column_text]<img loading=\"lazy\" decoding=\"async\" class=\"vc_single_image-img attachment-full aligncenter\" title=\"ec-vision-5\" src=\"https:\/\/elvacenter.com\/wp-content\/uploads\/2023\/08\/ec-vision-5.svg\" alt=\"\" width=\"288\" height=\"333\" \/>[\/vc_column_text][\/vc_column][vc_column css_animation=&#8221;fadeInUp&#8221; width=&#8221;1\/2&#8243; css=&#8221;.vc_custom_1646649515868&#8243; el_class=&#8221;tekstkolom&#8221;][vc_column_text css_animation=&#8221;fadeInUp&#8221;]<\/p>\n<h2>Auftrag<\/h2>\n<p>Elvacenter ist der Komplettanbieter und Vordenker f\u00fcr die Aufzugs- und Rolltreppenbranche. Hersteller, Installations- und Serviceunternehmen finden in unserem <a title=\"https:\/\/shop.elvacenter.com\/de\/\" href=\"https:\/\/shop.elvacenter.com\/de\/\">One-Stop-Webshop<\/a> das gr\u00f6\u00dftm\u00f6gliche Sortiment. Dieser zeichnet sich durch klare (Produkt-)Informationen zugunsten einer schnellen und fehlerfreien Bestellung aus.<\/p>\n<p>Elvacenter schafft auch offline einen Mehrwert f\u00fcr seine Beziehungen. Elvacenter ist immer bereit, pers\u00f6nliche und ehrliche technische Unterst\u00fctzung zu leisten, sowohl off- als auch on-site. Elvacenter bietet auch Modernisierungsl\u00f6sungen an. Das bedeutet, dass Sie sich an Elvacenter wenden k\u00f6nnen, um komplette Modernisierungspakete, Messformulare und ma\u00dfgeschneiderte Beratung zu erhalten. Entlastung im Bereich der Arbeitsvorbereitung, das ist unser Ziel.[\/vc_column_text][\/vc_column][\/vc_row][vc_row full_width=&#8221;stretch_row&#8221; content_placement=&#8221;middle&#8221; css=&#8221;.vc_custom_1646618475782{background-color: #ffffff !important;}&#8221; el_class=&#8221;rij1&#8243;][vc_column width=&#8221;1\/2&#8243; el_class=&#8221;tekstkolom2&#8243;][vc_column_text css_animation=&#8221;fadeInUp&#8221;]<\/p>\n<h2>Vision<\/h2>\n<p>Elvacenter hat sich zum Ziel gesetzt, einen wesentlichen Beitrag zu den beiden wichtigsten Anforderungen an Aufz\u00fcge und Fahrtreppen zu leisten: Sicherheit und Zuverl\u00e4ssigkeit. Dies tun wir vor allem durch die Lieferung von Qualit\u00e4tsprodukten, durch die pers\u00f6nliche Betreuung unserer Kunden, durch die schnelle Lieferung von Auftr\u00e4gen und durch die sofortige Reaktion auf Hilfeanfragen.<br \/>\nAls niederl\u00e4ndisch-belgisches Unternehmen zielen wir von den Benelux-Staaten aus allm\u00e4hlich auf den gesamten europ\u00e4ischen Fachmarkt, f\u00fcr den wir eine feste Gr\u00f6\u00dfe sein wollen. Um \u00fcberall Qualit\u00e4t, Engagement und Schnelligkeit zu garantieren, arbeiten wir kontinuierlich am Aufbau eines europ\u00e4ischen Netzes von technischen und logistischen Partnern.[\/vc_column_text][\/vc_column][vc_column css_animation=&#8221;fadeInUp&#8221; width=&#8221;1\/2&#8243;][vc_column_text]<img loading=\"lazy\" decoding=\"async\" class=\"vc_single_image-img attachment-full aligncenter\" title=\"ec-mission-4\" src=\"https:\/\/elvacenter.com\/wp-content\/uploads\/2023\/08\/ec-mission-4.svg\" alt=\"\" width=\"290\" height=\"335\" \/>[\/vc_column_text][\/vc_column][\/vc_row][vc_row full_width=&#8221;stretch_row&#8221; equal_height=&#8221;yes&#8221; content_placement=&#8221;middle&#8221; el_class=&#8221;rij1&#8243; css=&#8221;.vc_custom_1692354739674{background-color: #eeeeee !important;}&#8221;][vc_column css_animation=&#8221;fadeInUp&#8221; width=&#8221;1\/2&#8243;][vc_column_text]<img loading=\"lazy\" decoding=\"async\" class=\"vc_single_image-img attachment-full aligncenter\" title=\"ec-slogan-2\" src=\"https:\/\/elvacenter.com\/wp-content\/uploads\/2023\/08\/ec-slogan-2.svg\" alt=\"\" width=\"285\" height=\"330\" \/>[\/vc_column_text][\/vc_column][vc_column width=&#8221;1\/2&#8243;][vc_column_text css_animation=&#8221;fadeInUp&#8221;]<\/p>\n<h2>Kernwerte<\/h2>\n<p>Unser Slogan &#8216;Never Let You Down&#8217; ist mehr als &#8216;nur&#8217; eine Werbeaussage. Er fasst unsere wichtigsten Kernwerte zusammen: Zuverl\u00e4ssigkeit, Klarheit und Flexibilit\u00e4t. Elvacenter will ein Unternehmen sein, auf das man bauen kann. Kunden, Mitarbeiter, Lieferanten&#8230; Jede Frage muss beantwortet werden. Jeder Termin eingehalten werden. Jedes Problem gel\u00f6st. Das ist unverd\u00fcnnt in der DNA der Elvacenter-Gr\u00fcnder. Und sie sind wichtige Kriterien im Auswahlverfahren neuer Mitarbeiter. Die Unternehmenskultur von Elvacenter in einer Nussschale? Wir lassen Sie nie im Stich!<br \/>\n[\/vc_column_text][\/vc_column][\/vc_row][vc_row full_width=&#8221;stretch_row_content&#8221; content_placement=&#8221;middle&#8221; css=&#8221;.vc_custom_1692349838726{margin-bottom: 0px !important;padding-bottom: 0px !important;background-color: #1a405a !important;}&#8221; el_class=&#8221;rij1&#8243; el_id=&#8221;blokdonker&#8221;][vc_column][vc_column_text css_animation=&#8221;fadeInUp&#8221;]<\/p>\n<h2 style=\"text-align: center;\">FAKTEN &amp; ZAHLEN<\/h2>\n<p>[\/vc_column_text][vc_empty_space height=&#8221;120px&#8221;][vc_column_text css=&#8221;.vc_custom_1695371932576{margin-bottom: 0px !important;padding-bottom: 0px !important;}&#8221;]<\/p>\n<p style=\"line-height: 0!important;\"><img loading=\"lazy\" decoding=\"async\" class=\"vc_single_image-img attachment-full aligncenter\" title=\"ec-facts-3\" src=\"https:\/\/elvacenter.com\/wp-content\/uploads\/2023\/08\/ec-facts-3.svg\" alt=\"\" width=\"1568\" height=\"205\" \/><\/p>\n<p>[\/vc_column_text][\/vc_column][\/vc_row][vc_row el_class=&#8221;rij1&#8243; css=&#8221;.vc_custom_1646250702800{margin-bottom: 0px !important;padding-bottom: 0px !important;}&#8221;][vc_column css_animation=&#8221;fadeInUp&#8221;][vc_widget_sidebar sidebar_id=&#8221;contacttekst&#8221;][vc_widget_sidebar sidebar_id=&#8221;contactbuttons&#8221;][\/vc_column][\/vc_row]<\/p>\n<\/div>","protected":false},"excerpt":{"rendered":"<p>[vc_row full_width=&#8221;stretch_row&#8221; el_class=&#8221;headerrij&#8221;][vc_column][vc_row_inner el_class=&#8221;blokheaderdonker&#8221;][vc_column_inner width=&#8221;1\/6&#8243;][\/vc_column_inner][vc_column_inner width=&#8221;2\/3&#8243;][vc_column_text css_animation=&#8221;fadeInUp&#8221;] Mission, vision, kernwerte Elvacenter: Ihr One-Stop-Shop f\u00fcr Aufzugs- und Rolltreppenteile, Modernisierungsprojekte und Neuinstallationen [\/vc_column_text][\/vc_column_inner][vc_column_inner width=&#8221;1\/6&#8243;][\/vc_column_inner][\/vc_row_inner][\/vc_column][\/vc_row][vc_row full_width=&#8221;stretch_row&#8221; content_placement=&#8221;middle&#8221; css=&#8221;.vc_custom_1692354733998{background-color: #eeeeee !important;}&#8221; el_class=&#8221;rij1&#8243;][vc_column css_animation=&#8221;fadeInUp&#8221; width=&#8221;1\/2&#8243;][vc_column_text][\/vc_column_text][\/vc_column][vc_column css_animation=&#8221;fadeInUp&#8221; width=&#8221;1\/2&#8243; css=&#8221;.vc_custom_1646649515868&#8243; el_class=&#8221;tekstkolom&#8221;][vc_column_text css_animation=&#8221;fadeInUp&#8221;] Auftrag Elvacenter ist der Komplettanbieter und Vordenker f\u00fcr die Aufzugs- und Rolltreppenbranche. Hersteller, Installations- und Serviceunternehmen finden in unserem One-Stop-Webshop [&hellip;]<\/p>\n","protected":false},"author":1,"featured_media":0,"parent":0,"menu_order":0,"comment_status":"closed","ping_status":"closed","template":"","meta":{"inline_featured_image":false,"footnotes":""},"class_list":["post-24463","page","type-page","status-publish","hentry"],"_links":{"self":[{"href":"https:\/\/elvacenter.com\/de\/wp-json\/wp\/v2\/pages\/24463","targetHints":{"allow":["GET"]}}],"collection":[{"href":"https:\/\/elvacenter.com\/de\/wp-json\/wp\/v2\/pages"}],"about":[{"href":"https:\/\/elvacenter.com\/de\/wp-json\/wp\/v2\/types\/page"}],"author":[{"embeddable":true,"href":"https:\/\/elvacenter.com\/de\/wp-json\/wp\/v2\/users\/1"}],"replies":[{"embeddable":true,"href":"https:\/\/elvacenter.com\/de\/wp-json\/wp\/v2\/comments?post=24463"}],"version-history":[{"count":9,"href":"https:\/\/elvacenter.com\/de\/wp-json\/wp\/v2\/pages\/24463\/revisions"}],"predecessor-version":[{"id":24562,"href":"https:\/\/elvacenter.com\/de\/wp-json\/wp\/v2\/pages\/24463\/revisions\/24562"}],"wp:attachment":[{"href":"https:\/\/elvacenter.com\/de\/wp-json\/wp\/v2\/media?parent=24463"}],"curies":[{"name":"wp","href":"https:\/\/api.w.org\/{rel}","templated":true}]}}