{"id":24262,"date":"2023-03-17T15:26:25","date_gmt":"2023-03-17T14:26:25","guid":{"rendered":"https:\/\/elvacenter.com\/?page_id=24262"},"modified":"2023-03-17T15:26:25","modified_gmt":"2023-03-17T14:26:25","slug":"kennenlernen-elvacenter","status":"publish","type":"page","link":"https:\/\/elvacenter.com\/de\/kennenlernen-elvacenter\/","title":{"rendered":"KENNENLERNEN ELVACENTER"},"content":{"rendered":"<div class=\"wpb-content-wrapper\"><p>[vc_row full_width=&#8221;stretch_row&#8221; el_class=&#8221;headerrij&#8221;][vc_column][vc_row_inner el_class=&#8221;blokheaderdonker&#8221;][vc_column_inner width=&#8221;1\/6&#8243;][\/vc_column_inner][vc_column_inner width=&#8221;2\/3&#8243;][vc_column_text css_animation=&#8221;fadeInUp&#8221;]<\/p>\n<h1 style=\"text-align: center;\">KENNENLERNEN ELVACENTER<\/h1>\n<h2 style=\"text-align: center;\">SICHERHEIT GEHT VOR! DESHALB GIBT ES ELVACENTER MIT EINEM QISS.<\/h2>\n<p>[\/vc_column_text][\/vc_column_inner][vc_column_inner width=&#8221;1\/6&#8243;][\/vc_column_inner][\/vc_row_inner][\/vc_column][\/vc_row][vc_row full_width=&#8221;stretch_row&#8221; content_placement=&#8221;middle&#8221; css=&#8221;.vc_custom_1646483107898{background-color: #eeeeee !important;}&#8221; el_class=&#8221;rij1&#8243;][vc_column width=&#8221;1\/2&#8243;][vc_single_image image=&#8221;24131&#8243; img_size=&#8221;full&#8221; alignment=&#8221;center&#8221; css_animation=&#8221;fadeIn&#8221;][\/vc_column][vc_column css_animation=&#8221;bounceInUp&#8221; width=&#8221;1\/2&#8243; css=&#8221;.vc_custom_1646619615963{padding-right: 70px !important;}&#8221; el_class=&#8221;tekstkolom&#8221;][vc_column_text css_animation=&#8221;fadeInUp&#8221;]<strong>Als Hersteller oder Installateur von Aufz\u00fcgen wissen Sie das besser als jeder andere: Verl\u00e4sslichkeit ist das Schl\u00fcsselwort. Sicherheit steht an erster Stelle, und der Fahrgast muss ihr blind vertrauen k\u00f6nnen. Bei Elvacenter k\u00f6nnen Sie deshalb auf QISS z\u00e4hlen.<\/strong><\/p>\n<h2>QUALIT\u00c4T, ENGAGEMENT UND TEMPO F\u00dcR DIE SICHERHEIT.<\/h2>\n<p>Quality, Involvement &#038; Speed for Safety. Oder: QISS. Aufz\u00fcge m\u00fcssen sicher sein und sicher bleiben. Mit Quality, Involvement and Speed tragen wir bei Elvacenter jeden Tag dazu bei. Wir liefern zuverl\u00e4ssige Aufzugs- und Fahrtreppenteile ausschlie\u00dflich von Qualit\u00e4tsmarken. Wir sind st\u00e4ndig &#8216;ON&#8217; f\u00fcr pers\u00f6nliche Beratung und technische Unterst\u00fctzung. Und wir liefern Ihre bestellten Teile schnell, blitzschnell oder eilig![\/vc_column_text][vc_btn title=&#8221;Lesen Sie mehr&#8221; style=&#8221;classic&#8221; shape=&#8221;square&#8221; link=&#8221;url:https%3A%2F%2Felvacenter.com%2Fde%2Fueber-uns%2F|title:About%20us&#8221;][\/vc_column][\/vc_row][vc_row full_width=&#8221;stretch_row&#8221; equal_height=&#8221;yes&#8221; content_placement=&#8221;middle&#8221; el_class=&#8221;rij1&#8243; css=&#8221;.vc_custom_1646164302647{background-color: #1a405a !important;}&#8221; el_id=&#8221;blokdonker&#8221;][vc_column css_animation=&#8221;fadeInUp&#8221;][vc_widget_sidebar sidebar_id=&#8221;logospartners&#8221;][\/vc_column][\/vc_row][vc_row el_class=&#8221;rij1&#8243; css=&#8221;.vc_custom_1646250702800{margin-bottom: 0px !important;padding-bottom: 0px !important;}&#8221;][vc_column css_animation=&#8221;fadeInUp&#8221;][vc_widget_sidebar sidebar_id=&#8221;contacttekst&#8221;][vc_widget_sidebar sidebar_id=&#8221;contactbuttons&#8221;][\/vc_column][\/vc_row]<\/p>\n<\/div>","protected":false},"excerpt":{"rendered":"<p>[vc_row full_width=&#8221;stretch_row&#8221; el_class=&#8221;headerrij&#8221;][vc_column][vc_row_inner el_class=&#8221;blokheaderdonker&#8221;][vc_column_inner width=&#8221;1\/6&#8243;][\/vc_column_inner][vc_column_inner width=&#8221;2\/3&#8243;][vc_column_text css_animation=&#8221;fadeInUp&#8221;] KENNENLERNEN ELVACENTER SICHERHEIT GEHT VOR! DESHALB GIBT ES ELVACENTER MIT EINEM QISS. [\/vc_column_text][\/vc_column_inner][vc_column_inner width=&#8221;1\/6&#8243;][\/vc_column_inner][\/vc_row_inner][\/vc_column][\/vc_row][vc_row full_width=&#8221;stretch_row&#8221; content_placement=&#8221;middle&#8221; css=&#8221;.vc_custom_1646483107898{background-color: #eeeeee !important;}&#8221; el_class=&#8221;rij1&#8243;][vc_column width=&#8221;1\/2&#8243;][vc_single_image image=&#8221;24131&#8243; img_size=&#8221;full&#8221; alignment=&#8221;center&#8221; css_animation=&#8221;fadeIn&#8221;][\/vc_column][vc_column css_animation=&#8221;bounceInUp&#8221; width=&#8221;1\/2&#8243; css=&#8221;.vc_custom_1646619615963{padding-right: 70px !important;}&#8221; el_class=&#8221;tekstkolom&#8221;][vc_column_text css_animation=&#8221;fadeInUp&#8221;]Als Hersteller oder Installateur von Aufz\u00fcgen wissen Sie das besser als jeder andere: Verl\u00e4sslichkeit ist das Schl\u00fcsselwort. [&hellip;]<\/p>\n","protected":false},"author":1,"featured_media":0,"parent":0,"menu_order":0,"comment_status":"closed","ping_status":"closed","template":"","meta":{"inline_featured_image":false,"footnotes":""},"class_list":["post-24262","page","type-page","status-publish","hentry"],"_links":{"self":[{"href":"https:\/\/elvacenter.com\/de\/wp-json\/wp\/v2\/pages\/24262","targetHints":{"allow":["GET"]}}],"collection":[{"href":"https:\/\/elvacenter.com\/de\/wp-json\/wp\/v2\/pages"}],"about":[{"href":"https:\/\/elvacenter.com\/de\/wp-json\/wp\/v2\/types\/page"}],"author":[{"embeddable":true,"href":"https:\/\/elvacenter.com\/de\/wp-json\/wp\/v2\/users\/1"}],"replies":[{"embeddable":true,"href":"https:\/\/elvacenter.com\/de\/wp-json\/wp\/v2\/comments?post=24262"}],"version-history":[{"count":2,"href":"https:\/\/elvacenter.com\/de\/wp-json\/wp\/v2\/pages\/24262\/revisions"}],"predecessor-version":[{"id":24264,"href":"https:\/\/elvacenter.com\/de\/wp-json\/wp\/v2\/pages\/24262\/revisions\/24264"}],"wp:attachment":[{"href":"https:\/\/elvacenter.com\/de\/wp-json\/wp\/v2\/media?parent=24262"}],"curies":[{"name":"wp","href":"https:\/\/api.w.org\/{rel}","templated":true}]}}