{"id":24256,"date":"2023-03-17T12:14:18","date_gmt":"2023-03-17T11:14:18","guid":{"rendered":"https:\/\/elvacenter.com\/?page_id=24256"},"modified":"2026-05-05T23:07:24","modified_gmt":"2026-05-05T21:07:24","slug":"vakanzen","status":"publish","type":"page","link":"https:\/\/elvacenter.com\/de\/vakanzen\/","title":{"rendered":"VAKANZEN"},"content":{"rendered":"<div class=\"wpb-content-wrapper\"><p>[vc_row full_width=&#8221;stretch_row&#8221; el_class=&#8221;headerrij&#8221;][vc_column][vc_row_inner el_class=&#8221;blokheaderdonker&#8221;][vc_column_inner width=&#8221;1\/6&#8243;][\/vc_column_inner][vc_column_inner width=&#8221;2\/3&#8243;][vc_column_text css_animation=&#8221;fadeInUp&#8221;]<\/p>\n<h1 style=\"text-align: center;\">VAKANZEN<\/h1>\n<h2 style=\"text-align: center;\">ARBEITEN BEI ELVACENTER?<\/h2>\n<p style=\"text-align: center;\">Elvacenter ist ein wachsendes Unternehmen. Wenn wir eine freie Stelle haben, werden wir sie hier ver\u00f6ffentlichen. Sind Sie auf der Suche nach einem guten Job? Schauen Sie regelm\u00e4\u00dfig auf diese Website und halten Sie ein Auge auf unsere sozialen Netzwerke.<\/p>\n<p>[\/vc_column_text][\/vc_column_inner][vc_column_inner width=&#8221;1\/6&#8243;][\/vc_column_inner][\/vc_row_inner][\/vc_column][\/vc_row][vc_row full_width=&#8221;stretch_row&#8221; css=&#8221;.vc_custom_1646160651924{background-color: #eeeeee !important;}&#8221; el_class=&#8221;rij1&#8243;][vc_column css_animation=&#8221;fadeInUp&#8221; width=&#8221;1\/6&#8243;][\/vc_column][vc_column width=&#8221;2\/3&#8243;][vc_row_inner][vc_column_inner width=&#8221;2\/3&#8243;][vc_column_text css=&#8221;&#8221;]<\/p>\n<h2>LOGISTIEK MEDEWERKER<br \/>\n(FULLTIME)<\/h2>\n<p><span style=\"color: #00a6d8!important;\"><strong><i class=\"fa-solid fa-location-dot\"><\/i> Locatie Belgi\u00eb<\/strong><\/span>[\/vc_column_text][\/vc_column_inner][vc_column_inner width=&#8221;1\/3&#8243;][vc_btn title=&#8221;Read more&#8221; style=&#8221;classic&#8221; shape=&#8221;square&#8221; css=&#8221;&#8221; link=&#8221;url:https%3A%2F%2Felvacenter.com%2Fnl%2Fvacatures%2Flogistiek-medewerker%2F&#8221;][\/vc_column_inner][\/vc_row_inner][vc_row_inner][vc_column_inner width=&#8221;2\/3&#8243;][vc_column_text css=&#8221;&#8221;]<\/p>\n<h2>COMMERCIEEL MEDEWERKER<br \/>\n(FULLTIME)<\/h2>\n<p><span style=\"color: #00a6d8!important;\"><strong><i class=\"fa-solid fa-location-dot\"><\/i> Locatie Nederland<\/strong><\/span>[\/vc_column_text][\/vc_column_inner][vc_column_inner width=&#8221;1\/3&#8243;][vc_btn title=&#8221;Read more&#8221; style=&#8221;classic&#8221; shape=&#8221;square&#8221; css=&#8221;&#8221; link=&#8221;url:https%3A%2F%2Felvacenter.com%2Fnl%2Fvacatures%2Fcommercieel-medewerker%2F&#8221;][\/vc_column_inner][\/vc_row_inner][vc_row_inner][vc_column_inner width=&#8221;2\/3&#8243;][vc_column_text]<\/p>\n<h2>COMMERCIEEL TECHNISCH ADVISEUR<br \/>\n(FULLTIME)<\/h2>\n<p><span style=\"color: #00a6d8!important;\"><strong><i class=\"fa-solid fa-location-dot\"><\/i> Locatie Nederland<\/strong><\/span>[\/vc_column_text][\/vc_column_inner][vc_column_inner width=&#8221;1\/3&#8243;][vc_btn title=&#8221;Read more&#8221; style=&#8221;classic&#8221; shape=&#8221;square&#8221; link=&#8221;url:https%3A%2F%2Felvacenter.com%2Fnl%2Fvacatures%2Fcommercieel-technisch-adviseur-nl%2F&#8221;][\/vc_column_inner][\/vc_row_inner][\/vc_column][vc_column width=&#8221;1\/6&#8243;][\/vc_column][\/vc_row][vc_row el_class=&#8221;rij1&#8243; css=&#8221;.vc_custom_1646250702800{margin-bottom: 0px !important;padding-bottom: 0px !important;}&#8221;][vc_column css_animation=&#8221;fadeInUp&#8221;][vc_widget_sidebar sidebar_id=&#8221;contacttekst&#8221;][vc_widget_sidebar sidebar_id=&#8221;contactbuttons&#8221;][\/vc_column][\/vc_row]<\/p>\n<\/div>","protected":false},"excerpt":{"rendered":"<p>[vc_row full_width=&#8221;stretch_row&#8221; el_class=&#8221;headerrij&#8221;][vc_column][vc_row_inner el_class=&#8221;blokheaderdonker&#8221;][vc_column_inner width=&#8221;1\/6&#8243;][\/vc_column_inner][vc_column_inner width=&#8221;2\/3&#8243;][vc_column_text css_animation=&#8221;fadeInUp&#8221;] VAKANZEN ARBEITEN BEI ELVACENTER? Elvacenter ist ein wachsendes Unternehmen. Wenn wir eine freie Stelle haben, werden wir sie hier ver\u00f6ffentlichen. Sind Sie auf der Suche nach einem guten Job? Schauen Sie regelm\u00e4\u00dfig auf diese Website und halten Sie ein Auge auf unsere sozialen Netzwerke. [\/vc_column_text][\/vc_column_inner][vc_column_inner width=&#8221;1\/6&#8243;][\/vc_column_inner][\/vc_row_inner][\/vc_column][\/vc_row][vc_row full_width=&#8221;stretch_row&#8221; css=&#8221;.vc_custom_1646160651924{background-color: [&hellip;]<\/p>\n","protected":false},"author":1,"featured_media":0,"parent":0,"menu_order":0,"comment_status":"closed","ping_status":"closed","template":"","meta":{"inline_featured_image":false,"footnotes":""},"class_list":["post-24256","page","type-page","status-publish","hentry"],"_links":{"self":[{"href":"https:\/\/elvacenter.com\/de\/wp-json\/wp\/v2\/pages\/24256","targetHints":{"allow":["GET"]}}],"collection":[{"href":"https:\/\/elvacenter.com\/de\/wp-json\/wp\/v2\/pages"}],"about":[{"href":"https:\/\/elvacenter.com\/de\/wp-json\/wp\/v2\/types\/page"}],"author":[{"embeddable":true,"href":"https:\/\/elvacenter.com\/de\/wp-json\/wp\/v2\/users\/1"}],"replies":[{"embeddable":true,"href":"https:\/\/elvacenter.com\/de\/wp-json\/wp\/v2\/comments?post=24256"}],"version-history":[{"count":24,"href":"https:\/\/elvacenter.com\/de\/wp-json\/wp\/v2\/pages\/24256\/revisions"}],"predecessor-version":[{"id":25561,"href":"https:\/\/elvacenter.com\/de\/wp-json\/wp\/v2\/pages\/24256\/revisions\/25561"}],"wp:attachment":[{"href":"https:\/\/elvacenter.com\/de\/wp-json\/wp\/v2\/media?parent=24256"}],"curies":[{"name":"wp","href":"https:\/\/api.w.org\/{rel}","templated":true}]}}