{"id":24222,"date":"2023-03-16T22:31:45","date_gmt":"2023-03-16T21:31:45","guid":{"rendered":"https:\/\/elvacenter.com\/?page_id=24222"},"modified":"2023-03-20T15:18:32","modified_gmt":"2023-03-20T14:18:32","slug":"elvaservice","status":"publish","type":"page","link":"https:\/\/elvacenter.com\/de\/elvaservice\/","title":{"rendered":"Elvaservice"},"content":{"rendered":"<div class=\"wpb-content-wrapper\"><p>[vc_row full_width=&#8221;stretch_row&#8221; el_class=&#8221;headerrij&#8221;][vc_column][vc_row_inner el_class=&#8221;blokheaderdonker&#8221;][vc_column_inner width=&#8221;1\/6&#8243;][\/vc_column_inner][vc_column_inner width=&#8221;2\/3&#8243;][vc_column_text css_animation=&#8221;fadeInUp&#8221;]<\/p>\n<h1 style=\"text-align: center;\">Elvaservice<\/h1>\n<h2 style=\"text-align: center;\">IMMER ERREICHBAR PER TELEFON, WHATSAPP UND E-MAIL<\/h2>\n<p>[\/vc_column_text][\/vc_column_inner][vc_column_inner width=&#8221;1\/6&#8243;][\/vc_column_inner][\/vc_row_inner][\/vc_column][\/vc_row][vc_row full_width=&#8221;stretch_row&#8221; content_placement=&#8221;middle&#8221; css=&#8221;.vc_custom_1646620061250{background-color: #eeeeee !important;}&#8221; el_class=&#8221;rij1&#8243;][vc_column width=&#8221;1\/2&#8243;][vc_single_image image=&#8221;24160&#8243; img_size=&#8221;full&#8221; alignment=&#8221;center&#8221; css_animation=&#8221;fadeIn&#8221;][\/vc_column][vc_column css_animation=&#8221;fadeInUp&#8221; width=&#8221;1\/2&#8243; css=&#8221;.vc_custom_1646649850051&#8243; el_class=&#8221;tekstkolom&#8221;][vc_column_text]<\/p>\n<h1>TECHNISCHE UNTERST\u00dcTZUNG<\/h1>\n<h2>SIE BEN\u00d6TIGEN PERS\u00d6NLICHE TECHNISCHE UNTERST\u00dcTZUNG? ANRUF, APP ODER E-MAIL!<\/h2>\n<p>Echter, unverf\u00e4lschter Service&#8230; Eine Frage stellen und eine schnelle Antwort bekommen&#8230; Vor einem Problem stehen und sofort Hilfe bekommen&#8230; Wo findet man das noch? Nun, bei ELVACENTER! Das m\u00fcssen Sie, denn in der Welt der Aufz\u00fcge dreht sich alles um Zuverl\u00e4ssigkeit und Sicherheit. Pers\u00f6nliche, technische Unterst\u00fctzung ist daher unverzichtbar.[\/vc_column_text][\/vc_column][\/vc_row][vc_row full_width=&#8221;stretch_row&#8221; content_placement=&#8221;middle&#8221; css=&#8221;.vc_custom_1646649880126{background-color: #ffffff !important;}&#8221; el_class=&#8221;rij1&#8243;][vc_column css_animation=&#8221;fadeInUp&#8221; width=&#8221;1\/2&#8243; el_class=&#8221;tekstkolom2&#8243;][vc_column_text]<\/p>\n<h1>PERSONALISIERTE L\u00d6SUNGEN<\/h1>\n<h2>BEI ELVACENTER DENKEN UND HANDELN WIR IN HERAUSFORDERUNGEN UND L\u00d6SUNGEN<\/h2>\n<p>Haben Sie eine solche Frage oder ein solches Problem? Suchen Sie nach einer ma\u00dfgeschneiderten L\u00f6sung f\u00fcr ein nicht standardisiertes Problem? Fragen Sie Elvacenter! Mit jahrzehntelanger Branchenerfahrung haben wir so gut wie jede Herausforderung schon einmal erlebt. Und haben immer wieder die richtige L\u00f6sung gefunden. Sie k\u00f6nnen uns jederzeit anrufen, anrufen oder eine E-Mail schicken, um sich beraten zu lassen. Genauso gerne helfen wir Ihnen aber auch vor Ort. Mit unserem internationalen Partnernetz sind wir immer in Ihrer N\u00e4he.[\/vc_column_text][vc_btn title=&#8221;Kontaktieren Sie uns&#8221; style=&#8221;classic&#8221; shape=&#8221;square&#8221; link=&#8221;url:https%3A%2F%2Felvacenter.com%2Fde%2F24225-2%2F|title:Contact&#8221;][\/vc_column][vc_column width=&#8221;1\/2&#8243;][vc_single_image image=&#8221;24158&#8243; img_size=&#8221;full&#8221; alignment=&#8221;center&#8221; css_animation=&#8221;fadeIn&#8221;][\/vc_column][\/vc_row][vc_row full_width=&#8221;stretch_row&#8221; content_placement=&#8221;middle&#8221; css=&#8221;.vc_custom_1646649886525{background-color: #eeeeee !important;}&#8221; el_class=&#8221;rij1&#8243;][vc_column width=&#8221;1\/2&#8243;][vc_single_image image=&#8221;24162&#8243; img_size=&#8221;full&#8221; alignment=&#8221;center&#8221; css_animation=&#8221;fadeIn&#8221;][\/vc_column][vc_column css_animation=&#8221;fadeInUp&#8221; width=&#8221;1\/2&#8243; css=&#8221;.vc_custom_1646649861549&#8243; el_class=&#8221;tekstkolom&#8221;][vc_column_text]<\/p>\n<h1>MODERNISIERUNG<\/h1>\n<h2>AUCH EIN AUFZUG KANN AB UND ZU EIN FACELIFTING GEBRAUCHEN<\/h2>\n<p>Elvacenter ist zwar unser neuer Firmenname, aber wir sind nicht neu in der Branche. Mehr als 6.500 (!) Aufzugsmodernisierungen k\u00f6nnen wir bereits vorweisen. Komplette Umbauten nach den modernsten Standards und neuesten Sicherheitsanforderungen. Ein Spezialgebiet f\u00fcr sich.[\/vc_column_text][vc_btn title=&#8221;Lesen Sie mehr&#8221; style=&#8221;classic&#8221; shape=&#8221;square&#8221; link=&#8221;url:https%3A%2F%2Felvacenter.com%2Fde%2Felvaservice%2Fmodernisation%2F|title:Contact&#8221;][\/vc_column][\/vc_row][vc_row full_width=&#8221;stretch_row&#8221; equal_height=&#8221;yes&#8221; content_placement=&#8221;middle&#8221; el_class=&#8221;rij1&#8243; css=&#8221;.vc_custom_1646164302647{background-color: #1a405a !important;}&#8221; el_id=&#8221;blokdonker&#8221;][vc_column css_animation=&#8221;fadeIn&#8221;][vc_widget_sidebar sidebar_id=&#8221;logospartners&#8221;][\/vc_column][\/vc_row][vc_row el_class=&#8221;rij1&#8243; css=&#8221;.vc_custom_1646250702800{margin-bottom: 0px !important;padding-bottom: 0px !important;}&#8221;][vc_column css_animation=&#8221;fadeInUp&#8221;][vc_widget_sidebar sidebar_id=&#8221;contacttekst&#8221;][vc_widget_sidebar sidebar_id=&#8221;contactbuttons&#8221;][\/vc_column][\/vc_row]<\/p>\n<\/div>","protected":false},"excerpt":{"rendered":"<p>[vc_row full_width=&#8221;stretch_row&#8221; el_class=&#8221;headerrij&#8221;][vc_column][vc_row_inner el_class=&#8221;blokheaderdonker&#8221;][vc_column_inner width=&#8221;1\/6&#8243;][\/vc_column_inner][vc_column_inner width=&#8221;2\/3&#8243;][vc_column_text css_animation=&#8221;fadeInUp&#8221;] Elvaservice IMMER ERREICHBAR PER TELEFON, WHATSAPP UND E-MAIL [\/vc_column_text][\/vc_column_inner][vc_column_inner width=&#8221;1\/6&#8243;][\/vc_column_inner][\/vc_row_inner][\/vc_column][\/vc_row][vc_row full_width=&#8221;stretch_row&#8221; content_placement=&#8221;middle&#8221; css=&#8221;.vc_custom_1646620061250{background-color: #eeeeee !important;}&#8221; el_class=&#8221;rij1&#8243;][vc_column width=&#8221;1\/2&#8243;][vc_single_image image=&#8221;24160&#8243; img_size=&#8221;full&#8221; alignment=&#8221;center&#8221; css_animation=&#8221;fadeIn&#8221;][\/vc_column][vc_column css_animation=&#8221;fadeInUp&#8221; width=&#8221;1\/2&#8243; css=&#8221;.vc_custom_1646649850051&#8243; el_class=&#8221;tekstkolom&#8221;][vc_column_text] TECHNISCHE UNTERST\u00dcTZUNG SIE BEN\u00d6TIGEN PERS\u00d6NLICHE TECHNISCHE UNTERST\u00dcTZUNG? ANRUF, APP ODER E-MAIL! Echter, unverf\u00e4lschter Service&#8230; Eine Frage stellen und eine schnelle Antwort bekommen&#8230; Vor [&hellip;]<\/p>\n","protected":false},"author":1,"featured_media":0,"parent":0,"menu_order":0,"comment_status":"closed","ping_status":"closed","template":"","meta":{"inline_featured_image":false,"footnotes":""},"class_list":["post-24222","page","type-page","status-publish","hentry"],"_links":{"self":[{"href":"https:\/\/elvacenter.com\/de\/wp-json\/wp\/v2\/pages\/24222","targetHints":{"allow":["GET"]}}],"collection":[{"href":"https:\/\/elvacenter.com\/de\/wp-json\/wp\/v2\/pages"}],"about":[{"href":"https:\/\/elvacenter.com\/de\/wp-json\/wp\/v2\/types\/page"}],"author":[{"embeddable":true,"href":"https:\/\/elvacenter.com\/de\/wp-json\/wp\/v2\/users\/1"}],"replies":[{"embeddable":true,"href":"https:\/\/elvacenter.com\/de\/wp-json\/wp\/v2\/comments?post=24222"}],"version-history":[{"count":4,"href":"https:\/\/elvacenter.com\/de\/wp-json\/wp\/v2\/pages\/24222\/revisions"}],"predecessor-version":[{"id":24280,"href":"https:\/\/elvacenter.com\/de\/wp-json\/wp\/v2\/pages\/24222\/revisions\/24280"}],"wp:attachment":[{"href":"https:\/\/elvacenter.com\/de\/wp-json\/wp\/v2\/media?parent=24222"}],"curies":[{"name":"wp","href":"https:\/\/api.w.org\/{rel}","templated":true}]}}